{"id":784527,"date":"2026-03-08T03:52:51","date_gmt":"2026-03-08T00:52:51","guid":{"rendered":"https:\/\/roveyayinevi.com.tr\/index.php\/urun\/yargi-silahilawfare-hukukun-siyasal-muhalefetin-yok-edilmesine-yonelik-silah-olarak-kullanimi\/"},"modified":"2026-04-15T03:47:41","modified_gmt":"2026-04-15T00:47:41","slug":"yargi-silahilawfare-hukukun-siyasal-muhalefetin-yok-edilmesine-yonelik-silah-olarak-kullanimi","status":"publish","type":"product","link":"https:\/\/roveyayinevi.com.tr\/index.php\/urun\/yargi-silahilawfare-hukukun-siyasal-muhalefetin-yok-edilmesine-yonelik-silah-olarak-kullanimi\/","title":{"rendered":"Yarg\u0131 Silah\u0131;Lawfare Hukukun Siyasal Muhalefetin Yok Edilmesine Y\u00f6nelik Silah Olarak Kullan\u0131m\u0131"},"content":{"rendered":"<p>Hukuk, adaletin teminat\u0131 m\u0131 yoksa siyasetin en etkili silah\u0131 m\u0131?Avukat Mehmet Pehlivan\u2019\u0131n kaleme ald\u0131\u011f\u0131 Yarg\u0131 Silah\u0131 (Lawfare) -Hukukun Siyasal Muhalefetin Yok Edilmesine Y\u00f6nelik Silah Olarak Kullan\u0131m\u0131, son y\u0131llarda d\u00fcnya siyasetinde giderek daha g\u00f6r\u00fcn\u00fcr hale gelen bir olguyu mercek alt\u0131na al\u0131yor: Hukukun, siyasal rakipleri etkisizle\u015ftirmek ve muhalefeti tasfiye etmek amac\u0131yla stratejik bi\u00e7imde kullan\u0131lmas\u0131. Pehlivan\u2019\u0131n bu \u00e7al\u0131\u015fmas\u0131 yarg\u0131, medya ve siyaset \u00fc\u00e7geninin nas\u0131l i\u015fledi\u011fini, hukuki s\u00fcre\u00e7lerin nas\u0131l siyasal sonu\u00e7lar \u00fcretmek \u00fczere kurgulanabildi\u011fini ortaya koyuyor. Ceza soru\u015fturmalar\u0131, tutuklamalar, itiraf mekanizmalar\u0131 ve kamuoyu m\u00fchendisli\u011fi \u00fczerinden \u015fekillenen bu yeni d\u00fczen, burada yal\u0131n ama sert bir analizle ele al\u0131n\u0131yor.\u0130stanbul B\u00fcy\u00fck\u015fehir Belediyesi ve CHP\u2019nin Cumhurba\u015fkan\u0131 Aday\u0131 Ekrem \u0130mamo\u011flu\u2019na y\u00f6nelik ger\u00e7ekle\u015ftirilen operasyonlar kapsam\u0131nda yarg\u0131lanan bir hukuk\u00e7unun kaleminden \u00e7\u0131kan kitap, &#8216;yarg\u0131 silah\u0131&#8217; tart\u0131\u015fmas\u0131n\u0131 soyut bir teori olmaktan \u00e7\u0131kararak do\u011frudan g\u00fcncel bir deneyimin i\u00e7inden konu\u015fuyor.Yarg\u0131 Silah\u0131 (Lawfare) &#8211; Hukukun Siyasal Muhalefetin Yok Edilmesine Y\u00f6nelik Silah Olarak Kullan\u0131m\u0131, adalet fikrinin s\u0131nand\u0131\u011f\u0131 bir \u00e7a\u011fda, hukukun bi\u00e7imi ile \u00f6z\u00fc aras\u0131ndaki gerilimi sorgulayan g\u00fc\u00e7l\u00fc bir metin. Hukukun siyasalla\u015ft\u0131\u011f\u0131 anlarda demokrasinin nas\u0131l darald\u0131\u011f\u0131n\u0131 anlamak isteyen herkes i\u00e7in\u2026<\/p>\n","protected":false},"excerpt":{"rendered":"<p>Hukuk, adaletin teminat\u0131 m\u0131 yoksa siyasetin en etkili silah\u0131 m\u0131?Avukat Mehmet Pehlivan\u2019\u0131n kaleme ald\u0131\u011f\u0131 Yarg\u0131 Silah\u0131 (Lawfare) -Hukukun Siyasal Muhalefetin Yok Edilmesine Y\u00f6nelik Silah Olarak Kullan\u0131m\u0131,<span class=\"excerpt-hellip\"> [\u2026]<\/span><\/p>\n","protected":false},"featured_media":0,"template":"","meta":{"_monsterinsights_skip_tracking":false,"_monsterinsights_sitenote_active":false,"_monsterinsights_sitenote_note":"","_monsterinsights_sitenote_category":0},"product_brand":[],"product_cat":[12337,14543],"product_tag":[],"class_list":{"0":"post-784527","1":"product","2":"type-product","3":"status-publish","5":"product_cat-politika-siyaset","6":"product_cat-turkiye-siyaseti-ve-politikasi","7":"pa_cilt-ciltsiz","8":"pa_tur-kitap","9":"pa_yayinevi-kirmizi-kedi-yayinevi","10":"pa_yazar-mehmet-pehlivan","12":"first","13":"instock","14":"sale","15":"shipping-taxable","16":"purchasable","17":"product-type-simple"},"_links":{"self":[{"href":"https:\/\/roveyayinevi.com.tr\/index.php\/wp-json\/wp\/v2\/product\/784527","targetHints":{"allow":["GET"]}}],"collection":[{"href":"https:\/\/roveyayinevi.com.tr\/index.php\/wp-json\/wp\/v2\/product"}],"about":[{"href":"https:\/\/roveyayinevi.com.tr\/index.php\/wp-json\/wp\/v2\/types\/product"}],"wp:attachment":[{"href":"https:\/\/roveyayinevi.com.tr\/index.php\/wp-json\/wp\/v2\/media?parent=784527"}],"wp:term":[{"taxonomy":"product_brand","embeddable":true,"href":"https:\/\/roveyayinevi.com.tr\/index.php\/wp-json\/wp\/v2\/product_brand?post=784527"},{"taxonomy":"product_cat","embeddable":true,"href":"https:\/\/roveyayinevi.com.tr\/index.php\/wp-json\/wp\/v2\/product_cat?post=784527"},{"taxonomy":"product_tag","embeddable":true,"href":"https:\/\/roveyayinevi.com.tr\/index.php\/wp-json\/wp\/v2\/product_tag?post=784527"}],"curies":[{"name":"wp","href":"https:\/\/api.w.org\/{rel}","templated":true}]}}