{"id":784526,"date":"2026-03-08T03:52:49","date_gmt":"2026-03-08T00:52:49","guid":{"rendered":"https:\/\/roveyayinevi.com.tr\/index.php\/urun\/intihar-susu\/"},"modified":"2026-04-15T03:47:41","modified_gmt":"2026-04-15T00:47:41","slug":"intihar-susu","status":"publish","type":"product","link":"https:\/\/roveyayinevi.com.tr\/index.php\/urun\/intihar-susu\/","title":{"rendered":"\u0130ntihar S\u00fcs\u00fc"},"content":{"rendered":"<p>orada, dar ge\u00e7itte, ak\u015fam\u0131n bir yerindeayin ba\u015flam\u0131\u015ft\u0131, \u00fcrpertili koro ve a\u00e7lartopra\u011f\u0131ma d\u00fc\u015fer gibisin bir resimdenk\u00f6klerimdin, \u00fclkem sen\u2026kolayca imha edilebilecek bir \u015fey \u00f6r\u00fcmcek, ince tel bacakba\u015f\u0131 yok derler bilmiyorum, olmad\u0131\u011f\u0131 i\u00e7in ne g\u00fczel,hi\u00e7bir zaman giyotine vurulmayacak!<\/p>\n","protected":false},"excerpt":{"rendered":"<p>orada, dar ge\u00e7itte, ak\u015fam\u0131n bir yerindeayin ba\u015flam\u0131\u015ft\u0131, \u00fcrpertili koro ve a\u00e7lartopra\u011f\u0131ma d\u00fc\u015fer gibisin bir resimdenk\u00f6klerimdin, \u00fclkem sen\u2026kolayca imha edilebilecek bir \u015fey \u00f6r\u00fcmcek, ince tel bacakba\u015f\u0131 yok<span class=\"excerpt-hellip\"> [\u2026]<\/span><\/p>\n","protected":false},"featured_media":0,"template":"","meta":{"_monsterinsights_skip_tracking":false,"_monsterinsights_sitenote_active":false,"_monsterinsights_sitenote_note":"","_monsterinsights_sitenote_category":0},"product_brand":[],"product_cat":[12291,12509],"product_tag":[],"class_list":{"0":"post-784526","1":"product","2":"type-product","3":"status-publish","5":"product_cat-edebiyat","6":"product_cat-siir","7":"pa_cilt-ciltsiz","8":"pa_tur-kitap","9":"pa_yayinevi-kirmizi-kedi-yayinevi","10":"pa_yazar-onur-caymaz","12":"first","13":"instock","14":"sale","15":"shipping-taxable","16":"purchasable","17":"product-type-simple"},"_links":{"self":[{"href":"https:\/\/roveyayinevi.com.tr\/index.php\/wp-json\/wp\/v2\/product\/784526","targetHints":{"allow":["GET"]}}],"collection":[{"href":"https:\/\/roveyayinevi.com.tr\/index.php\/wp-json\/wp\/v2\/product"}],"about":[{"href":"https:\/\/roveyayinevi.com.tr\/index.php\/wp-json\/wp\/v2\/types\/product"}],"wp:attachment":[{"href":"https:\/\/roveyayinevi.com.tr\/index.php\/wp-json\/wp\/v2\/media?parent=784526"}],"wp:term":[{"taxonomy":"product_brand","embeddable":true,"href":"https:\/\/roveyayinevi.com.tr\/index.php\/wp-json\/wp\/v2\/product_brand?post=784526"},{"taxonomy":"product_cat","embeddable":true,"href":"https:\/\/roveyayinevi.com.tr\/index.php\/wp-json\/wp\/v2\/product_cat?post=784526"},{"taxonomy":"product_tag","embeddable":true,"href":"https:\/\/roveyayinevi.com.tr\/index.php\/wp-json\/wp\/v2\/product_tag?post=784526"}],"curies":[{"name":"wp","href":"https:\/\/api.w.org\/{rel}","templated":true}]}}