{"id":784524,"date":"2026-03-08T03:52:44","date_gmt":"2026-03-08T00:52:44","guid":{"rendered":"https:\/\/roveyayinevi.com.tr\/index.php\/urun\/aydin-uzerine-tezler-3\/"},"modified":"2026-04-15T03:47:41","modified_gmt":"2026-04-15T00:47:41","slug":"aydin-uzerine-tezler-3","status":"publish","type":"product","link":"https:\/\/roveyayinevi.com.tr\/index.php\/urun\/aydin-uzerine-tezler-3\/","title":{"rendered":"Ayd\u0131n \u00dczerine Tezler &#8211; 3"},"content":{"rendered":"<p>\u201cAyd\u0131na ya\u015f\u0131, \u2018ka\u00e7 y\u0131ll\u0131k inad\u0131n var?\u2019 bi\u00e7iminde sorulmal\u0131d\u0131r. \u0130nat, ayd\u0131n\u0131n bir niteli\u011fi olmaktan \u00e7\u0131kar\u0131larak ayd\u0131n\u0131n tan\u0131m\u0131 haline getirilmelidir.\u201d Ayd\u0131n\u2019\u0131, i\u00e7 sava\u015flar\u0131n ve onar y\u0131ll\u0131k k\u0131r\u0131lmalar\u0131n e\u015fi\u011finde ele alan K\u00fc\u00e7\u00fck, bu sefer merce\u011fini Cumhuriyet\u2019in kurucu ku\u015fa\u011f\u0131na, bu ku\u015fa\u011f\u0131n mayaland\u0131\u011f\u0131 d\u00fcnyan\u0131n iklimine ve Cumhuriyet\u2019in ilk ku\u015fak ayd\u0131n\u0131n\u0131n olu\u015fum s\u00fcrecine odakl\u0131yor. D\u00fczenin yerle\u015fmesiyle beraber, Ayd\u0131n\u2019\u0131n aran\u0131\u015f\u0131na darbeler vuruluyor. Ufku daralt\u0131l\u0131yor. So\u011fuk Sava\u015f\u2019\u0131n ideolojik \u015fiddetiyle radikalizmi t\u00f6rp\u00fclenen T\u00fcrk Ayd\u0131n\u2019\u0131n\u0131n g\u00f6r\u00fcn\u00fcmlerini, bir ihtilal okulu olan \u0130ttihat ve Terakki\u2019nin teorik olarak \u201cs\u0131\u011f\u201d ama pratikte \u201ctutkulu\u201d iklimini, Sivas Kongresi\u2019nin ve Milli M\u00fccadele\u2019nin kendini kurmak zorunda kald\u0131\u011f\u0131 zemini, belki de Ayd\u0131n\u2019\u0131 So\u011fuk Sava\u015f \u00f6ncesi son kez devrimci bir inatla sarsmak i\u00e7in \u00e7abalayan N\u00e2z\u0131m\u2019\u0131, Ayd\u0131n\u2019a y\u00fcklenen \u201ck\u00f6yc\u00fcl\u00fck\u201d zehrini K\u00fc\u00e7\u00fck\u2019\u00fcn edebi de\u011feri y\u00fcksek, zihinde saikalar patlatan kaleminden okuyacaks\u0131n\u0131z. Ayd\u0131n \u00dczerine Tezler 3, yarat\u0131c\u0131 patlamalar i\u00e7in bir kez daha tart\u0131\u015fmaya \u00e7a\u011f\u0131r\u0131yor.<\/p>\n","protected":false},"excerpt":{"rendered":"<p>\u201cAyd\u0131na ya\u015f\u0131, \u2018ka\u00e7 y\u0131ll\u0131k inad\u0131n var?\u2019 bi\u00e7iminde sorulmal\u0131d\u0131r. \u0130nat, ayd\u0131n\u0131n bir niteli\u011fi olmaktan \u00e7\u0131kar\u0131larak ayd\u0131n\u0131n tan\u0131m\u0131 haline getirilmelidir.\u201d Ayd\u0131n\u2019\u0131, i\u00e7 sava\u015flar\u0131n ve onar y\u0131ll\u0131k k\u0131r\u0131lmalar\u0131n e\u015fi\u011finde<span class=\"excerpt-hellip\"> [\u2026]<\/span><\/p>\n","protected":false},"featured_media":0,"template":"","meta":{"_monsterinsights_skip_tracking":false,"_monsterinsights_sitenote_active":false,"_monsterinsights_sitenote_note":"","_monsterinsights_sitenote_category":0},"product_brand":[],"product_cat":[31194,12337],"product_tag":[],"class_list":{"0":"post-784524","1":"product","2":"type-product","3":"status-publish","5":"product_cat-guncel-siyaset","6":"product_cat-politika-siyaset","7":"pa_cilt-ciltsiz","8":"pa_tur-kitap","9":"pa_yayinevi-kirmizi-kedi-yayinevi","10":"pa_yazar-yalcin-kucuk","12":"first","13":"instock","14":"sale","15":"shipping-taxable","16":"purchasable","17":"product-type-simple"},"_links":{"self":[{"href":"https:\/\/roveyayinevi.com.tr\/index.php\/wp-json\/wp\/v2\/product\/784524","targetHints":{"allow":["GET"]}}],"collection":[{"href":"https:\/\/roveyayinevi.com.tr\/index.php\/wp-json\/wp\/v2\/product"}],"about":[{"href":"https:\/\/roveyayinevi.com.tr\/index.php\/wp-json\/wp\/v2\/types\/product"}],"wp:attachment":[{"href":"https:\/\/roveyayinevi.com.tr\/index.php\/wp-json\/wp\/v2\/media?parent=784524"}],"wp:term":[{"taxonomy":"product_brand","embeddable":true,"href":"https:\/\/roveyayinevi.com.tr\/index.php\/wp-json\/wp\/v2\/product_brand?post=784524"},{"taxonomy":"product_cat","embeddable":true,"href":"https:\/\/roveyayinevi.com.tr\/index.php\/wp-json\/wp\/v2\/product_cat?post=784524"},{"taxonomy":"product_tag","embeddable":true,"href":"https:\/\/roveyayinevi.com.tr\/index.php\/wp-json\/wp\/v2\/product_tag?post=784524"}],"curies":[{"name":"wp","href":"https:\/\/api.w.org\/{rel}","templated":true}]}}