{"id":784522,"date":"2026-03-08T02:40:21","date_gmt":"2026-03-07T23:40:21","guid":{"rendered":"https:\/\/roveyayinevi.com.tr\/index.php\/urun\/yirmi-5-april\/"},"modified":"2026-04-03T02:35:37","modified_gmt":"2026-04-02T23:35:37","slug":"yirmi-5-april","status":"publish","type":"product","link":"https:\/\/roveyayinevi.com.tr\/index.php\/urun\/yirmi-5-april\/","title":{"rendered":"Yirmi 5 April"},"content":{"rendered":"<p>Sorunumun t\u00fcm insanl\u0131\u011f\u0131n sorunu, t\u00fcm ya\u015fam\u0131n ve felsefenin sorunu oldu\u011funu kavram\u0131\u015ft\u0131m; bu kavray\u0131\u015f, ans\u0131z\u0131n bir g\u00f6lge gibi ge\u00e7ti \u00fcst\u00fcmden. Alabildi\u011fine ki\u015fisel ya\u015fam\u0131m\u0131n ve d\u00fc\u015f\u00fcn\u00fc\u015f\u00fcm\u00fcn, o b\u00fcy\u00fck sinir sisteminin ezeli ve ebedi \u0131rma\u011f\u0131nda \u00e7ok k\u00f6kl\u00fc bir pay sahibi oldu\u011funu birdenbire g\u00f6r\u00fcp hissetmem, korkularla, derin bir sayg\u0131yla doldurdu hacmimi.K\u00fc\u00e7\u00fck \u0130skender, her yeni bask\u0131da b\u00f6l\u00fcmler ekledi\u011fi yirmi5april\u2019i s\u00fcrekli geli\u015fen bir organik metin, masal \u015fiir olarak tan\u0131mlam\u0131\u015ft\u0131. Gen\u00e7lere ve yeti\u015fkinlere adanm\u0131\u015f bu ayart\u0131c\u0131 masallar yeralt\u0131n\u0131, yaln\u0131zl\u0131klar\u0131, \u00f6l\u00fcmc\u00fcl g\u00fczellikleri, tehlikeli ke\u015fifleri, t\u00fcm de\u011ferlere meydan okumay\u0131 konu al\u0131yor. <\/p>\n","protected":false},"excerpt":{"rendered":"<p>Sorunumun t\u00fcm insanl\u0131\u011f\u0131n sorunu, t\u00fcm ya\u015fam\u0131n ve felsefenin sorunu oldu\u011funu kavram\u0131\u015ft\u0131m; bu kavray\u0131\u015f, ans\u0131z\u0131n bir g\u00f6lge gibi ge\u00e7ti \u00fcst\u00fcmden. Alabildi\u011fine ki\u015fisel ya\u015fam\u0131m\u0131n ve d\u00fc\u015f\u00fcn\u00fc\u015f\u00fcm\u00fcn, o b\u00fcy\u00fck<span class=\"excerpt-hellip\"> [\u2026]<\/span><\/p>\n","protected":false},"featured_media":0,"template":"","meta":{"_monsterinsights_skip_tracking":false,"_monsterinsights_sitenote_active":false,"_monsterinsights_sitenote_note":"","_monsterinsights_sitenote_category":0},"product_brand":[],"product_cat":[12291,12509],"product_tag":[],"class_list":{"0":"post-784522","1":"product","2":"type-product","3":"status-publish","5":"product_cat-edebiyat","6":"product_cat-siir","7":"pa_cilt-ciltsiz","8":"pa_tur-kitap","9":"pa_yayinevi-can-yayinlari","10":"pa_yazar-kucuk-iskender","12":"first","13":"instock","14":"sale","15":"shipping-taxable","16":"purchasable","17":"product-type-simple"},"_links":{"self":[{"href":"https:\/\/roveyayinevi.com.tr\/index.php\/wp-json\/wp\/v2\/product\/784522","targetHints":{"allow":["GET"]}}],"collection":[{"href":"https:\/\/roveyayinevi.com.tr\/index.php\/wp-json\/wp\/v2\/product"}],"about":[{"href":"https:\/\/roveyayinevi.com.tr\/index.php\/wp-json\/wp\/v2\/types\/product"}],"wp:attachment":[{"href":"https:\/\/roveyayinevi.com.tr\/index.php\/wp-json\/wp\/v2\/media?parent=784522"}],"wp:term":[{"taxonomy":"product_brand","embeddable":true,"href":"https:\/\/roveyayinevi.com.tr\/index.php\/wp-json\/wp\/v2\/product_brand?post=784522"},{"taxonomy":"product_cat","embeddable":true,"href":"https:\/\/roveyayinevi.com.tr\/index.php\/wp-json\/wp\/v2\/product_cat?post=784522"},{"taxonomy":"product_tag","embeddable":true,"href":"https:\/\/roveyayinevi.com.tr\/index.php\/wp-json\/wp\/v2\/product_tag?post=784522"}],"curies":[{"name":"wp","href":"https:\/\/api.w.org\/{rel}","templated":true}]}}