{"id":784519,"date":"2026-03-07T04:22:28","date_gmt":"2026-03-07T01:22:28","guid":{"rendered":"https:\/\/roveyayinevi.com.tr\/index.php\/urun\/akademik-okumalar-i\/"},"modified":"2026-04-15T03:48:36","modified_gmt":"2026-04-15T00:48:36","slug":"akademik-okumalar-i","status":"publish","type":"product","link":"https:\/\/roveyayinevi.com.tr\/index.php\/urun\/akademik-okumalar-i\/","title":{"rendered":"Akademik Okumalar I"},"content":{"rendered":"<p>Akademik Okumalar I\u2019de, Frans\u0131z Dili ve Edebiyat\u0131 alan\u0131nda \u00e7ok say\u0131da \u00e7al\u0131\u015fmas\u0131 bulunan Prof. Dr. Ayten Er\u2019in farkl\u0131 y\u0131llarda kitap ve dergilerde yay\u0131mlanan makaleleri bir se\u00e7ki h\u00e2linde bir arada sunulmaktad\u0131r. Kitapta Mende Nazer\u2019in K\u00f6le\u2019sinden Marguerite Duras\u2019\u0131n Konsolos Yard\u0131mc\u0131s\u0131\u2019na, Philippe Claudel\u2019in Bay Linh ve Torunu\u2019ndan Jean Giono\u2019nun B\u00fcy\u00fck S\u00fcr\u00fc\u2019s\u00fcne 12 farkl\u0131 \u00e7al\u0131\u015fma yer almaktad\u0131r.<\/p>\n","protected":false},"excerpt":{"rendered":"<p>Akademik Okumalar I\u2019de, Frans\u0131z Dili ve Edebiyat\u0131 alan\u0131nda \u00e7ok say\u0131da \u00e7al\u0131\u015fmas\u0131 bulunan Prof. Dr. Ayten Er\u2019in farkl\u0131 y\u0131llarda kitap ve dergilerde yay\u0131mlanan makaleleri bir se\u00e7ki h\u00e2linde<span class=\"excerpt-hellip\"> [\u2026]<\/span><\/p>\n","protected":false},"featured_media":0,"template":"","meta":{"_monsterinsights_skip_tracking":false,"_monsterinsights_sitenote_active":false,"_monsterinsights_sitenote_note":"","_monsterinsights_sitenote_category":0},"product_brand":[],"product_cat":[141304],"product_tag":[],"class_list":{"0":"post-784519","1":"product","2":"type-product","3":"status-publish","5":"product_cat-yeni-cikanlar","6":"pa_cilt-ciltsiz","7":"pa_tur-kitap","8":"pa_yayinevi-bilgin-kultur-sanat","9":"pa_yazar-ayten-er","11":"first","12":"instock","13":"sale","14":"shipping-taxable","15":"purchasable","16":"product-type-simple"},"_links":{"self":[{"href":"https:\/\/roveyayinevi.com.tr\/index.php\/wp-json\/wp\/v2\/product\/784519","targetHints":{"allow":["GET"]}}],"collection":[{"href":"https:\/\/roveyayinevi.com.tr\/index.php\/wp-json\/wp\/v2\/product"}],"about":[{"href":"https:\/\/roveyayinevi.com.tr\/index.php\/wp-json\/wp\/v2\/types\/product"}],"wp:attachment":[{"href":"https:\/\/roveyayinevi.com.tr\/index.php\/wp-json\/wp\/v2\/media?parent=784519"}],"wp:term":[{"taxonomy":"product_brand","embeddable":true,"href":"https:\/\/roveyayinevi.com.tr\/index.php\/wp-json\/wp\/v2\/product_brand?post=784519"},{"taxonomy":"product_cat","embeddable":true,"href":"https:\/\/roveyayinevi.com.tr\/index.php\/wp-json\/wp\/v2\/product_cat?post=784519"},{"taxonomy":"product_tag","embeddable":true,"href":"https:\/\/roveyayinevi.com.tr\/index.php\/wp-json\/wp\/v2\/product_tag?post=784519"}],"curies":[{"name":"wp","href":"https:\/\/api.w.org\/{rel}","templated":true}]}}