{"id":784518,"date":"2026-03-07T04:22:25","date_gmt":"2026-03-07T01:22:25","guid":{"rendered":"https:\/\/roveyayinevi.com.tr\/index.php\/urun\/bir-ask-gibiydi-ogretmenilk\/"},"modified":"2026-04-15T03:48:36","modified_gmt":"2026-04-15T00:48:36","slug":"bir-ask-gibiydi-ogretmenilk","status":"publish","type":"product","link":"https:\/\/roveyayinevi.com.tr\/index.php\/urun\/bir-ask-gibiydi-ogretmenilk\/","title":{"rendered":"Bir A\u015fk Gibiydi \u00d6\u011fretmenilk"},"content":{"rendered":"<p>1959 y\u0131l\u0131nda Artvin\u2019in Merkez \u0130l\u00e7e Yukar\u0131maden K\u00f6y\u00fc\u2019ne (Eski Ad\u0131 Hod) ba\u011fl\u0131 bir mezrada, ren\u00e7per bir baban\u0131n ve ev kad\u0131n\u0131 bir annenin d\u00f6rd\u00fcnc\u00fc \u00e7ocu\u011fu olarak do\u011fmu\u015fum. \u0130ki k\u0131z, \u00fc\u00e7 erkek, toplam be\u015f karde\u015fiz. \u0130lkokul 1. S\u0131n\u0131f\u0131 k\u00f6y\u00fcm\u00fcn Merkez \u0130lkokulu\u2019nda, bir e\u011fitmende okudum. 2, 3, 4 ve 5. S\u0131n\u0131flar\u0131 ise bir mezra okulu olan Cartiyet \u0130lkokulu\u2019nda okudum. Ortaokul \u00f6\u011frenimimi Murgul\u2019da Damar Ortaokulu\u2019nda tamamlad\u0131m. O okulun ilk mezunlar\u0131ndan\u0131m. 1972-73 E\u011fitim-\u00d6\u011fretim Y\u0131l\u0131nda Artvin \u00d6\u011fretmen Okulu\u2019na girdim. D\u00f6rt y\u0131l s\u00fcren \u00f6\u011frenimimin ard\u0131ndan 1976 y\u0131l\u0131nda bu okuldan mezun oldum ve ayn\u0131 y\u0131l g\u00f6reve ba\u015flad\u0131m. \u0130lk atama ve g\u00f6rev yerim Rize\u2019nin Kendirli Kasabas\u0131\u2019nda bulunan Kendirli \u0130lkokulu\u2019dur. \u0130kinci y\u0131l\u0131mda Pazar \u0130l\u00e7esi T\u00fct\u00fcnc\u00fcler K\u00f6y\u00fc \u0130lkokulu\u2019na atand\u0131m. Buradaki d\u00f6rt y\u0131l\u0131n ard\u0131ndan, 1981 y\u0131l\u0131nda Kocaeli\u2019ye tayin oldum ve emeklili\u011fime kadar da Kocaeli ilinde; s\u0131ras\u0131yla Kand\u0131ra, Kartepe, \u0130zmit, Derince ve K\u00f6rfez il\u00e7elerinde \u00e7al\u0131\u015ft\u0131m. \u00d6\u011fretmenlik g\u00f6revime devam ederken Anadolu \u00dcniversitesi A\u00e7\u0131k \u00d6\u011fretim Fak\u00fcltesi\u2019nde E\u011fitim Bilimleri alan\u0131nda \u00d6n Lisans\u0131m\u0131 yapt\u0131m. \u00c7a\u011fda\u015f ve laik e\u011fitime, bilime ve bilgiye adanm\u0131\u015f k\u0131rk \u00fc\u00e7 y\u0131l\u0131n ard\u0131ndan, 2019 y\u0131l\u0131nda emekli oldum. Bug\u00fcn iki o\u011flum ve \u00fc\u00e7 torunumun yan\u0131 s\u0131ra k\u0131rk \u00fc\u00e7 y\u0131l boyunca hayatlar\u0131na dokundu\u011fum y\u00fczlerce ve hatta binlerce mezun \u00f6\u011frencim var. Kocaeli\u2019nin Derince il\u00e7esinde ya\u015famaktay\u0131m.<\/p>\n","protected":false},"excerpt":{"rendered":"<p>1959 y\u0131l\u0131nda Artvin\u2019in Merkez \u0130l\u00e7e Yukar\u0131maden K\u00f6y\u00fc\u2019ne (Eski Ad\u0131 Hod) ba\u011fl\u0131 bir mezrada, ren\u00e7per bir baban\u0131n ve ev kad\u0131n\u0131 bir annenin d\u00f6rd\u00fcnc\u00fc \u00e7ocu\u011fu olarak do\u011fmu\u015fum. \u0130ki<span class=\"excerpt-hellip\"> [\u2026]<\/span><\/p>\n","protected":false},"featured_media":0,"template":"","meta":{"_monsterinsights_skip_tracking":false,"_monsterinsights_sitenote_active":false,"_monsterinsights_sitenote_note":"","_monsterinsights_sitenote_category":0},"product_brand":[],"product_cat":[14009,12291],"product_tag":[],"class_list":{"0":"post-784518","1":"product","2":"type-product","3":"status-publish","5":"product_cat-biyografi-otobiyografi-edebiyat","6":"product_cat-edebiyat","7":"pa_cilt-ciltsiz","8":"pa_tur-kitap","9":"pa_yayinevi-bilgin-kultur-sanat","10":"pa_yazar-osman-akman","12":"first","13":"instock","14":"sale","15":"shipping-taxable","16":"purchasable","17":"product-type-simple"},"_links":{"self":[{"href":"https:\/\/roveyayinevi.com.tr\/index.php\/wp-json\/wp\/v2\/product\/784518","targetHints":{"allow":["GET"]}}],"collection":[{"href":"https:\/\/roveyayinevi.com.tr\/index.php\/wp-json\/wp\/v2\/product"}],"about":[{"href":"https:\/\/roveyayinevi.com.tr\/index.php\/wp-json\/wp\/v2\/types\/product"}],"wp:attachment":[{"href":"https:\/\/roveyayinevi.com.tr\/index.php\/wp-json\/wp\/v2\/media?parent=784518"}],"wp:term":[{"taxonomy":"product_brand","embeddable":true,"href":"https:\/\/roveyayinevi.com.tr\/index.php\/wp-json\/wp\/v2\/product_brand?post=784518"},{"taxonomy":"product_cat","embeddable":true,"href":"https:\/\/roveyayinevi.com.tr\/index.php\/wp-json\/wp\/v2\/product_cat?post=784518"},{"taxonomy":"product_tag","embeddable":true,"href":"https:\/\/roveyayinevi.com.tr\/index.php\/wp-json\/wp\/v2\/product_tag?post=784518"}],"curies":[{"name":"wp","href":"https:\/\/api.w.org\/{rel}","templated":true}]}}