{"id":784516,"date":"2026-03-07T04:22:21","date_gmt":"2026-03-07T01:22:21","guid":{"rendered":"https:\/\/roveyayinevi.com.tr\/index.php\/urun\/ahter\/"},"modified":"2026-04-15T03:48:35","modified_gmt":"2026-04-15T00:48:35","slug":"ahter","status":"publish","type":"product","link":"https:\/\/roveyayinevi.com.tr\/index.php\/urun\/ahter\/","title":{"rendered":"Ahter"},"content":{"rendered":"<p>Baz\u0131 kar\u015f\u0131la\u015fmalar tesad\u00fcf de\u011fildir. Baz\u0131 \u00e7a\u011fr\u0131lar ise yery\u00fcz\u00fcne ait de\u011fildir\u2026 Adin, s\u0131radan bir s\u0131n\u0131f \u00f6\u011fretmeni oldu\u011funu san\u0131yordu. Ta ki bir ak\u015fam, duas\u0131n\u0131n ard\u0131ndan kap\u0131s\u0131nda Aren&#8217;i g\u00f6rene kadar.  G\u00f6ky\u00fcz\u00fcn\u00fcn varisi, onu yaln\u0131zca bir yolculu\u011fa de\u011fil, kaderine \u00e7a\u011f\u0131r\u0131yordu. G\u00f6ky\u00fcz\u00fcnde krali\u00e7e olman\u0131n bir bedeli vard\u0131. Ve bu bedel, bir yery\u00fcz\u00fc k\u0131z\u0131n\u0131n kalbinden ge\u00e7iyordu. Anla\u015fma ile ba\u015flayan bir evlilik, iki farkl\u0131 d\u00fcnyan\u0131n kesi\u015fti\u011fi bir kader ve zamanla ger\u00e7e\u011fe d\u00f6n\u00fc\u015fen bir ba\u011f\u2026 Ahter, g\u00f6ky\u00fcz\u00fc ile yery\u00fcz\u00fc aras\u0131nda s\u0131k\u0131\u015fm\u0131\u015f bir a\u015fk\u0131n; kader ile \u00f6zg\u00fcrl\u00fck aras\u0131ndaki ince \u00e7izgide y\u00fcr\u00fcyen bir k\u0131z\u0131n hik\u00e2yesi.<\/p>\n","protected":false},"excerpt":{"rendered":"<p>Baz\u0131 kar\u015f\u0131la\u015fmalar tesad\u00fcf de\u011fildir. Baz\u0131 \u00e7a\u011fr\u0131lar ise yery\u00fcz\u00fcne ait de\u011fildir\u2026 Adin, s\u0131radan bir s\u0131n\u0131f \u00f6\u011fretmeni oldu\u011funu san\u0131yordu. Ta ki bir ak\u015fam, duas\u0131n\u0131n ard\u0131ndan kap\u0131s\u0131nda Aren&#8217;i g\u00f6rene<span class=\"excerpt-hellip\"> [\u2026]<\/span><\/p>\n","protected":false},"featured_media":0,"template":"","meta":{"_monsterinsights_skip_tracking":false,"_monsterinsights_sitenote_active":false,"_monsterinsights_sitenote_note":"","_monsterinsights_sitenote_category":0},"product_brand":[],"product_cat":[141304],"product_tag":[],"class_list":{"0":"post-784516","1":"product","2":"type-product","3":"status-publish","5":"product_cat-yeni-cikanlar","6":"pa_cilt-ciltsiz","7":"pa_tur-kitap","8":"pa_yayinevi-eldra-yayinlari","9":"pa_yazar-senanur-sahin","11":"first","12":"instock","13":"sale","14":"shipping-taxable","15":"purchasable","16":"product-type-simple"},"_links":{"self":[{"href":"https:\/\/roveyayinevi.com.tr\/index.php\/wp-json\/wp\/v2\/product\/784516","targetHints":{"allow":["GET"]}}],"collection":[{"href":"https:\/\/roveyayinevi.com.tr\/index.php\/wp-json\/wp\/v2\/product"}],"about":[{"href":"https:\/\/roveyayinevi.com.tr\/index.php\/wp-json\/wp\/v2\/types\/product"}],"wp:attachment":[{"href":"https:\/\/roveyayinevi.com.tr\/index.php\/wp-json\/wp\/v2\/media?parent=784516"}],"wp:term":[{"taxonomy":"product_brand","embeddable":true,"href":"https:\/\/roveyayinevi.com.tr\/index.php\/wp-json\/wp\/v2\/product_brand?post=784516"},{"taxonomy":"product_cat","embeddable":true,"href":"https:\/\/roveyayinevi.com.tr\/index.php\/wp-json\/wp\/v2\/product_cat?post=784516"},{"taxonomy":"product_tag","embeddable":true,"href":"https:\/\/roveyayinevi.com.tr\/index.php\/wp-json\/wp\/v2\/product_tag?post=784516"}],"curies":[{"name":"wp","href":"https:\/\/api.w.org\/{rel}","templated":true}]}}