{"id":784511,"date":"2026-03-07T04:22:10","date_gmt":"2026-03-07T01:22:10","guid":{"rendered":"https:\/\/roveyayinevi.com.tr\/index.php\/urun\/bitis-cizgisigold-rush-ciftligi-ikinci-kitap\/"},"modified":"2026-04-15T03:48:35","modified_gmt":"2026-04-15T00:48:35","slug":"bitis-cizgisigold-rush-ciftligi-ikinci-kitap","status":"publish","type":"product","link":"https:\/\/roveyayinevi.com.tr\/index.php\/urun\/bitis-cizgisigold-rush-ciftligi-ikinci-kitap\/","title":{"rendered":"Biti\u015f \u00c7izgisi;Gold Rush \u00c7iftli\u011fi \u0130kinci Kitap"},"content":{"rendered":"<p>Violet Eaton\u2019la internet \u00fczerinden tan\u0131\u015fm\u0131\u015ft\u0131m. Payla\u015ft\u0131\u011f\u0131m\u0131z t\u00fcm s\u0131rlar anonim kalmal\u0131, ge\u00e7mi\u015fte b\u0131rak\u0131lmal\u0131yd\u0131. En az\u0131ndan \u00f6yle olaca\u011f\u0131n\u0131 san\u0131yordum.Fakat d\u00fcnya k\u00fc\u00e7\u00fckt\u00fc. Bu minicik kasabaya ta\u015f\u0131nmam kaderin bir oyunu olabilirdi. \u00c7\u00fcnk\u00fc y\u0131llard\u0131r etraf\u0131ma \u00f6rd\u00fc\u011f\u00fcm duvar, Violet\u2019la ayn\u0131 evde ya\u015famak zorunda kal\u0131nca \u00e7atlamaya ba\u015flad\u0131. G\u00f6zleri her parlad\u0131\u011f\u0131nda, kendimi hapsetti\u011fim o buzdan h\u00fccre eridi. Violet, hak etmedi\u011fimi d\u00fc\u015f\u00fcnd\u00fc\u011f\u00fcm \u015feyleri istememe neden oldu.Eski bir asker olarak ondan uzak duracak disipline sahip olmam gerekirdi. Yine de Violet\u2019a her a\u00e7\u0131ld\u0131\u011f\u0131mda onu kaybetmekten korktum. Sava\u015ftan farkl\u0131 biri olarak d\u00f6nd\u00fcm ama yaralar\u0131m, kimsenin bilmedi\u011fi kadar eski ve derindi. Ve ben, her bir yaray\u0131 saklamaya kararl\u0131yd\u0131m.T\u00fcm s\u0131rlar\u0131m\u0131 gizli tutmay\u0131, mezara g\u00f6t\u00fcrmeyi planlam\u0131\u015ft\u0131m. Ta ki Violet hayat\u0131ma girene kadar\u2026<\/p>\n","protected":false},"excerpt":{"rendered":"<p>Violet Eaton\u2019la internet \u00fczerinden tan\u0131\u015fm\u0131\u015ft\u0131m. Payla\u015ft\u0131\u011f\u0131m\u0131z t\u00fcm s\u0131rlar anonim kalmal\u0131, ge\u00e7mi\u015fte b\u0131rak\u0131lmal\u0131yd\u0131. En az\u0131ndan \u00f6yle olaca\u011f\u0131n\u0131 san\u0131yordum.Fakat d\u00fcnya k\u00fc\u00e7\u00fckt\u00fc. Bu minicik kasabaya ta\u015f\u0131nmam kaderin bir oyunu<span class=\"excerpt-hellip\"> [\u2026]<\/span><\/p>\n","protected":false},"featured_media":0,"template":"","meta":{"_monsterinsights_skip_tracking":false,"_monsterinsights_sitenote_active":false,"_monsterinsights_sitenote_note":"","_monsterinsights_sitenote_category":0},"product_brand":[],"product_cat":[141304],"product_tag":[],"class_list":{"0":"post-784511","1":"product","2":"type-product","3":"status-publish","5":"product_cat-yeni-cikanlar","6":"pa_cilt-ciltsiz","7":"pa_tur-kitap","8":"pa_yayinevi-nemesis-kitap","9":"pa_yazar-elsie-silver","11":"first","12":"instock","13":"sale","14":"shipping-taxable","15":"purchasable","16":"product-type-simple"},"_links":{"self":[{"href":"https:\/\/roveyayinevi.com.tr\/index.php\/wp-json\/wp\/v2\/product\/784511","targetHints":{"allow":["GET"]}}],"collection":[{"href":"https:\/\/roveyayinevi.com.tr\/index.php\/wp-json\/wp\/v2\/product"}],"about":[{"href":"https:\/\/roveyayinevi.com.tr\/index.php\/wp-json\/wp\/v2\/types\/product"}],"wp:attachment":[{"href":"https:\/\/roveyayinevi.com.tr\/index.php\/wp-json\/wp\/v2\/media?parent=784511"}],"wp:term":[{"taxonomy":"product_brand","embeddable":true,"href":"https:\/\/roveyayinevi.com.tr\/index.php\/wp-json\/wp\/v2\/product_brand?post=784511"},{"taxonomy":"product_cat","embeddable":true,"href":"https:\/\/roveyayinevi.com.tr\/index.php\/wp-json\/wp\/v2\/product_cat?post=784511"},{"taxonomy":"product_tag","embeddable":true,"href":"https:\/\/roveyayinevi.com.tr\/index.php\/wp-json\/wp\/v2\/product_tag?post=784511"}],"curies":[{"name":"wp","href":"https:\/\/api.w.org\/{rel}","templated":true}]}}