{"id":784509,"date":"2026-03-07T04:22:05","date_gmt":"2026-03-07T01:22:05","guid":{"rendered":"https:\/\/roveyayinevi.com.tr\/index.php\/urun\/ramses-1-isigin-oglu\/"},"modified":"2026-04-15T03:48:35","modified_gmt":"2026-04-15T00:48:35","slug":"ramses-1-isigin-oglu","status":"publish","type":"product","link":"https:\/\/roveyayinevi.com.tr\/index.php\/urun\/ramses-1-isigin-oglu\/","title":{"rendered":"Ramses 1: I\u015f\u0131\u011f\u0131n O\u011flu"},"content":{"rendered":"<p>On d\u00f6rt ya\u015f\u0131ndaki Ramses, Firavun I. Seti\u2019nin k\u00fc\u00e7\u00fck o\u011fludur. Ancak bir kral\u0131n o\u011flu olmak, g\u00fcvenli bir kader anlam\u0131na gelmez.Taht\u0131n g\u00f6lgesinde b\u00fcy\u00fcyen Ramses, bedenini ve zihnini s\u0131nayacak ac\u0131mas\u0131z kraliyet s\u0131navlar\u0131ndan ge\u00e7mek zorundad\u0131r. Bu s\u0131navlar onu ya gelece\u011fin h\u00fck\u00fcmdar\u0131na d\u00f6n\u00fc\u015ft\u00fcrecek ya da tamamen yok edecektir.Babas\u0131n\u0131n, d\u00fcnyan\u0131n en g\u00fc\u00e7l\u00fc imparatorlu\u011funu Ramses\u2019e mi yoksa kurnaz ve yozla\u015fm\u0131\u015f abisi \u015eenar\u2019a m\u0131 b\u0131rakaca\u011f\u0131 belirsizdir. Saray entrikalar\u0131, ihanetler ve \u00f6l\u00fcmc\u00fcl tuzaklar aras\u0131nda kalan gen\u00e7 prens, d\u00fc\u015fmanlarla \u00e7evrili oldu\u011funu \u00e7ok ge\u00e7meden fark eder. Hayatta kalabilmek ve kaderini \u015fekillendirebilmek i\u00e7in Musa adl\u0131 gen\u00e7 ve zeki bir \u0130brani\u2019ye, gizemli b\u00fcy\u00fcc\u00fc Setau\u2019ya, bilge k\u00e2tip Ameni\u2019ye ve kalbini kapt\u0131rd\u0131\u011f\u0131 Nefertari\u2019ye g\u00fcvenmek zorundad\u0131r. Sazl\u0131klar aras\u0131nda ba\u015flayan s\u0131nav, bir imparatorlu\u011fun kaderini belirleyecek uzun bir yolculu\u011fun ilk ad\u0131m\u0131d\u0131r. Bir \u00e7ocuk, bir prens, bir kral\u2026Ve tarihin hen\u00fcz tan\u0131mad\u0131\u011f\u0131 bir kahraman. Christian Jacq\u2019\u0131n d\u00fcnya \u00e7ap\u0131nda b\u00fcy\u00fck ilgi g\u00f6ren Ramses serisinin ilk kitab\u0131, antik M\u0131s\u0131r\u2019\u0131n ihti\u015fam\u0131n\u0131; iktidar h\u0131rs\u0131n\u0131, a\u015fk\u0131 ve ihaneti soluk kesici bir destana d\u00f6n\u00fc\u015ft\u00fcr\u00fcyor.<\/p>\n","protected":false},"excerpt":{"rendered":"<p>On d\u00f6rt ya\u015f\u0131ndaki Ramses, Firavun I. Seti\u2019nin k\u00fc\u00e7\u00fck o\u011fludur. Ancak bir kral\u0131n o\u011flu olmak, g\u00fcvenli bir kader anlam\u0131na gelmez.Taht\u0131n g\u00f6lgesinde b\u00fcy\u00fcyen Ramses, bedenini ve zihnini s\u0131nayacak<span class=\"excerpt-hellip\"> [\u2026]<\/span><\/p>\n","protected":false},"featured_media":0,"template":"","meta":{"_monsterinsights_skip_tracking":false,"_monsterinsights_sitenote_active":false,"_monsterinsights_sitenote_note":"","_monsterinsights_sitenote_category":0},"product_brand":[],"product_cat":[12291,12745],"product_tag":[],"class_list":{"0":"post-784509","1":"product","2":"type-product","3":"status-publish","5":"product_cat-edebiyat","6":"product_cat-tarihi-roman","7":"pa_cilt-ciltsiz","8":"pa_tur-kitap","9":"pa_yayinevi-nemesis-kitap","10":"pa_yazar-christian-jacq","12":"first","13":"instock","14":"sale","15":"shipping-taxable","16":"purchasable","17":"product-type-simple"},"_links":{"self":[{"href":"https:\/\/roveyayinevi.com.tr\/index.php\/wp-json\/wp\/v2\/product\/784509","targetHints":{"allow":["GET"]}}],"collection":[{"href":"https:\/\/roveyayinevi.com.tr\/index.php\/wp-json\/wp\/v2\/product"}],"about":[{"href":"https:\/\/roveyayinevi.com.tr\/index.php\/wp-json\/wp\/v2\/types\/product"}],"wp:attachment":[{"href":"https:\/\/roveyayinevi.com.tr\/index.php\/wp-json\/wp\/v2\/media?parent=784509"}],"wp:term":[{"taxonomy":"product_brand","embeddable":true,"href":"https:\/\/roveyayinevi.com.tr\/index.php\/wp-json\/wp\/v2\/product_brand?post=784509"},{"taxonomy":"product_cat","embeddable":true,"href":"https:\/\/roveyayinevi.com.tr\/index.php\/wp-json\/wp\/v2\/product_cat?post=784509"},{"taxonomy":"product_tag","embeddable":true,"href":"https:\/\/roveyayinevi.com.tr\/index.php\/wp-json\/wp\/v2\/product_tag?post=784509"}],"curies":[{"name":"wp","href":"https:\/\/api.w.org\/{rel}","templated":true}]}}