{"id":784498,"date":"2026-03-07T04:21:34","date_gmt":"2026-03-07T01:21:34","guid":{"rendered":"https:\/\/roveyayinevi.com.tr\/index.php\/urun\/anlam-cesaret-olum-hiclikvaroluscu-psikoterapi-el-kitabi\/"},"modified":"2026-04-15T03:47:51","modified_gmt":"2026-04-15T00:47:51","slug":"anlam-cesaret-olum-hiclikvaroluscu-psikoterapi-el-kitabi","status":"publish","type":"product","link":"https:\/\/roveyayinevi.com.tr\/index.php\/urun\/anlam-cesaret-olum-hiclikvaroluscu-psikoterapi-el-kitabi\/","title":{"rendered":"Anlam Cesaret \u00d6l\u00fcm Hi\u00e7lik;Varolu\u015f\u00e7u Psikoterapi El Kitab\u0131"},"content":{"rendered":"<p>Varolu\u015f\u00e7u psikoterapi, insan\u0131n anlam aray\u0131\u015f\u0131na, \u00f6zg\u00fcrl\u00fc\u011f\u00fcne ve s\u0131n\u0131r deneyimlerine odaklanan \u00f6zg\u00fcn yakla\u015f\u0131m\u0131yla, g\u00fcn\u00fcm\u00fczde giderek daha fazla terapistin, akademisyenin ve \u00f6\u011frencinin ilgisini \u00e7ekmekte.      Bu kitap, T\u00fcrkiye\u2019nin k\u00fclt\u00fcrel ve toplumsal ba\u011flam\u0131nda \u00e7al\u0131\u015fan ruh sa\u011fl\u0131\u011f\u0131 profesyonelleri i\u00e7in hem kuramsal hem uygulamal\u0131 bir ba\u015fvuru kayna\u011f\u0131 sunuyor.      Varolu\u015f\u00e7u d\u00fc\u015f\u00fcn\u00fcrlerin temel kavramlar\u0131yla tan\u0131\u015fmak, bu kavramlar\u0131n seans odas\u0131nda ve g\u00fcndelik ya\u015famda nas\u0131l kar\u015f\u0131l\u0131k buldu\u011funu g\u00f6rmek isteyenler i\u00e7in, felsefi arka plan anla\u015f\u0131l\u0131r bir dille aktar\u0131l\u0131rken; fenomenolojik y\u00f6ntem, terap\u00f6tik diyalog, seans y\u00f6netimi ve vaka form\u00fclasyonu gibi teknik ba\u015fl\u0131klar, hem akademik hem klinik d\u00fczeyde ele al\u0131n\u0131yor.Bu eser; sahada \u00e7al\u0131\u015fan terapistler, psikoloji ve psikoterapi alan\u0131nda e\u011fitim g\u00f6ren \u00f6\u011frenciler, akademik ara\u015ft\u0131rmalar y\u00fcr\u00fcten uzmanlar ve insan\u0131n varolu\u015fsal meselelerine ilgi duyan t\u00fcm okurlar i\u00e7in kapsaml\u0131 bir rehber niteli\u011finde.<\/p>\n","protected":false},"excerpt":{"rendered":"<p>Varolu\u015f\u00e7u psikoterapi, insan\u0131n anlam aray\u0131\u015f\u0131na, \u00f6zg\u00fcrl\u00fc\u011f\u00fcne ve s\u0131n\u0131r deneyimlerine odaklanan \u00f6zg\u00fcn yakla\u015f\u0131m\u0131yla, g\u00fcn\u00fcm\u00fczde giderek daha fazla terapistin, akademisyenin ve \u00f6\u011frencinin ilgisini \u00e7ekmekte. Bu kitap, T\u00fcrkiye\u2019nin k\u00fclt\u00fcrel<span class=\"excerpt-hellip\"> [\u2026]<\/span><\/p>\n","protected":false},"featured_media":0,"template":"","meta":{"_monsterinsights_skip_tracking":false,"_monsterinsights_sitenote_active":false,"_monsterinsights_sitenote_note":"","_monsterinsights_sitenote_category":0},"product_brand":[],"product_cat":[38801,12357],"product_tag":[],"class_list":{"0":"post-784498","1":"product","2":"type-product","3":"status-publish","5":"product_cat-ekoller-ve-yaklasimlar","6":"product_cat-psikoloji","7":"pa_cilt-ciltsiz","8":"pa_tur-kitap","9":"pa_yayinevi-epsilon-yayinlari","10":"pa_yazar-ferhat-jak-icoz","12":"first","13":"instock","14":"sale","15":"shipping-taxable","16":"purchasable","17":"product-type-simple"},"_links":{"self":[{"href":"https:\/\/roveyayinevi.com.tr\/index.php\/wp-json\/wp\/v2\/product\/784498","targetHints":{"allow":["GET"]}}],"collection":[{"href":"https:\/\/roveyayinevi.com.tr\/index.php\/wp-json\/wp\/v2\/product"}],"about":[{"href":"https:\/\/roveyayinevi.com.tr\/index.php\/wp-json\/wp\/v2\/types\/product"}],"wp:attachment":[{"href":"https:\/\/roveyayinevi.com.tr\/index.php\/wp-json\/wp\/v2\/media?parent=784498"}],"wp:term":[{"taxonomy":"product_brand","embeddable":true,"href":"https:\/\/roveyayinevi.com.tr\/index.php\/wp-json\/wp\/v2\/product_brand?post=784498"},{"taxonomy":"product_cat","embeddable":true,"href":"https:\/\/roveyayinevi.com.tr\/index.php\/wp-json\/wp\/v2\/product_cat?post=784498"},{"taxonomy":"product_tag","embeddable":true,"href":"https:\/\/roveyayinevi.com.tr\/index.php\/wp-json\/wp\/v2\/product_tag?post=784498"}],"curies":[{"name":"wp","href":"https:\/\/api.w.org\/{rel}","templated":true}]}}