{"id":784497,"date":"2026-03-07T04:21:32","date_gmt":"2026-03-07T01:21:32","guid":{"rendered":"https:\/\/roveyayinevi.com.tr\/index.php\/urun\/bilim-aynasinda-gorunen-asikar-sir\/"},"modified":"2026-04-15T03:47:51","modified_gmt":"2026-04-15T00:47:51","slug":"bilim-aynasinda-gorunen-asikar-sir","status":"publish","type":"product","link":"https:\/\/roveyayinevi.com.tr\/index.php\/urun\/bilim-aynasinda-gorunen-asikar-sir\/","title":{"rendered":"Bilim Aynas\u0131nda G\u00f6r\u00fcnen A\u015fik\u00e2r S\u0131r"},"content":{"rendered":"<p>Bilim, neden modern insan\u0131n anlam aray\u0131\u015f\u0131na cevap veremiyor?Neden bilgi artt\u0131k\u00e7a insan\u0131n i\u00e7indeki anlam bo\u015flu\u011fu daha da derinle\u015fiyor?Son g\u00fcncel geli\u015fmelerle birlikte bilim, evreni ve i\u00e7indeki varl\u0131k yap\u0131lar\u0131n\u0131 hi\u00e7 olmad\u0131\u011f\u0131 kadar ayr\u0131nt\u0131l\u0131 \u00e7\u00f6z\u00fcml\u00fcyor:Hassas ayarlar, matematiksel d\u00fczen, m\u00fchendislik toleranslar\u0131, limitasyonlar, zincirleme tek ko\u015fullar\u0131n sa\u011flanmas\u0131, tekrarlanan de\u011fer tekliklerinin korunmas\u0131, zamanlama de\u011ferleri, uzmanla\u015fm\u0131\u015f roller ve estetik formlar\u2026Bilimsel veriler, bu hassas ayarlar ve insanc\u0131 ilkeleri ortaya koyarak, bir d\u00fczen ve i\u015fleyi\u015fi yans\u0131tan varl\u0131k \u00e2lemini g\u00f6zlerimizin \u00f6n\u00fcne seriyor. Ancak h\u00e2kim bilimsel s\u00f6ylem, ideolojik ve felsef\u00ee yorumlar\u0131yla bilimsel hakikatleri, ilahi hakikatlerden uzakla\u015ft\u0131r\u0131yor. Yayg\u0131n din\u00ee anlat\u0131lar ise k\u00fcresel \u00e7apta makes bulan bu meydan okumaya cevap verecek hakikat dilinden \u00e7ok uzak.Sonu\u00e7: Bilgi var, anlam yok.\u0130\u015fte; A\u015fik\u00e2r S\u0131r serisinin \u00fc\u00e7\u00fcnc\u00fc kitab\u0131 olan \u201cBilim Aynas\u0131nda G\u00f6r\u00fcnen A\u015fik\u00e2r S\u0131r\u201d, bu temel sorunu merkeze al\u0131yor. Varl\u0131k sahnesinde g\u00f6zlemlenen d\u00fczen ve i\u015fleyi\u015fin ard\u0131ndaki tasarruf ve icraat hakikatinin izini s\u00fcr\u00fcyor. Okuyucuya bu icraat\u0131 tan\u0131mlayan bir anahtar kavram sunuyor: Rub\u00fbbiyet\u2026Bu kitap, rub\u00fbbiyetin varl\u0131klardaki somut tezah\u00fcrlerine odaklanarak, modern insan\u0131n anlam krizinin bilimi anlamdan koparan h\u00e2kim bilgi anlay\u0131\u015f\u0131ndan kaynakland\u0131\u011f\u0131n\u0131 ortaya koyuyor ve bu krize g\u00f6zlem, ak\u0131l ve bilimle temellendirilmi\u015f bir cevap in\u015fa ediyor.Bu eseri okurken varl\u0131k perdesinden yank\u0131lanan rub\u00fbbiyet hakikatine dair derin bir vizyon kazanacaks\u0131n\u0131z.<\/p>\n","protected":false},"excerpt":{"rendered":"<p>Bilim, neden modern insan\u0131n anlam aray\u0131\u015f\u0131na cevap veremiyor?Neden bilgi artt\u0131k\u00e7a insan\u0131n i\u00e7indeki anlam bo\u015flu\u011fu daha da derinle\u015fiyor?Son g\u00fcncel geli\u015fmelerle birlikte bilim, evreni ve i\u00e7indeki varl\u0131k yap\u0131lar\u0131n\u0131<span class=\"excerpt-hellip\"> [\u2026]<\/span><\/p>\n","protected":false},"featured_media":0,"template":"","meta":{"_monsterinsights_skip_tracking":false,"_monsterinsights_sitenote_active":false,"_monsterinsights_sitenote_note":"","_monsterinsights_sitenote_category":0},"product_brand":[],"product_cat":[13036,12718,12719],"product_tag":[],"class_list":{"0":"post-784497","1":"product","2":"type-product","3":"status-publish","5":"product_cat-arastirma-inceleme-islam","6":"product_cat-din","7":"product_cat-islam","8":"pa_cilt-ciltsiz","9":"pa_tur-kitap","10":"pa_yayinevi-caglayan-kitap","11":"pa_yazar-yusuf-caglayan","13":"first","14":"instock","15":"sale","16":"shipping-taxable","17":"purchasable","18":"product-type-simple"},"_links":{"self":[{"href":"https:\/\/roveyayinevi.com.tr\/index.php\/wp-json\/wp\/v2\/product\/784497","targetHints":{"allow":["GET"]}}],"collection":[{"href":"https:\/\/roveyayinevi.com.tr\/index.php\/wp-json\/wp\/v2\/product"}],"about":[{"href":"https:\/\/roveyayinevi.com.tr\/index.php\/wp-json\/wp\/v2\/types\/product"}],"wp:attachment":[{"href":"https:\/\/roveyayinevi.com.tr\/index.php\/wp-json\/wp\/v2\/media?parent=784497"}],"wp:term":[{"taxonomy":"product_brand","embeddable":true,"href":"https:\/\/roveyayinevi.com.tr\/index.php\/wp-json\/wp\/v2\/product_brand?post=784497"},{"taxonomy":"product_cat","embeddable":true,"href":"https:\/\/roveyayinevi.com.tr\/index.php\/wp-json\/wp\/v2\/product_cat?post=784497"},{"taxonomy":"product_tag","embeddable":true,"href":"https:\/\/roveyayinevi.com.tr\/index.php\/wp-json\/wp\/v2\/product_tag?post=784497"}],"curies":[{"name":"wp","href":"https:\/\/api.w.org\/{rel}","templated":true}]}}