{"id":784496,"date":"2026-03-07T04:21:28","date_gmt":"2026-03-07T01:21:28","guid":{"rendered":"https:\/\/roveyayinevi.com.tr\/index.php\/urun\/bir-cicekle-bir-mektupla-butun-siirleri-i-1850-1862-ciltli\/"},"modified":"2026-04-15T03:47:49","modified_gmt":"2026-04-15T00:47:49","slug":"bir-cicekle-bir-mektupla-butun-siirleri-i-1850-1862-ciltli","status":"publish","type":"product","link":"https:\/\/roveyayinevi.com.tr\/index.php\/urun\/bir-cicekle-bir-mektupla-butun-siirleri-i-1850-1862-ciltli\/","title":{"rendered":"Bir \u00c7i\u00e7ekle \u2013 Bir Mektupla \u2013 B\u00fct\u00fcn \u015eiirleri \u2013 I \u2013 1850 \u2013 1862 \u2013 Ciltli"},"content":{"rendered":"<p>Emily Dickinson (1830-1886): E\u015fsiz bir \u00fcslup parlakl\u0131\u011f\u0131na sahip lirik bir sanat\u00e7\u0131d\u0131r. Walt Whitman ile birlikte XIX. y\u00fczy\u0131l Amerikan edebiyat\u0131n\u0131n \u00f6nde gelen iki \u015fairinden biri olarak kabul edilir. Ya\u015fam\u0131 boyunca 1800\u2019e yak\u0131n \u015fiir yazm\u0131\u015f, fakat hayattayken bunlar\u0131n sadece 10\u2019u yay\u0131mlanm\u0131\u015ft\u0131r. \u015eiir ve dilbilgisinin al\u0131\u015f\u0131lagelmi\u015f kurallar\u0131n\u0131 \u00f6zg\u00fcrce hi\u00e7e sayan Dickinson eserlerinin i\u00e7eri\u011finde de son derece cesur ve \u00f6zg\u00fcnd\u00fcr. \u015eair yirmili ya\u015flar\u0131ndan itibaren m\u00fcnzevi bir hayat s\u00fcrmeye ba\u015flam\u0131\u015ft\u0131r. \u015eiirlerinin \u00e7o\u011funda terk edilmi\u015flik vehminin yol a\u00e7t\u0131\u011f\u0131 yaln\u0131zl\u0131k duygusunu reddetme veya \u00fczerinde d\u00fc\u015f\u00fcnme \u00e7abas\u0131 g\u00f6r\u00fcl\u00fcr. \u015eiirleri \u00f6l\u00fcm\u00fcnden sonra pek \u00e7ok kez \u00e7e\u015fitli derlemeler h\u00e2linde bas\u0131lm\u0131\u015f, b\u00fct\u00fcn \u015fiirleri ilk kez 1955 y\u0131l\u0131nda yay\u0131mlanm\u0131\u015ft\u0131r. B\u00fct\u00fcn \u015fiirlerinin \u00f6zg\u00fcn h\u00e2lini i\u00e7eren bir edisyon 1999 y\u0131l\u0131nda R. W. Franklin taraf\u0131ndan haz\u0131rlanm\u0131\u015f, elinizdeki \u00e7eviride bu edisyon kullan\u0131lm\u0131\u015ft\u0131r. Emily Dickinson\u2019\u0131n b\u00fct\u00fcn \u015fiirleri Hasan \u00c2li Y\u00fccel Klasikler Dizisi\u2019nde 3 cilt h\u00e2linde yay\u0131mlanacakt\u0131r. 1850-1862 y\u0131llar\u0131nda yaz\u0131lan \u015fiirlerden olu\u015fan birinci cilde 163. \u015fiirin ilk dizesi olan Bir \u00c7i\u00e7ekle \u2013 Bir Mektupla ad\u0131 verilmi\u015ftir.<\/p>\n","protected":false},"excerpt":{"rendered":"<p>Emily Dickinson (1830-1886): E\u015fsiz bir \u00fcslup parlakl\u0131\u011f\u0131na sahip lirik bir sanat\u00e7\u0131d\u0131r. Walt Whitman ile birlikte XIX. y\u00fczy\u0131l Amerikan edebiyat\u0131n\u0131n \u00f6nde gelen iki \u015fairinden biri olarak kabul<span class=\"excerpt-hellip\"> [\u2026]<\/span><\/p>\n","protected":false},"featured_media":0,"template":"","meta":{"_monsterinsights_skip_tracking":false,"_monsterinsights_sitenote_active":false,"_monsterinsights_sitenote_note":"","_monsterinsights_sitenote_category":0},"product_brand":[],"product_cat":[12291,12509],"product_tag":[],"class_list":{"0":"post-784496","1":"product","2":"type-product","3":"status-publish","5":"product_cat-edebiyat","6":"product_cat-siir","7":"pa_cilt-ciltsiz","8":"pa_tur-kitap","9":"pa_yayinevi-is-bankasi-kultur-yayinlari","10":"pa_yazar-emily-dickinson","12":"first","13":"instock","14":"sale","15":"shipping-taxable","16":"purchasable","17":"product-type-simple"},"_links":{"self":[{"href":"https:\/\/roveyayinevi.com.tr\/index.php\/wp-json\/wp\/v2\/product\/784496","targetHints":{"allow":["GET"]}}],"collection":[{"href":"https:\/\/roveyayinevi.com.tr\/index.php\/wp-json\/wp\/v2\/product"}],"about":[{"href":"https:\/\/roveyayinevi.com.tr\/index.php\/wp-json\/wp\/v2\/types\/product"}],"wp:attachment":[{"href":"https:\/\/roveyayinevi.com.tr\/index.php\/wp-json\/wp\/v2\/media?parent=784496"}],"wp:term":[{"taxonomy":"product_brand","embeddable":true,"href":"https:\/\/roveyayinevi.com.tr\/index.php\/wp-json\/wp\/v2\/product_brand?post=784496"},{"taxonomy":"product_cat","embeddable":true,"href":"https:\/\/roveyayinevi.com.tr\/index.php\/wp-json\/wp\/v2\/product_cat?post=784496"},{"taxonomy":"product_tag","embeddable":true,"href":"https:\/\/roveyayinevi.com.tr\/index.php\/wp-json\/wp\/v2\/product_tag?post=784496"}],"curies":[{"name":"wp","href":"https:\/\/api.w.org\/{rel}","templated":true}]}}