{"id":784494,"date":"2026-03-07T04:21:22","date_gmt":"2026-03-07T01:21:22","guid":{"rendered":"https:\/\/roveyayinevi.com.tr\/index.php\/urun\/doga-kitabim-yaraticiligini-kesfet\/"},"modified":"2026-04-15T03:47:49","modified_gmt":"2026-04-15T00:47:49","slug":"doga-kitabim-yaraticiligini-kesfet","status":"publish","type":"product","link":"https:\/\/roveyayinevi.com.tr\/index.php\/urun\/doga-kitabim-yaraticiligini-kesfet\/","title":{"rendered":"Do\u011fa Kitab\u0131m \u2013 Yarat\u0131c\u0131l\u0131\u011f\u0131n\u0131 Ke\u015ffet!"},"content":{"rendered":"<p>Do\u011fan\u0131n s\u0131rlar\u0131n\u0131 ke\u015ffederken yarat\u0131c\u0131l\u0131\u011f\u0131n\u0131 kullanabilece\u011fin etkinlikler yapmaya haz\u0131r m\u0131s\u0131n? Ku\u015flar, sincaplar, a\u011fa\u00e7lar, geyikler ve daha bir\u00e7ok canl\u0131 hakk\u0131nda ilgin\u00e7 bilgilerle birlikte yaprak bask\u0131, rakun maskesi, parmak kuklalar\u0131, ku\u015f d\u00f6nencesi gibi yarat\u0131c\u0131 etkinlikler seni bekliyor!Merak uyand\u0131ran bilgi sayfalar\u0131Yarat\u0131c\u0131l\u0131\u011f\u0131 destekleyen do\u011fa etkinlikleriDo\u011fada zaman ge\u00e7irebilece\u011fin a\u00e7\u0131k hava \u00f6nerileri<\/p>\n","protected":false},"excerpt":{"rendered":"<p>Do\u011fan\u0131n s\u0131rlar\u0131n\u0131 ke\u015ffederken yarat\u0131c\u0131l\u0131\u011f\u0131n\u0131 kullanabilece\u011fin etkinlikler yapmaya haz\u0131r m\u0131s\u0131n? Ku\u015flar, sincaplar, a\u011fa\u00e7lar, geyikler ve daha bir\u00e7ok canl\u0131 hakk\u0131nda ilgin\u00e7 bilgilerle birlikte yaprak bask\u0131, rakun maskesi, parmak<span class=\"excerpt-hellip\"> [\u2026]<\/span><\/p>\n","protected":false},"featured_media":0,"template":"","meta":{"_monsterinsights_skip_tracking":false,"_monsterinsights_sitenote_active":false,"_monsterinsights_sitenote_note":"","_monsterinsights_sitenote_category":0},"product_brand":[],"product_cat":[12274,12518],"product_tag":[],"class_list":{"0":"post-784494","1":"product","2":"type-product","3":"status-publish","5":"product_cat-cocuk-ve-genclik-kitaplari","6":"product_cat-okul-oncesi-kitaplar","7":"pa_cilt-ciltsiz","8":"pa_tur-kitap","9":"pa_yayinevi-is-bankasi-kultur-yayinlari","10":"pa_yazar-clare-beaton","12":"first","13":"instock","14":"sale","15":"shipping-taxable","16":"purchasable","17":"product-type-simple"},"_links":{"self":[{"href":"https:\/\/roveyayinevi.com.tr\/index.php\/wp-json\/wp\/v2\/product\/784494","targetHints":{"allow":["GET"]}}],"collection":[{"href":"https:\/\/roveyayinevi.com.tr\/index.php\/wp-json\/wp\/v2\/product"}],"about":[{"href":"https:\/\/roveyayinevi.com.tr\/index.php\/wp-json\/wp\/v2\/types\/product"}],"wp:attachment":[{"href":"https:\/\/roveyayinevi.com.tr\/index.php\/wp-json\/wp\/v2\/media?parent=784494"}],"wp:term":[{"taxonomy":"product_brand","embeddable":true,"href":"https:\/\/roveyayinevi.com.tr\/index.php\/wp-json\/wp\/v2\/product_brand?post=784494"},{"taxonomy":"product_cat","embeddable":true,"href":"https:\/\/roveyayinevi.com.tr\/index.php\/wp-json\/wp\/v2\/product_cat?post=784494"},{"taxonomy":"product_tag","embeddable":true,"href":"https:\/\/roveyayinevi.com.tr\/index.php\/wp-json\/wp\/v2\/product_tag?post=784494"}],"curies":[{"name":"wp","href":"https:\/\/api.w.org\/{rel}","templated":true}]}}