{"id":784488,"date":"2026-03-07T04:21:05","date_gmt":"2026-03-07T01:21:05","guid":{"rendered":"https:\/\/roveyayinevi.com.tr\/index.php\/urun\/ne-cok-esya\/"},"modified":"2026-04-15T03:47:49","modified_gmt":"2026-04-15T00:47:49","slug":"ne-cok-esya","status":"publish","type":"product","link":"https:\/\/roveyayinevi.com.tr\/index.php\/urun\/ne-cok-esya\/","title":{"rendered":"Ne \u00c7ok E\u015fya"},"content":{"rendered":"<p>\u00dc\u00e7 milyon y\u0131l \u00f6nce, bir ta\u015f\u0131n keskin bir kenara d\u00f6n\u00fc\u015ft\u00fcr\u00fclebilece\u011fini fark ettik. \u0130lk b\u0131\u00e7ak \u00f6nce bir \u00f6\u011f\u00fcn\u00fc kolayla\u015ft\u0131rd\u0131; sonra bir t\u00fcr\u00fcn kaderini ve nihayet bir gezegenin yazg\u0131s\u0131n\u0131 belirledi. Bug\u00fcn evlerimiz, ceplerimiz, \u015fehirlerimiz, hatta okyanuslar \u201c\u015feylerle\u201d dolu. Evlerimiz art\u0131k sadece ya\u015fad\u0131\u011f\u0131m\u0131z mek\u00e2n de\u011fil, baz\u0131 b\u00f6l\u00fcmleri depoya d\u00f6n\u00fc\u015fm\u00fc\u015f durumda: Sat\u0131n ald\u0131klar\u0131m\u0131z\u0131 sakl\u0131yor, saklad\u0131klar\u0131m\u0131z\u0131n aras\u0131nda ya\u015f\u0131yor ve sonra daha fazlas\u0131n\u0131 al\u0131yoruz. Bu d\u00f6ng\u00fc nereden \u00e7\u0131kt\u0131? Bu fazlal\u0131k nas\u0131l m\u00fcmk\u00fcn oldu? \u201cYeter\u201d s\u0131n\u0131r\u0131n\u0131 neden hep a\u015f\u0131yoruz?Arkeolog Chip Colwell, insan t\u00fcr\u00fcn\u00fcn nesnelerle kurdu\u011fu ili\u015fkinin derin tarihine iniyor. E\u015fyay\u0131 yaln\u0131zca t\u00fcketim ba\u015fl\u0131\u011f\u0131na s\u0131k\u0131\u015ft\u0131rm\u0131yor; \u00e7\u00fcnk\u00fc e\u015fya ayn\u0131 zamanda aidiyetin, rit\u00fcelin, stat\u00fcn\u00fcn ve g\u00fcvenli\u011fin \u2013k\u0131sacas\u0131 anlam\u0131n\u2013 ta\u015f\u0131y\u0131c\u0131s\u0131d\u0131r. Ancak modern toplumlarda bu ili\u015fki, ola\u011fan bir h\u0131zlanmadan \u00e7ok, kontrolden \u00e7\u0131km\u0131\u015f bir \u00e7o\u011falmaya d\u00f6n\u00fc\u015f\u00fcyor. Fazlal\u0131k art\u0131k bir yan etki de\u011fil, sistemin i\u015fleyi\u015f bi\u00e7imi. Bunun bedeli plastik y\u0131\u011f\u0131nlar\u0131nda, \u00e7\u00f6p da\u011flar\u0131nda, t\u00fckenen kaynaklarda ve giderek daralan bir gelecek ufkunda g\u00f6r\u00fcn\u00fcr hale geliyor.Ta\u015f aletlerden inan\u00e7 nesnelerine, koleksiyonculuktan reklam\u0131n incelikli iknalar\u0131na uzanan Ne \u00c7ok E\u015fya, \u00e7\u00f6z\u00fcm re\u00e7etesi sunmuyor, minimalizm vaaz\u0131 vermiyor. 21. y\u00fczy\u0131l\u0131n ekolojik ve siyasal krizlerini, b\u00fcy\u00fck kavramlarla de\u011fil, g\u00fcndelik hayat\u0131n i\u00e7ine yerle\u015fmi\u015f fazlal\u0131k \u00fczerinden okuyor. Maddi bollu\u011fun ard\u0131nda yatan dizginsiz t\u00fcketim ritmini g\u00f6r\u00fcn\u00fcr k\u0131l\u0131yor. \u00c7\u00fcnk\u00fc mesele neye sahip oldu\u011fumuzdan \u00e7ok, bu sahipli\u011fin bizi nereye s\u00fcr\u00fckledi\u011fidir. \u201cDaha fazla\u201ds\u0131n\u0131 durmaks\u0131z\u0131n \u00fcretmeden, anlam\u0131 nas\u0131l kuraca\u011f\u0131m\u0131z sorusu ise en yak\u0131c\u0131 sorulardan biri olarak \u00f6n\u00fcm\u00fczde duruyor.<\/p>\n","protected":false},"excerpt":{"rendered":"<p>\u00dc\u00e7 milyon y\u0131l \u00f6nce, bir ta\u015f\u0131n keskin bir kenara d\u00f6n\u00fc\u015ft\u00fcr\u00fclebilece\u011fini fark ettik. \u0130lk b\u0131\u00e7ak \u00f6nce bir \u00f6\u011f\u00fcn\u00fc kolayla\u015ft\u0131rd\u0131; sonra bir t\u00fcr\u00fcn kaderini ve nihayet bir gezegenin<span class=\"excerpt-hellip\"> [\u2026]<\/span><\/p>\n","protected":false},"featured_media":0,"template":"","meta":{"_monsterinsights_skip_tracking":false,"_monsterinsights_sitenote_active":false,"_monsterinsights_sitenote_note":"","_monsterinsights_sitenote_category":0},"product_brand":[],"product_cat":[13772,12364],"product_tag":[],"class_list":{"0":"post-784488","1":"product","2":"type-product","3":"status-publish","5":"product_cat-basvuru-kitaplari","6":"product_cat-genel-konular","7":"pa_cilt-ciltsiz","8":"pa_tur-kitap","9":"pa_yayinevi-is-bankasi-kultur-yayinlari","10":"pa_yazar-chip-colwell","12":"first","13":"instock","14":"sale","15":"shipping-taxable","16":"purchasable","17":"product-type-simple"},"_links":{"self":[{"href":"https:\/\/roveyayinevi.com.tr\/index.php\/wp-json\/wp\/v2\/product\/784488","targetHints":{"allow":["GET"]}}],"collection":[{"href":"https:\/\/roveyayinevi.com.tr\/index.php\/wp-json\/wp\/v2\/product"}],"about":[{"href":"https:\/\/roveyayinevi.com.tr\/index.php\/wp-json\/wp\/v2\/types\/product"}],"wp:attachment":[{"href":"https:\/\/roveyayinevi.com.tr\/index.php\/wp-json\/wp\/v2\/media?parent=784488"}],"wp:term":[{"taxonomy":"product_brand","embeddable":true,"href":"https:\/\/roveyayinevi.com.tr\/index.php\/wp-json\/wp\/v2\/product_brand?post=784488"},{"taxonomy":"product_cat","embeddable":true,"href":"https:\/\/roveyayinevi.com.tr\/index.php\/wp-json\/wp\/v2\/product_cat?post=784488"},{"taxonomy":"product_tag","embeddable":true,"href":"https:\/\/roveyayinevi.com.tr\/index.php\/wp-json\/wp\/v2\/product_tag?post=784488"}],"curies":[{"name":"wp","href":"https:\/\/api.w.org\/{rel}","templated":true}]}}