{"id":784482,"date":"2026-03-07T04:20:45","date_gmt":"2026-03-07T01:20:45","guid":{"rendered":"https:\/\/roveyayinevi.com.tr\/index.php\/urun\/parcali-bulutlu-3\/"},"modified":"2026-03-25T21:09:33","modified_gmt":"2026-03-25T18:09:33","slug":"parcali-bulutlu-3","status":"publish","type":"product","link":"https:\/\/roveyayinevi.com.tr\/index.php\/urun\/parcali-bulutlu-3\/","title":{"rendered":"Par\u00e7al\u0131 Bulutlu"},"content":{"rendered":"<p>\u201cBir \u015feyi do\u011furuverirsiniz o tenhal\u0131kta ya da bir \u015feyi \u00f6ld\u00fcr\u00fcverirsiniz; tek ba\u015f\u0131n\u0131za&#8230;\u201d Tu\u011f\u00e7e Is\u0131yel ile d\u00fcnyay\u0131 Par\u00e7al\u0131 Bulutlu\u2019nun merce\u011finden g\u00f6r\u00fcyoruz: Is\u0131yel do\u011faya, insana, e\u015fyaya, foto\u011fraflara bak\u0131yor; renklere, m\u00fcziklere, haritalara, kitaplara, g\u00fcnl\u00fcklere, filmlere, yollara ve \u201cada\u201dya da.   Ac\u0131ya, ate\u015fe, topra\u011fa, a\u011fa\u00e7lara bak\u0131yor. Ve kitab\u0131n\u0131 \u201ckurda, ku\u015fa, a\u015fa\u201d ithaf ediyor. Par\u00e7al\u0131 Bulutlu ile Vedat G\u00fcnyol J\u00fcri \u00d6zel \u00d6d\u00fcl\u00fc\u2019n\u00fc alan Tu\u011f\u00e7e Is\u0131yel, deneme yolunda kendine \u00f6zel bir kulvar a\u00e7\u0131yor.   Par\u00e7al\u0131 bulutlu duygular, okuruyla foto\u011fraflar ve m\u00fczikler e\u015fli\u011finde bulu\u015fuyor. Biliyorum ki kelimeler kendi zamanlar\u0131n\u0131 \u00e7ok iyi bilirler. Onlara kimse h\u00fckmedemez. H\u00fckmetti\u011fini san\u0131r en fazla. Sab\u0131r, varolu\u015fun en b\u00fcy\u00fck imtihan\u0131. B\u00f6yle zamanlarda yavrusunu a\u011fz\u0131nda yumu\u015fatt\u0131\u011f\u0131 yemle beslemeye \u00e7al\u0131\u015fan anne ku\u015flar geliyor akl\u0131ma. Biri benim de kelimelerimi alsa, a\u011fz\u0131nda yumu\u015fatsa ve sonra tekrar bana geri verse diyorum. \u00c7\u00fcnk\u00fc di\u011fer t\u00fcrl\u00fcs\u00fc \u00e7ok sert, \u00e7ok a\u011f\u0131r, \u00e7ok can ac\u0131t\u0131c\u0131.<\/p>\n","protected":false},"excerpt":{"rendered":"<p>\u201cBir \u015feyi do\u011furuverirsiniz o tenhal\u0131kta ya da bir \u015feyi \u00f6ld\u00fcr\u00fcverirsiniz; tek ba\u015f\u0131n\u0131za&#8230;\u201d Tu\u011f\u00e7e Is\u0131yel ile d\u00fcnyay\u0131 Par\u00e7al\u0131 Bulutlu\u2019nun merce\u011finden g\u00f6r\u00fcyoruz: Is\u0131yel do\u011faya, insana, e\u015fyaya, foto\u011fraflara bak\u0131yor;<span class=\"excerpt-hellip\"> [\u2026]<\/span><\/p>\n","protected":false},"featured_media":0,"template":"","meta":{"_monsterinsights_skip_tracking":false,"_monsterinsights_sitenote_active":false,"_monsterinsights_sitenote_note":"","_monsterinsights_sitenote_category":0},"product_brand":[],"product_cat":[12777,12291],"product_tag":[],"class_list":{"0":"post-784482","1":"product","2":"type-product","3":"status-publish","5":"product_cat-deneme","6":"product_cat-edebiyat","7":"pa_cilt-ciltsiz","8":"pa_tur-kitap","9":"pa_yayinevi-everest-yayinlari","10":"pa_yazar-tugce-isiyel","12":"first","13":"instock","14":"sale","15":"shipping-taxable","16":"purchasable","17":"product-type-simple"},"_links":{"self":[{"href":"https:\/\/roveyayinevi.com.tr\/index.php\/wp-json\/wp\/v2\/product\/784482","targetHints":{"allow":["GET"]}}],"collection":[{"href":"https:\/\/roveyayinevi.com.tr\/index.php\/wp-json\/wp\/v2\/product"}],"about":[{"href":"https:\/\/roveyayinevi.com.tr\/index.php\/wp-json\/wp\/v2\/types\/product"}],"wp:attachment":[{"href":"https:\/\/roveyayinevi.com.tr\/index.php\/wp-json\/wp\/v2\/media?parent=784482"}],"wp:term":[{"taxonomy":"product_brand","embeddable":true,"href":"https:\/\/roveyayinevi.com.tr\/index.php\/wp-json\/wp\/v2\/product_brand?post=784482"},{"taxonomy":"product_cat","embeddable":true,"href":"https:\/\/roveyayinevi.com.tr\/index.php\/wp-json\/wp\/v2\/product_cat?post=784482"},{"taxonomy":"product_tag","embeddable":true,"href":"https:\/\/roveyayinevi.com.tr\/index.php\/wp-json\/wp\/v2\/product_tag?post=784482"}],"curies":[{"name":"wp","href":"https:\/\/api.w.org\/{rel}","templated":true}]}}