{"id":784469,"date":"2026-03-07T04:20:12","date_gmt":"2026-03-07T01:20:12","guid":{"rendered":"https:\/\/roveyayinevi.com.tr\/index.php\/urun\/cumhuriyetin-kalemi-yunus-nadiyasami-ve-mucadelesi\/"},"modified":"2026-04-15T03:47:42","modified_gmt":"2026-04-15T00:47:42","slug":"cumhuriyetin-kalemi-yunus-nadiyasami-ve-mucadelesi","status":"publish","type":"product","link":"https:\/\/roveyayinevi.com.tr\/index.php\/urun\/cumhuriyetin-kalemi-yunus-nadiyasami-ve-mucadelesi\/","title":{"rendered":"Cumhuriyet\u2019in Kalemi Yunus Nadi;Ya\u015fam\u0131 ve M\u00fccadelesi"},"content":{"rendered":"<p>Yunus Nadi, Cumhuriyet\u2019in kurulu\u015funa kalemiyle e\u015flik eden, gazetecili\u011fi bir meslekten \u00f6te bir inan\u00e7, tarihsel bir sorumluluk olarak g\u00f6ren bir ku\u015fa\u011f\u0131n temsilcilerindendi. Osmanl\u0131 \u0130mparatorlu\u011fu\u2019nun \u00e7\u00f6z\u00fcl\u00fc\u015f\u00fcnden Cumhuriyet\u2019in kurulu\u015funa uzanan tarihsel d\u00f6n\u00fc\u015f\u00fcm\u00fcn canl\u0131 bir tan\u0131\u011f\u0131yd\u0131. Kalemiyle siyaset yapt\u0131, gazetesiyle bir rejimin in\u015fas\u0131na omuz verdi, inand\u0131\u011f\u0131 bir gelece\u011fi savunmak i\u00e7in m\u00fccadele etti.Bu kitap, Yunus Nadi\u2019nin ya\u015fam \u00f6yk\u00fcs\u00fcn\u00fc resm\u00ee anlat\u0131lar\u0131n \u00f6tesine ta\u015f\u0131yarak onu inan\u00e7lar\u0131, k\u0131r\u0131lmalar\u0131 ve \u00e7eli\u015fkileriyle birlikte ele al\u0131yor. Torununun kaleminden; mektuplar, tan\u0131kl\u0131klar ve ki\u015fisel haf\u0131za e\u015fli\u011finde, kendinden s\u00f6z etmeyi sevmeyen ama ya\u015fad\u0131\u011f\u0131 \u00e7a\u011f\u0131n tam ortas\u0131nda duran bir gazetecinin hik\u00e2yesini anlat\u0131yor. Yunus Nadi\u2019nin gazetecilik tutkusu, Mustafa Kemal\u2019le kurdu\u011fu yak\u0131nl\u0131k ve Cumhuriyet\u2019e duydu\u011fu sars\u0131lmaz inan\u00e7, anlat\u0131n\u0131n merkezinde yer al\u0131yor. Kitap, bireysel bir ya\u015fam \u00f6yk\u00fcs\u00fcnden yola \u00e7\u0131karak, d\u00f6nemin siyasal ve d\u00fc\u015f\u00fcnsel iklimini de g\u00f6r\u00fcn\u00fcr k\u0131l\u0131yor.Cumhuriyet\u2019in Kalemi Yunus Nadi, bir ya\u015fam \u00f6yk\u00fcs\u00fcnden \u00e7ok daha fazlas\u0131n\u0131 i\u00e7eriyor: \u0130nan\u00e7la savunulan bir Cumhuriyet fikrini, bu fikrin bas\u0131n yoluyla nas\u0131l kuruldu\u011funu ve geride kalan miras\u0131n ne denli k\u0131r\u0131lgan oldu\u011funu g\u00f6zler \u00f6n\u00fcne seriyor.<\/p>\n","protected":false},"excerpt":{"rendered":"<p>Yunus Nadi, Cumhuriyet\u2019in kurulu\u015funa kalemiyle e\u015flik eden, gazetecili\u011fi bir meslekten \u00f6te bir inan\u00e7, tarihsel bir sorumluluk olarak g\u00f6ren bir ku\u015fa\u011f\u0131n temsilcilerindendi. Osmanl\u0131 \u0130mparatorlu\u011fu\u2019nun \u00e7\u00f6z\u00fcl\u00fc\u015f\u00fcnden Cumhuriyet\u2019in kurulu\u015funa<span class=\"excerpt-hellip\"> [\u2026]<\/span><\/p>\n","protected":false},"featured_media":0,"template":"","meta":{"_monsterinsights_skip_tracking":false,"_monsterinsights_sitenote_active":false,"_monsterinsights_sitenote_note":"","_monsterinsights_sitenote_category":0},"product_brand":[],"product_cat":[14009,12291],"product_tag":[],"class_list":{"0":"post-784469","1":"product","2":"type-product","3":"status-publish","5":"product_cat-biyografi-otobiyografi-edebiyat","6":"product_cat-edebiyat","7":"pa_cilt-ciltsiz","8":"pa_tur-kitap","9":"pa_yayinevi-yapi-kredi-yayinlari","10":"pa_yazar-emine-usakligil","12":"first","13":"instock","14":"sale","15":"shipping-taxable","16":"purchasable","17":"product-type-simple"},"_links":{"self":[{"href":"https:\/\/roveyayinevi.com.tr\/index.php\/wp-json\/wp\/v2\/product\/784469","targetHints":{"allow":["GET"]}}],"collection":[{"href":"https:\/\/roveyayinevi.com.tr\/index.php\/wp-json\/wp\/v2\/product"}],"about":[{"href":"https:\/\/roveyayinevi.com.tr\/index.php\/wp-json\/wp\/v2\/types\/product"}],"wp:attachment":[{"href":"https:\/\/roveyayinevi.com.tr\/index.php\/wp-json\/wp\/v2\/media?parent=784469"}],"wp:term":[{"taxonomy":"product_brand","embeddable":true,"href":"https:\/\/roveyayinevi.com.tr\/index.php\/wp-json\/wp\/v2\/product_brand?post=784469"},{"taxonomy":"product_cat","embeddable":true,"href":"https:\/\/roveyayinevi.com.tr\/index.php\/wp-json\/wp\/v2\/product_cat?post=784469"},{"taxonomy":"product_tag","embeddable":true,"href":"https:\/\/roveyayinevi.com.tr\/index.php\/wp-json\/wp\/v2\/product_tag?post=784469"}],"curies":[{"name":"wp","href":"https:\/\/api.w.org\/{rel}","templated":true}]}}