{"id":784460,"date":"2026-03-07T04:19:49","date_gmt":"2026-03-07T01:19:49","guid":{"rendered":"https:\/\/roveyayinevi.com.tr\/index.php\/urun\/arzu-3\/"},"modified":"2026-04-15T03:47:41","modified_gmt":"2026-04-15T00:47:41","slug":"arzu-3","status":"publish","type":"product","link":"https:\/\/roveyayinevi.com.tr\/index.php\/urun\/arzu-3\/","title":{"rendered":"Arzu"},"content":{"rendered":"<p>\u201cArzu, bilincin kendisine verilen herhangi bir duygulan\u0131m taraf\u0131ndan bir \u015feyi yapma belirlenimi i\u00e7indeymi\u015f gibi d\u00fc\u015f\u00fcn\u00fclmesi itibar\u0131yla insan\u0131n \u00f6z\u00fcd\u00fcr.\u201dBaruch Spinoza  \u201cBir \u015feyin iyi oldu\u011funa h\u00fckmetti\u011fimiz i\u00e7in o \u015feye i\u015ftah\u0131m\u0131z kabarmaz; tam tersine, bir \u015feyin iyi oldu\u011funa h\u00fckmederiz \u00e7\u00fcnk\u00fc onu arzular\u0131z.\u201dFriedrich Nietzsche \u201cGenellikle a\u00e7l\u0131kla analoji i\u00e7inde d\u00fc\u015f\u00fcn\u00fclen libido, cinsel i\u00e7g\u00fcd\u00fcn\u00fcn kendisini a\u00e7\u0131\u011fa vurdu\u011fu g\u00fcc\u00fc imler.\u201dSigmund Freud \u201cArzu varl\u0131\u011f\u0131n mecaz\u0131m\u00fcrselidir.\u201dJacques Lacan Arzu nedir? Eksikli\u011fin ad\u0131 m\u0131, kudretin kendisi mi? \u0130nsan\u0131 zincire vuran bir tutku mu, yoksa onu eyleme, \u00fcretime ve d\u00f6n\u00fc\u015f\u00fcme iten temel g\u00fc\u00e7 m\u00fc?Antik\u00e7a\u011fdan modern psikanalize uzanan d\u00fc\u015f\u00fcnce hatt\u0131nda arzu, kimi zaman ruhu bedene \u00e7ivileyen bir \u00e7ekim, kimi zaman varl\u0131\u011f\u0131n kendi i\u00e7inde var kalma \u00e7abas\u0131, kimi zaman da \u00f6znenin \u201cvarl\u0131k eksikli\u011fi\u201d deneyimi olarak kavran\u0131r. Spinoza\u2019da arzu insan\u0131n \u00f6z\u00fcd\u00fcr. Nietzsche\u2019de de\u011ferlerin kayna\u011f\u0131d\u0131r. Freud\u2019da psi\u015fik enerjinin dinami\u011fidir. Lacan\u2019da ise dilsel yap\u0131n\u0131n i\u00e7inde, talep ile ihtiya\u00e7 aras\u0131ndaki bo\u015flukta \u015fekillenen yap\u0131sal bir g\u00fc\u00e7t\u00fcr.David Rabouin\u2019in haz\u0131rlad\u0131\u011f\u0131 bu se\u00e7ki, arzuyu bast\u0131r\u0131lmas\u0131 gereken bir fazlal\u0131k ya da doyurulmas\u0131 gereken bir eksiklik olarak de\u011fil, insan\u0131n kendini ve d\u00fcnyas\u0131n\u0131 kurma bi\u00e7iminin merkezinde yer alan bir ilke olarak d\u00fc\u015f\u00fcnmeye davet ediyor.<\/p>\n","protected":false},"excerpt":{"rendered":"<p>\u201cArzu, bilincin kendisine verilen herhangi bir duygulan\u0131m taraf\u0131ndan bir \u015feyi yapma belirlenimi i\u00e7indeymi\u015f gibi d\u00fc\u015f\u00fcn\u00fclmesi itibar\u0131yla insan\u0131n \u00f6z\u00fcd\u00fcr.\u201dBaruch Spinoza \u201cBir \u015feyin iyi oldu\u011funa h\u00fckmetti\u011fimiz i\u00e7in o<span class=\"excerpt-hellip\"> [\u2026]<\/span><\/p>\n","protected":false},"featured_media":0,"template":"","meta":{"_monsterinsights_skip_tracking":false,"_monsterinsights_sitenote_active":false,"_monsterinsights_sitenote_note":"","_monsterinsights_sitenote_category":0},"product_brand":[],"product_cat":[12388],"product_tag":[],"class_list":{"0":"post-784460","1":"product","2":"type-product","3":"status-publish","5":"product_cat-felsefe","6":"pa_cilt-ciltsiz","7":"pa_tur-kitap","8":"pa_yayinevi-fol-kitap","9":"pa_yazar-kolektif","11":"first","12":"instock","13":"sale","14":"shipping-taxable","15":"purchasable","16":"product-type-simple"},"_links":{"self":[{"href":"https:\/\/roveyayinevi.com.tr\/index.php\/wp-json\/wp\/v2\/product\/784460","targetHints":{"allow":["GET"]}}],"collection":[{"href":"https:\/\/roveyayinevi.com.tr\/index.php\/wp-json\/wp\/v2\/product"}],"about":[{"href":"https:\/\/roveyayinevi.com.tr\/index.php\/wp-json\/wp\/v2\/types\/product"}],"wp:attachment":[{"href":"https:\/\/roveyayinevi.com.tr\/index.php\/wp-json\/wp\/v2\/media?parent=784460"}],"wp:term":[{"taxonomy":"product_brand","embeddable":true,"href":"https:\/\/roveyayinevi.com.tr\/index.php\/wp-json\/wp\/v2\/product_brand?post=784460"},{"taxonomy":"product_cat","embeddable":true,"href":"https:\/\/roveyayinevi.com.tr\/index.php\/wp-json\/wp\/v2\/product_cat?post=784460"},{"taxonomy":"product_tag","embeddable":true,"href":"https:\/\/roveyayinevi.com.tr\/index.php\/wp-json\/wp\/v2\/product_tag?post=784460"}],"curies":[{"name":"wp","href":"https:\/\/api.w.org\/{rel}","templated":true}]}}