{"id":784458,"date":"2026-03-07T04:19:44","date_gmt":"2026-03-07T01:19:44","guid":{"rendered":"https:\/\/roveyayinevi.com.tr\/index.php\/urun\/adan-zye-ozel-takviyeler\/"},"modified":"2026-04-15T03:47:41","modified_gmt":"2026-04-15T00:47:41","slug":"adan-zye-ozel-takviyeler","status":"publish","type":"product","link":"https:\/\/roveyayinevi.com.tr\/index.php\/urun\/adan-zye-ozel-takviyeler\/","title":{"rendered":"A\u2019dan Z\u2019ye \u00d6zel Takviyeler"},"content":{"rendered":"<p>Modern ya\u015fam bedenimizi oldu\u011fu kadar zihnimizi de s\u0131n\u0131rlar\u0131n\u0131n \u00f6tesine zorluyor. Peki bu tempoda sa\u011fl\u0131\u011f\u0131m\u0131z\u0131 koruman\u0131n, enerjimizi s\u00fcrd\u00fcr\u00fclebilir bi\u00e7imde art\u0131rman\u0131n, zihinsel netli\u011fi ve fiziksel performans\u0131 dengelemenin yolu ne? Hangi takviye ger\u00e7ekten i\u015fe yar\u0131yor, hangisi sadece bir pazarlama efsanesi? Polisakkaritler, ba\u011f\u0131\u015f\u0131kl\u0131\u011f\u0131 destekler. Sinir h\u00fccreleri aras\u0131nda iletim sa\u011flayan maddelerin \u00f6nc\u00fclleri olan bile\u015fikler, \u00f6strojenik etki g\u00f6steren fitokimyasallar, temel h\u00fccresel s\u00fcre\u00e7lerde rol oynayan molek\u00fcller gibi bir grup bile\u015fik g\u0131dalarda bulunmazlar. Bu nedenle, \u201c\u00d6zel Takviyeler\u201d olarak s\u0131n\u0131fland\u0131r\u0131l\u0131rlar. \u00d6zel Takviyeler kitab\u0131, modern ya\u015fam\u0131n h\u0131z\u0131na yeti\u015fmeye \u00e7al\u0131\u015fan bedeninizin ve zihninizin ihtiya\u00e7lar\u0131n\u0131 derinlemesine inceliyor. Bilimsel veriler, pratik \u00f6neriler ve y\u0131llar\u0131n birikimiyle haz\u0131rland\u0131. Ayn\u0131 zamanda ki\u015fisel geli\u015fim yolculu\u011funuza rehberlik eden kapsaml\u0131 bir ba\u015fvuru kitab\u0131 olarak d\u00fc\u015f\u00fcn\u00fcld\u00fc. Kendinizi daha iyi hissetmek, daha net d\u00fc\u015f\u00fcnmek ve potansiyelinizi en sa\u011fl\u0131kl\u0131 haliyle ortaya \u00e7\u0131karmak istiyorsan\u0131z\u2026 Siz de \u201cdo\u011fru destekle daha iyi bir ya\u015fam m\u00fcmk\u00fcn\u201d diyorsan\u0131z\u2026 Bu kitap size rehberlik edecek. Sa\u011fl\u0131k tesad\u00fcf de\u011fildir, bilgiyle ba\u015flar ama bu kez ger\u00e7ekten ne yapt\u0131\u011f\u0131n\u0131z\u0131 bilerek\u2026<\/p>\n","protected":false},"excerpt":{"rendered":"<p>Modern ya\u015fam bedenimizi oldu\u011fu kadar zihnimizi de s\u0131n\u0131rlar\u0131n\u0131n \u00f6tesine zorluyor. Peki bu tempoda sa\u011fl\u0131\u011f\u0131m\u0131z\u0131 koruman\u0131n, enerjimizi s\u00fcrd\u00fcr\u00fclebilir bi\u00e7imde art\u0131rman\u0131n, zihinsel netli\u011fi ve fiziksel performans\u0131 dengelemenin yolu<span class=\"excerpt-hellip\"> [\u2026]<\/span><\/p>\n","protected":false},"featured_media":0,"template":"","meta":{"_monsterinsights_skip_tracking":false,"_monsterinsights_sitenote_active":false,"_monsterinsights_sitenote_note":"","_monsterinsights_sitenote_category":0},"product_brand":[],"product_cat":[141304],"product_tag":[],"class_list":{"0":"post-784458","1":"product","2":"type-product","3":"status-publish","5":"product_cat-yeni-cikanlar","6":"pa_cilt-ciltsiz","7":"pa_tur-kitap","8":"pa_yayinevi-hayykitap","9":"pa_yazar-aysegul-koroglu","10":"pa_yazar-bilge-sener","11":"pa_yazar-l-omur-demirezer","12":"pa_yazar-tayfun-ersoz","14":"first","15":"instock","16":"sale","17":"shipping-taxable","18":"purchasable","19":"product-type-simple"},"_links":{"self":[{"href":"https:\/\/roveyayinevi.com.tr\/index.php\/wp-json\/wp\/v2\/product\/784458","targetHints":{"allow":["GET"]}}],"collection":[{"href":"https:\/\/roveyayinevi.com.tr\/index.php\/wp-json\/wp\/v2\/product"}],"about":[{"href":"https:\/\/roveyayinevi.com.tr\/index.php\/wp-json\/wp\/v2\/types\/product"}],"wp:attachment":[{"href":"https:\/\/roveyayinevi.com.tr\/index.php\/wp-json\/wp\/v2\/media?parent=784458"}],"wp:term":[{"taxonomy":"product_brand","embeddable":true,"href":"https:\/\/roveyayinevi.com.tr\/index.php\/wp-json\/wp\/v2\/product_brand?post=784458"},{"taxonomy":"product_cat","embeddable":true,"href":"https:\/\/roveyayinevi.com.tr\/index.php\/wp-json\/wp\/v2\/product_cat?post=784458"},{"taxonomy":"product_tag","embeddable":true,"href":"https:\/\/roveyayinevi.com.tr\/index.php\/wp-json\/wp\/v2\/product_tag?post=784458"}],"curies":[{"name":"wp","href":"https:\/\/api.w.org\/{rel}","templated":true}]}}