{"id":784457,"date":"2026-03-07T04:19:41","date_gmt":"2026-03-07T01:19:41","guid":{"rendered":"https:\/\/roveyayinevi.com.tr\/index.php\/urun\/seninle-ictigim-sgara-5\/"},"modified":"2026-04-15T03:47:41","modified_gmt":"2026-04-15T00:47:41","slug":"seninle-ictigim-sgara-5","status":"publish","type":"product","link":"https:\/\/roveyayinevi.com.tr\/index.php\/urun\/seninle-ictigim-sgara-5\/","title":{"rendered":"Seninle \u0130\u00e7ti\u011fim S*gara 5"},"content":{"rendered":"<p>H\u0130K\u00c2YE Unut dedi\u011fine inanam\u0131yorum. Berbat birisin&#8230; Marketin arkas\u0131nda ilk kez i\u00e7ilen sigaran\u0131n duman\u0131&#8230; Yava\u015f yava\u015f \u015fekillenmeye ba\u015flayan duygular, h\u00e2l\u00e2 \u00e7\u00f6z\u00fclemeyen ge\u00e7mi\u015f ve de\u011ferli s\u00f6zler&#8230; Sasaki gelece\u011fe do\u011fru ad\u0131m atmakta teredd\u00fct etmezken, Yamada ve Tayama ge\u00e7mi\u015fe tak\u0131l\u0131p kal\u0131r. Peki nazik ve \u00fcrkek insanlar\u0131 i\u00e7ine alan bu \u0131\u015f\u0131k da neyin nesi?&#8230;<\/p>\n","protected":false},"excerpt":{"rendered":"<p>H\u0130K\u00c2YE Unut dedi\u011fine inanam\u0131yorum. Berbat birisin&#8230; Marketin arkas\u0131nda ilk kez i\u00e7ilen sigaran\u0131n duman\u0131&#8230; Yava\u015f yava\u015f \u015fekillenmeye ba\u015flayan duygular, h\u00e2l\u00e2 \u00e7\u00f6z\u00fclemeyen ge\u00e7mi\u015f ve de\u011ferli s\u00f6zler&#8230; Sasaki gelece\u011fe<span class=\"excerpt-hellip\"> [\u2026]<\/span><\/p>\n","protected":false},"featured_media":0,"template":"","meta":{"_monsterinsights_skip_tracking":false,"_monsterinsights_sitenote_active":false,"_monsterinsights_sitenote_note":"","_monsterinsights_sitenote_category":0},"product_brand":[],"product_cat":[12416,12291],"product_tag":[],"class_list":{"0":"post-784457","1":"product","2":"type-product","3":"status-publish","5":"product_cat-cizgi-roman","6":"product_cat-edebiyat","7":"pa_cilt-ciltsiz","8":"pa_tur-kitap","9":"pa_yayinevi-athica-yayinlari","10":"pa_yazar-jinushi","12":"first","13":"instock","14":"sale","15":"shipping-taxable","16":"purchasable","17":"product-type-simple"},"_links":{"self":[{"href":"https:\/\/roveyayinevi.com.tr\/index.php\/wp-json\/wp\/v2\/product\/784457","targetHints":{"allow":["GET"]}}],"collection":[{"href":"https:\/\/roveyayinevi.com.tr\/index.php\/wp-json\/wp\/v2\/product"}],"about":[{"href":"https:\/\/roveyayinevi.com.tr\/index.php\/wp-json\/wp\/v2\/types\/product"}],"wp:attachment":[{"href":"https:\/\/roveyayinevi.com.tr\/index.php\/wp-json\/wp\/v2\/media?parent=784457"}],"wp:term":[{"taxonomy":"product_brand","embeddable":true,"href":"https:\/\/roveyayinevi.com.tr\/index.php\/wp-json\/wp\/v2\/product_brand?post=784457"},{"taxonomy":"product_cat","embeddable":true,"href":"https:\/\/roveyayinevi.com.tr\/index.php\/wp-json\/wp\/v2\/product_cat?post=784457"},{"taxonomy":"product_tag","embeddable":true,"href":"https:\/\/roveyayinevi.com.tr\/index.php\/wp-json\/wp\/v2\/product_tag?post=784457"}],"curies":[{"name":"wp","href":"https:\/\/api.w.org\/{rel}","templated":true}]}}