{"id":784447,"date":"2026-03-07T04:19:12","date_gmt":"2026-03-07T01:19:12","guid":{"rendered":"https:\/\/roveyayinevi.com.tr\/index.php\/urun\/en-uzun-yolculuk\/"},"modified":"2026-04-15T03:47:40","modified_gmt":"2026-04-15T00:47:40","slug":"en-uzun-yolculuk","status":"publish","type":"product","link":"https:\/\/roveyayinevi.com.tr\/index.php\/urun\/en-uzun-yolculuk\/","title":{"rendered":"En Uzun Yolculuk"},"content":{"rendered":"<p>E.M. Forster, erken d\u00f6nem eserlerinden En Uzun Yolculuk\u2019ta bireyin tercihleriyle toplumsal beklentiler aras\u0131ndaki \u00e7at\u0131\u015fmay\u0131 ele al\u0131yor. \u00c7ocuk ya\u015fta kimsesiz kalan Rickie Elliot, \u00fcniversite hayat\u0131na b\u00fcy\u00fck umutlarla ba\u015flar. Yazar olmak istemektedir ve fena say\u0131lmayacak bir edebiyat yetene\u011fi vard\u0131r. Fakat kendi halinde bir \u00fcniversite \u00f6\u011frencisi olarak ge\u00e7en g\u00fcnleri h\u0131zla t\u00fckenir. Agnes\u2019le evlenmesinin ard\u0131ndan s\u0131radan bir okulda \u00f6\u011fretmenlik yapmaya ba\u015flar. Rickie, Cambridge\u2019in konforlu tekd\u00fczeli\u011finden evlili\u011fin karma\u015f\u0131k gerilimlerine, dostlu\u011fun sa\u011flad\u0131\u011f\u0131 g\u00fcvende olma hissinden aile s\u0131rlar\u0131n\u0131n karanl\u0131\u011f\u0131na uzanan bir yola girer. Yazar olma arzusu giderek s\u00f6n\u00fcmlenir ve gelenekselli\u011fin y\u00fcksek duvarlar\u0131 kar\u015f\u0131s\u0131nda hayallerinden bir bir vazge\u00e7er. \u201cEn Uzun Yolculuk, Forster\u2019\u0131n kendi \u00f6zel ac\u0131lar\u0131n\u0131 t\u00fcm \u00e7\u0131plakl\u0131\u011f\u0131yla ortaya serdi\u011fi bir kitapt\u0131r.\u201d PHILIP NICHOLAS FURBANK \u201cBu kitap Forster\u2019\u0131n belki de en parlak, en dramatik ve en tutkulu eseri.\u201d<\/p>\n","protected":false},"excerpt":{"rendered":"<p>E.M. Forster, erken d\u00f6nem eserlerinden En Uzun Yolculuk\u2019ta bireyin tercihleriyle toplumsal beklentiler aras\u0131ndaki \u00e7at\u0131\u015fmay\u0131 ele al\u0131yor. \u00c7ocuk ya\u015fta kimsesiz kalan Rickie Elliot, \u00fcniversite hayat\u0131na b\u00fcy\u00fck umutlarla<span class=\"excerpt-hellip\"> [\u2026]<\/span><\/p>\n","protected":false},"featured_media":0,"template":"","meta":{"_monsterinsights_skip_tracking":false,"_monsterinsights_sitenote_active":false,"_monsterinsights_sitenote_note":"","_monsterinsights_sitenote_category":0},"product_brand":[],"product_cat":[12291,12711],"product_tag":[],"class_list":{"0":"post-784447","1":"product","2":"type-product","3":"status-publish","5":"product_cat-edebiyat","6":"product_cat-roman-oyku","7":"pa_cilt-ciltsiz","8":"pa_tur-kitap","9":"pa_yayinevi-iletisim-yayinlari","10":"pa_yazar-e-m-forster","12":"first","13":"instock","14":"sale","15":"shipping-taxable","16":"purchasable","17":"product-type-simple"},"_links":{"self":[{"href":"https:\/\/roveyayinevi.com.tr\/index.php\/wp-json\/wp\/v2\/product\/784447","targetHints":{"allow":["GET"]}}],"collection":[{"href":"https:\/\/roveyayinevi.com.tr\/index.php\/wp-json\/wp\/v2\/product"}],"about":[{"href":"https:\/\/roveyayinevi.com.tr\/index.php\/wp-json\/wp\/v2\/types\/product"}],"wp:attachment":[{"href":"https:\/\/roveyayinevi.com.tr\/index.php\/wp-json\/wp\/v2\/media?parent=784447"}],"wp:term":[{"taxonomy":"product_brand","embeddable":true,"href":"https:\/\/roveyayinevi.com.tr\/index.php\/wp-json\/wp\/v2\/product_brand?post=784447"},{"taxonomy":"product_cat","embeddable":true,"href":"https:\/\/roveyayinevi.com.tr\/index.php\/wp-json\/wp\/v2\/product_cat?post=784447"},{"taxonomy":"product_tag","embeddable":true,"href":"https:\/\/roveyayinevi.com.tr\/index.php\/wp-json\/wp\/v2\/product_tag?post=784447"}],"curies":[{"name":"wp","href":"https:\/\/api.w.org\/{rel}","templated":true}]}}