{"id":784440,"date":"2026-03-07T04:18:55","date_gmt":"2026-03-07T01:18:55","guid":{"rendered":"https:\/\/roveyayinevi.com.tr\/index.php\/urun\/caginin-elestirisi-i-ii\/"},"modified":"2026-04-15T03:47:39","modified_gmt":"2026-04-15T00:47:39","slug":"caginin-elestirisi-i-ii","status":"publish","type":"product","link":"https:\/\/roveyayinevi.com.tr\/index.php\/urun\/caginin-elestirisi-i-ii\/","title":{"rendered":"\u00c7a\u011f\u0131n\u0131n Ele\u015ftirisi I-II"},"content":{"rendered":"<p>\u00b4Ele\u015ftiri\u00b4nin nedense hep ve sadece olumsuz bir eylem olarak alg\u0131land\u0131\u011f\u0131 ve dolay\u0131s\u0131yla \u00f6zellikle edebiyat ele\u015ftirisinin kurakl\u0131\u011f\u0131n\u0131 hep korudu\u011fu T\u00fcrkiyede ve T\u00fcrk\u00e7ede C\u00f6nt\u00fcrk\u00fcn kuramda ve eylemde getirdiklerini anlamak i\u00e7in bu kitab\u0131 ka\u00e7\u0131rmay\u0131n.<\/p>\n","protected":false},"excerpt":{"rendered":"<p>\u00b4Ele\u015ftiri\u00b4nin nedense hep ve sadece olumsuz bir eylem olarak alg\u0131land\u0131\u011f\u0131 ve dolay\u0131s\u0131yla \u00f6zellikle edebiyat ele\u015ftirisinin kurakl\u0131\u011f\u0131n\u0131 hep korudu\u011fu T\u00fcrkiyede ve T\u00fcrk\u00e7ede C\u00f6nt\u00fcrk\u00fcn kuramda ve eylemde getirdiklerini<span class=\"excerpt-hellip\"> [\u2026]<\/span><\/p>\n","protected":false},"featured_media":0,"template":"","meta":{"_monsterinsights_skip_tracking":false,"_monsterinsights_sitenote_active":false,"_monsterinsights_sitenote_note":"","_monsterinsights_sitenote_category":0},"product_brand":[],"product_cat":[141304],"product_tag":[],"class_list":{"0":"post-784440","1":"product","2":"type-product","3":"status-publish","5":"product_cat-yeni-cikanlar","6":"pa_cilt-ciltsiz","7":"pa_tur-kitap","8":"pa_yayinevi-yapi-kredi-yayinlari","9":"pa_yazar-huseyin-conturk","11":"first","12":"instock","13":"sale","14":"shipping-taxable","15":"purchasable","16":"product-type-simple"},"_links":{"self":[{"href":"https:\/\/roveyayinevi.com.tr\/index.php\/wp-json\/wp\/v2\/product\/784440","targetHints":{"allow":["GET"]}}],"collection":[{"href":"https:\/\/roveyayinevi.com.tr\/index.php\/wp-json\/wp\/v2\/product"}],"about":[{"href":"https:\/\/roveyayinevi.com.tr\/index.php\/wp-json\/wp\/v2\/types\/product"}],"wp:attachment":[{"href":"https:\/\/roveyayinevi.com.tr\/index.php\/wp-json\/wp\/v2\/media?parent=784440"}],"wp:term":[{"taxonomy":"product_brand","embeddable":true,"href":"https:\/\/roveyayinevi.com.tr\/index.php\/wp-json\/wp\/v2\/product_brand?post=784440"},{"taxonomy":"product_cat","embeddable":true,"href":"https:\/\/roveyayinevi.com.tr\/index.php\/wp-json\/wp\/v2\/product_cat?post=784440"},{"taxonomy":"product_tag","embeddable":true,"href":"https:\/\/roveyayinevi.com.tr\/index.php\/wp-json\/wp\/v2\/product_tag?post=784440"}],"curies":[{"name":"wp","href":"https:\/\/api.w.org\/{rel}","templated":true}]}}