{"id":784437,"date":"2026-03-07T04:18:48","date_gmt":"2026-03-07T01:18:48","guid":{"rendered":"https:\/\/roveyayinevi.com.tr\/index.php\/urun\/meri-kirik-bir-ada-hikayesi\/"},"modified":"2026-04-15T03:47:38","modified_gmt":"2026-04-15T00:47:38","slug":"meri-kirik-bir-ada-hikayesi","status":"publish","type":"product","link":"https:\/\/roveyayinevi.com.tr\/index.php\/urun\/meri-kirik-bir-ada-hikayesi\/","title":{"rendered":"Meri &#8211; K\u0131r\u0131k Bir Ada Hik\u00e2yesi"},"content":{"rendered":"<p>Herkesin bir Meri\u2019si vard\u0131r\u2026 \u00d6yle ki, r\u00fczg\u00e2r\u0131n hi\u00e7 dinmedi\u011fi bir adada herkesin haf\u0131zas\u0131nda ve dilindedir\u2026 Kimine g\u00f6re masum bir k\u0131z \u00e7ocu\u011fu, kimine g\u00f6re ba\u015ftan \u00e7\u0131kar\u0131c\u0131 bir kad\u0131n, kimine g\u00f6re g\u00fcnah, kimine g\u00f6re umut\u2026 Onu g\u00f6ren herkes ba\u015fka bir hik\u00e2yeye inan\u0131r ama hi\u00e7 kimse onun ger\u00e7ekli\u011finden uzak tutamaz kendini. Ke\u00e7i \u00e7oban\u0131 Deli Garip\u2019in bak\u0131\u015f\u0131yla, asker Faysal\u2019\u0131n k\u00f6r tutkusu, mahpus Yunus\u2019un gizli yaras\u0131, meyhanelerde yank\u0131lanan s\u00f6ylentiler ve dedikodularla Meri\u2019nin hik\u00e2yesi bir s\u00f6ylenceye d\u00f6n\u00fc\u015f\u00fcr. Bir kad\u0131n\u0131n ya\u015fam\u0131, bir adan\u0131n suskun haf\u0131zas\u0131nda yeniden kurulur. Meri, herkesin arzular\u0131n\u0131, korkular\u0131n\u0131, hayallerini \u00fczerine \u00e7eken bir ayna gibidir; fakat aynaya bakan herkes kendi y\u0131k\u0131m\u0131n\u0131 g\u00f6r\u00fcr. Cevat Turan\u2019\u0131n kaleme ald\u0131\u011f\u0131 bu roman, bireysel tutkularla toplumsal \u00e7\u00f6k\u00fc\u015f\u00fcn, a\u015fk ile \u015fiddetin, inan\u00e7 ile ihanetin birbirine kar\u0131\u015ft\u0131\u011f\u0131 sars\u0131c\u0131 bir anlat\u0131d\u0131r. G\u00f6\u00e7\u00fcn, mahpuslu\u011fun, devletin sert y\u00fcz\u00fcn\u00fcn ve kad\u0131n bedeni \u00fczerinden kurulan iktidarlar\u0131n g\u00f6lgesinde, Meri yaln\u0131zca bir kad\u0131n de\u011fil, bir \u00e7a\u011f\u0131n, bir toplumun, bir co\u011frafyan\u0131n \u00e7\u0131rp\u0131nan kalbi olur. Yazar, bu romanda farkl\u0131 bir anlat\u0131m \u00fczerinden okuyucuyla bulu\u015fmaktad\u0131r. Meri, okurunu bir adan\u0131n karanl\u0131k s\u0131rlar\u0131na, bir toplumun gizli yaralar\u0131na tan\u0131kl\u0131\u011fa \u00e7a\u011f\u0131r\u0131yor.<\/p>\n","protected":false},"excerpt":{"rendered":"<p>Herkesin bir Meri\u2019si vard\u0131r\u2026 \u00d6yle ki, r\u00fczg\u00e2r\u0131n hi\u00e7 dinmedi\u011fi bir adada herkesin haf\u0131zas\u0131nda ve dilindedir\u2026 Kimine g\u00f6re masum bir k\u0131z \u00e7ocu\u011fu, kimine g\u00f6re ba\u015ftan \u00e7\u0131kar\u0131c\u0131 bir<span class=\"excerpt-hellip\"> [\u2026]<\/span><\/p>\n","protected":false},"featured_media":0,"template":"","meta":{"_monsterinsights_skip_tracking":false,"_monsterinsights_sitenote_active":false,"_monsterinsights_sitenote_note":"","_monsterinsights_sitenote_category":0},"product_brand":[],"product_cat":[12291,12711],"product_tag":[],"class_list":{"0":"post-784437","1":"product","2":"type-product","3":"status-publish","5":"product_cat-edebiyat","6":"product_cat-roman-oyku","7":"pa_cilt-ciltsiz","8":"pa_tur-kitap","9":"pa_yayinevi-mona-kitap","10":"pa_yazar-cevat-turan","12":"first","13":"instock","14":"sale","15":"shipping-taxable","16":"purchasable","17":"product-type-simple"},"_links":{"self":[{"href":"https:\/\/roveyayinevi.com.tr\/index.php\/wp-json\/wp\/v2\/product\/784437","targetHints":{"allow":["GET"]}}],"collection":[{"href":"https:\/\/roveyayinevi.com.tr\/index.php\/wp-json\/wp\/v2\/product"}],"about":[{"href":"https:\/\/roveyayinevi.com.tr\/index.php\/wp-json\/wp\/v2\/types\/product"}],"wp:attachment":[{"href":"https:\/\/roveyayinevi.com.tr\/index.php\/wp-json\/wp\/v2\/media?parent=784437"}],"wp:term":[{"taxonomy":"product_brand","embeddable":true,"href":"https:\/\/roveyayinevi.com.tr\/index.php\/wp-json\/wp\/v2\/product_brand?post=784437"},{"taxonomy":"product_cat","embeddable":true,"href":"https:\/\/roveyayinevi.com.tr\/index.php\/wp-json\/wp\/v2\/product_cat?post=784437"},{"taxonomy":"product_tag","embeddable":true,"href":"https:\/\/roveyayinevi.com.tr\/index.php\/wp-json\/wp\/v2\/product_tag?post=784437"}],"curies":[{"name":"wp","href":"https:\/\/api.w.org\/{rel}","templated":true}]}}