{"id":784436,"date":"2026-03-07T04:18:46","date_gmt":"2026-03-07T01:18:46","guid":{"rendered":"https:\/\/roveyayinevi.com.tr\/index.php\/urun\/dort-unsur\/"},"modified":"2026-04-12T03:37:41","modified_gmt":"2026-04-12T00:37:41","slug":"dort-unsur","status":"publish","type":"product","link":"https:\/\/roveyayinevi.com.tr\/index.php\/urun\/dort-unsur\/","title":{"rendered":"D\u00f6rt Unsur"},"content":{"rendered":"<p>\u201cV\u00fccudumda dola\u015fan d\u00f6rt s\u0131v\u0131 karakterimi, mizac\u0131m\u0131 ve ruhhalimi belirler. Kan, balgam, kara safra ve sar\u0131 safra.\u201d\u00c7a\u011fda\u015f edebiyat\u0131n dikkat \u00e7eken yazarlar\u0131ndan Mina Se\u00e7kin, ilk roman\u0131D\u00f6rt Unsur\u2019da T\u00fcrk-Amerikal\u0131 bir gen\u00e7 kad\u0131n olan Sibel\u2019i yerle\u015ftiriyormerkeze. Sibel\u2019in Amerikal\u0131 bir erkek arkada\u015f\u0131, antik t\u0131p kitaplar\u0131nailgisi ve tutmas\u0131 gereken bir yas vard\u0131r. Gezi protestolar\u0131ndan sonrakiyaz T\u00fcrkiye\u2019ye gelen Sibel, babaannesinin yan\u0131nda ge\u00e7irdi\u011fi bir mevsim boyunca aile tarihini yeniden ke\u015ffeder, karanl\u0131k s\u0131rlarla y\u00fczle\u015fir.D\u00f6rt Unsur, iki k\u00fclt\u00fcr aras\u0131nda s\u0131k\u0131\u015fm\u0131\u015f, kendini nereye konumland\u0131raca\u011f\u0131n\u0131 bulmaya \u00e7al\u0131\u015fan gen\u00e7 bir kad\u0131n\u0131n fiziksel ve duygusal \u00e7alkant\u0131lar\u0131yla ba\u015f etme \u00e7abas\u0131n\u0131n anlat\u0131s\u0131. Kendini tan\u0131ma ve iyile\u015fme \u00fczerine, yaln\u0131zca bu \u00e7a\u011fda yaz\u0131labilecek bir roman.Ne zaman yata\u011f\u0131mda d\u00fcz bir \u015fekilde uzansam, kendimi cans\u0131z bir nesne gibi hareketsiz hale getiririm. Bir kaya. Y\u00fcksek, \u00e7elik bir bina. Sonra kalbimi hareket eden tek \u015fey haline getiririm.Affetmeye en \u00e7ok yakla\u015ft\u0131\u011f\u0131m an bu.<\/p>\n","protected":false},"excerpt":{"rendered":"<p>\u201cV\u00fccudumda dola\u015fan d\u00f6rt s\u0131v\u0131 karakterimi, mizac\u0131m\u0131 ve ruhhalimi belirler. Kan, balgam, kara safra ve sar\u0131 safra.\u201d\u00c7a\u011fda\u015f edebiyat\u0131n dikkat \u00e7eken yazarlar\u0131ndan Mina Se\u00e7kin, ilk roman\u0131D\u00f6rt Unsur\u2019da T\u00fcrk-Amerikal\u0131<span class=\"excerpt-hellip\"> [\u2026]<\/span><\/p>\n","protected":false},"featured_media":0,"template":"","meta":{"_monsterinsights_skip_tracking":false,"_monsterinsights_sitenote_active":false,"_monsterinsights_sitenote_note":"","_monsterinsights_sitenote_category":0},"product_brand":[],"product_cat":[12291,12711],"product_tag":[],"class_list":{"0":"post-784436","1":"product","2":"type-product","3":"status-publish","5":"product_cat-edebiyat","6":"product_cat-roman-oyku","7":"pa_cilt-ciltsiz","8":"pa_tur-kitap","9":"pa_yayinevi-everest-yayinlari","10":"pa_yazar-mina-seckin","12":"first","13":"instock","14":"sale","15":"shipping-taxable","16":"purchasable","17":"product-type-simple"},"_links":{"self":[{"href":"https:\/\/roveyayinevi.com.tr\/index.php\/wp-json\/wp\/v2\/product\/784436","targetHints":{"allow":["GET"]}}],"collection":[{"href":"https:\/\/roveyayinevi.com.tr\/index.php\/wp-json\/wp\/v2\/product"}],"about":[{"href":"https:\/\/roveyayinevi.com.tr\/index.php\/wp-json\/wp\/v2\/types\/product"}],"wp:attachment":[{"href":"https:\/\/roveyayinevi.com.tr\/index.php\/wp-json\/wp\/v2\/media?parent=784436"}],"wp:term":[{"taxonomy":"product_brand","embeddable":true,"href":"https:\/\/roveyayinevi.com.tr\/index.php\/wp-json\/wp\/v2\/product_brand?post=784436"},{"taxonomy":"product_cat","embeddable":true,"href":"https:\/\/roveyayinevi.com.tr\/index.php\/wp-json\/wp\/v2\/product_cat?post=784436"},{"taxonomy":"product_tag","embeddable":true,"href":"https:\/\/roveyayinevi.com.tr\/index.php\/wp-json\/wp\/v2\/product_tag?post=784436"}],"curies":[{"name":"wp","href":"https:\/\/api.w.org\/{rel}","templated":true}]}}