{"id":784433,"date":"2026-03-07T04:18:39","date_gmt":"2026-03-07T01:18:39","guid":{"rendered":"https:\/\/roveyayinevi.com.tr\/index.php\/urun\/disaridaki-kiz-12\/"},"modified":"2026-04-15T03:47:37","modified_gmt":"2026-04-15T00:47:37","slug":"disaridaki-kiz-12","status":"publish","type":"product","link":"https:\/\/roveyayinevi.com.tr\/index.php\/urun\/disaridaki-kiz-12\/","title":{"rendered":"D\u0131\u015far\u0131daki K\u0131z 12"},"content":{"rendered":"<p>PUSLU SINIRIN \u00d6TES\u0130NDE&#8230; Doktor ve Shiva\u2019n\u0131n y\u00fcr\u00fcd\u00fc\u011f\u00fc yolun zorlu olmas\u0131 ka\u00e7\u0131n\u0131lmazd\u0131. Yine de bu yol, karanl\u0131ktan ibaret de\u011fildi. Sessizce parlayan mutlu anlar da vard\u0131 aralar\u0131nda. G\u00fcne\u015fin usulca parlad\u0131\u011f\u0131, r\u00fczg\u00e2r\u0131n hafif bir esintiyle f\u0131s\u0131ldad\u0131\u011f\u0131 g\u00fcnler&#8230; G\u00f6zlerden uzak, huzurlu zamanlar\u0131ndan kalan an\u0131lar, bu \u00f6zg\u00fcn hik\u00e2yenin son cildinde sizlerle bulu\u015fuyor!&#8230; Bu, gece ile g\u00fcnd\u00fcz birbirinden ayr\u0131ld\u0131\u011f\u0131nda ortaya \u00e7\u0131kan lanetle ba\u015f eden ikilinin destans\u0131 hik\u00e2yesi.<\/p>\n","protected":false},"excerpt":{"rendered":"<p>PUSLU SINIRIN \u00d6TES\u0130NDE&#8230; Doktor ve Shiva\u2019n\u0131n y\u00fcr\u00fcd\u00fc\u011f\u00fc yolun zorlu olmas\u0131 ka\u00e7\u0131n\u0131lmazd\u0131. Yine de bu yol, karanl\u0131ktan ibaret de\u011fildi. Sessizce parlayan mutlu anlar da vard\u0131 aralar\u0131nda. G\u00fcne\u015fin<span class=\"excerpt-hellip\"> [\u2026]<\/span><\/p>\n","protected":false},"featured_media":0,"template":"","meta":{"_monsterinsights_skip_tracking":false,"_monsterinsights_sitenote_active":false,"_monsterinsights_sitenote_note":"","_monsterinsights_sitenote_category":0},"product_brand":[],"product_cat":[12416,12291],"product_tag":[],"class_list":{"0":"post-784433","1":"product","2":"type-product","3":"status-publish","5":"product_cat-cizgi-roman","6":"product_cat-edebiyat","7":"pa_cilt-ciltsiz","8":"pa_tur-kitap","9":"pa_yayinevi-athica-yayinlari","10":"pa_yazar-nagabe","12":"first","13":"instock","14":"sale","15":"shipping-taxable","16":"purchasable","17":"product-type-simple"},"_links":{"self":[{"href":"https:\/\/roveyayinevi.com.tr\/index.php\/wp-json\/wp\/v2\/product\/784433","targetHints":{"allow":["GET"]}}],"collection":[{"href":"https:\/\/roveyayinevi.com.tr\/index.php\/wp-json\/wp\/v2\/product"}],"about":[{"href":"https:\/\/roveyayinevi.com.tr\/index.php\/wp-json\/wp\/v2\/types\/product"}],"wp:attachment":[{"href":"https:\/\/roveyayinevi.com.tr\/index.php\/wp-json\/wp\/v2\/media?parent=784433"}],"wp:term":[{"taxonomy":"product_brand","embeddable":true,"href":"https:\/\/roveyayinevi.com.tr\/index.php\/wp-json\/wp\/v2\/product_brand?post=784433"},{"taxonomy":"product_cat","embeddable":true,"href":"https:\/\/roveyayinevi.com.tr\/index.php\/wp-json\/wp\/v2\/product_cat?post=784433"},{"taxonomy":"product_tag","embeddable":true,"href":"https:\/\/roveyayinevi.com.tr\/index.php\/wp-json\/wp\/v2\/product_tag?post=784433"}],"curies":[{"name":"wp","href":"https:\/\/api.w.org\/{rel}","templated":true}]}}