{"id":784432,"date":"2026-03-07T04:18:37","date_gmt":"2026-03-07T01:18:37","guid":{"rendered":"https:\/\/roveyayinevi.com.tr\/index.php\/urun\/disaridaki-kiz-11\/"},"modified":"2026-04-15T03:47:37","modified_gmt":"2026-04-15T00:47:37","slug":"disaridaki-kiz-11","status":"publish","type":"product","link":"https:\/\/roveyayinevi.com.tr\/index.php\/urun\/disaridaki-kiz-11\/","title":{"rendered":"D\u0131\u015far\u0131daki K\u0131z 11"},"content":{"rendered":"<p>K\u00dcLLER K\u00dcLE, TOPRAK TOPRA\u011eA&#8230;Eninde sonunda her \u015fey toza d\u00f6n\u00fc\u015f\u00fcr; s\u0131cak bir ta\u015f kul\u00fcbe, g\u0131c\u0131rdayan zemin ve duman\u0131 t\u00fcten baca bile yaln\u0131z bir hayal olur&#8230; Zaman ac\u0131mas\u0131zca ilerlerken geriye sadece d\u00f6nmeye devam eden d\u00fcnya kal\u0131r. Peki Doktor ve Shiva\u2019n\u0131n an\u0131lar\u0131ndan geriye kalan ne olacak? Bu, gece ile g\u00fcnd\u00fcz birbirinden ayr\u0131ld\u0131\u011f\u0131nda ortaya \u00e7\u0131kan lanetle ba\u015f eden ikilinin destans\u0131 hik\u00e2yesi.<\/p>\n","protected":false},"excerpt":{"rendered":"<p>K\u00dcLLER K\u00dcLE, TOPRAK TOPRA\u011eA&#8230;Eninde sonunda her \u015fey toza d\u00f6n\u00fc\u015f\u00fcr; s\u0131cak bir ta\u015f kul\u00fcbe, g\u0131c\u0131rdayan zemin ve duman\u0131 t\u00fcten baca bile yaln\u0131z bir hayal olur&#8230; Zaman ac\u0131mas\u0131zca<span class=\"excerpt-hellip\"> [\u2026]<\/span><\/p>\n","protected":false},"featured_media":0,"template":"","meta":{"_monsterinsights_skip_tracking":false,"_monsterinsights_sitenote_active":false,"_monsterinsights_sitenote_note":"","_monsterinsights_sitenote_category":0},"product_brand":[],"product_cat":[12416,12291],"product_tag":[],"class_list":{"0":"post-784432","1":"product","2":"type-product","3":"status-publish","5":"product_cat-cizgi-roman","6":"product_cat-edebiyat","7":"pa_cilt-ciltsiz","8":"pa_tur-kitap","9":"pa_yayinevi-athica-yayinlari","10":"pa_yazar-nagabe","12":"first","13":"instock","14":"sale","15":"shipping-taxable","16":"purchasable","17":"product-type-simple"},"_links":{"self":[{"href":"https:\/\/roveyayinevi.com.tr\/index.php\/wp-json\/wp\/v2\/product\/784432","targetHints":{"allow":["GET"]}}],"collection":[{"href":"https:\/\/roveyayinevi.com.tr\/index.php\/wp-json\/wp\/v2\/product"}],"about":[{"href":"https:\/\/roveyayinevi.com.tr\/index.php\/wp-json\/wp\/v2\/types\/product"}],"wp:attachment":[{"href":"https:\/\/roveyayinevi.com.tr\/index.php\/wp-json\/wp\/v2\/media?parent=784432"}],"wp:term":[{"taxonomy":"product_brand","embeddable":true,"href":"https:\/\/roveyayinevi.com.tr\/index.php\/wp-json\/wp\/v2\/product_brand?post=784432"},{"taxonomy":"product_cat","embeddable":true,"href":"https:\/\/roveyayinevi.com.tr\/index.php\/wp-json\/wp\/v2\/product_cat?post=784432"},{"taxonomy":"product_tag","embeddable":true,"href":"https:\/\/roveyayinevi.com.tr\/index.php\/wp-json\/wp\/v2\/product_tag?post=784432"}],"curies":[{"name":"wp","href":"https:\/\/api.w.org\/{rel}","templated":true}]}}