{"id":784431,"date":"2026-03-07T04:18:35","date_gmt":"2026-03-07T01:18:35","guid":{"rendered":"https:\/\/roveyayinevi.com.tr\/index.php\/urun\/disaridaki-kiz-10\/"},"modified":"2026-04-15T03:47:37","modified_gmt":"2026-04-15T00:47:37","slug":"disaridaki-kiz-10","status":"publish","type":"product","link":"https:\/\/roveyayinevi.com.tr\/index.php\/urun\/disaridaki-kiz-10\/","title":{"rendered":"D\u0131\u015far\u0131daki K\u0131z 10"},"content":{"rendered":"<p>Shiva, krall\u0131\u011f\u0131n zindan\u0131ndan ka\u00e7may\u0131 ba\u015far\u0131r. Elinde annesinden hat\u0131ra kalan madalyonuyla Doktor\u2019un yan\u0131na ko\u015far ama Doktor, art\u0131k ayn\u0131 ki\u015fi de\u011fildir. \u0130\u00e7erisi ile D\u0131\u015far\u0131s\u0131 aras\u0131ndaki s\u0131n\u0131r silikle\u015fmeye ba\u015flar. D\u0131\u015far\u0131\u2019n\u0131n laneti Shiva\u2019y\u0131 h\u00e2l\u00e2 tehdit ederken Doktor\u2019la ilgili ak\u0131l almaz ger\u00e7ekler ortaya \u00e7\u0131kar. Bu, gece ile g\u00fcnd\u00fcz birbirinden ayr\u0131ld\u0131\u011f\u0131nda ortaya \u00e7\u0131kan lanetle ba\u015f eden ikilinin destans\u0131 hik\u00e2yesi.<\/p>\n","protected":false},"excerpt":{"rendered":"<p>Shiva, krall\u0131\u011f\u0131n zindan\u0131ndan ka\u00e7may\u0131 ba\u015far\u0131r. Elinde annesinden hat\u0131ra kalan madalyonuyla Doktor\u2019un yan\u0131na ko\u015far ama Doktor, art\u0131k ayn\u0131 ki\u015fi de\u011fildir. \u0130\u00e7erisi ile D\u0131\u015far\u0131s\u0131 aras\u0131ndaki s\u0131n\u0131r silikle\u015fmeye ba\u015flar.<span class=\"excerpt-hellip\"> [\u2026]<\/span><\/p>\n","protected":false},"featured_media":0,"template":"","meta":{"_monsterinsights_skip_tracking":false,"_monsterinsights_sitenote_active":false,"_monsterinsights_sitenote_note":"","_monsterinsights_sitenote_category":0},"product_brand":[],"product_cat":[12416,12291],"product_tag":[],"class_list":{"0":"post-784431","1":"product","2":"type-product","3":"status-publish","5":"product_cat-cizgi-roman","6":"product_cat-edebiyat","7":"pa_cilt-ciltsiz","8":"pa_tur-kitap","9":"pa_yayinevi-athica-yayinlari","10":"pa_yazar-nagabe","12":"first","13":"instock","14":"sale","15":"shipping-taxable","16":"purchasable","17":"product-type-simple"},"_links":{"self":[{"href":"https:\/\/roveyayinevi.com.tr\/index.php\/wp-json\/wp\/v2\/product\/784431","targetHints":{"allow":["GET"]}}],"collection":[{"href":"https:\/\/roveyayinevi.com.tr\/index.php\/wp-json\/wp\/v2\/product"}],"about":[{"href":"https:\/\/roveyayinevi.com.tr\/index.php\/wp-json\/wp\/v2\/types\/product"}],"wp:attachment":[{"href":"https:\/\/roveyayinevi.com.tr\/index.php\/wp-json\/wp\/v2\/media?parent=784431"}],"wp:term":[{"taxonomy":"product_brand","embeddable":true,"href":"https:\/\/roveyayinevi.com.tr\/index.php\/wp-json\/wp\/v2\/product_brand?post=784431"},{"taxonomy":"product_cat","embeddable":true,"href":"https:\/\/roveyayinevi.com.tr\/index.php\/wp-json\/wp\/v2\/product_cat?post=784431"},{"taxonomy":"product_tag","embeddable":true,"href":"https:\/\/roveyayinevi.com.tr\/index.php\/wp-json\/wp\/v2\/product_tag?post=784431"}],"curies":[{"name":"wp","href":"https:\/\/api.w.org\/{rel}","templated":true}]}}