{"id":784429,"date":"2026-03-07T04:18:29","date_gmt":"2026-03-07T01:18:29","guid":{"rendered":"https:\/\/roveyayinevi.com.tr\/index.php\/urun\/eserleri-sozlerinin-otesinde-bir-egitimci-sitki-alpin-kaleminden\/"},"modified":"2026-04-15T03:47:35","modified_gmt":"2026-04-15T00:47:35","slug":"eserleri-sozlerinin-otesinde-bir-egitimci-sitki-alpin-kaleminden","status":"publish","type":"product","link":"https:\/\/roveyayinevi.com.tr\/index.php\/urun\/eserleri-sozlerinin-otesinde-bir-egitimci-sitki-alpin-kaleminden\/","title":{"rendered":"Eserleri S\u00f6zlerinin \u00d6tesinde Bir E\u011fitimci: S\u0131tk\u0131 Alp&#8217;in Kaleminden"},"content":{"rendered":"<p>&#8220;Kendi ya\u015fam\u0131ndan ders \u00e7\u0131karanlar ak\u0131ll\u0131 insanlard\u0131r; fakat ba\u015fka insanlar\u0131n ya\u015fam\u0131ndan ders \u00e7\u0131karanlar daha da ak\u0131ll\u0131 insanlard\u0131r.&#8221; derler. Ya\u015famdan ders almak ve deneyim kazanmak, geli\u015fimimiz a\u00e7\u0131s\u0131ndan daima \u00f6nemli olmu\u015ftur.S\u0131tk\u0131 Alp, e\u011fitime adad\u0131\u011f\u0131 \u00f6mr\u00fc ve \u00e7al\u0131\u015fma azmiyle \u00e7ocuklar\u0131m\u0131z\u0131n ve gen\u00e7lerimizin yeti\u015fmesine emek veren ve ortaya koydu\u011fu ba\u015far\u0131l\u0131 e\u011fitim kurumlar\u0131yla iz b\u0131rakan; ya\u015fam\u0131ndan ders \u00e7\u0131kar\u0131lacak \u00f6rnek bir e\u011fitimcidir.S\u0131tk\u0131 Alp&#8217;e g\u00f6re bir e\u011fitimci, \u00f6\u011frencileri i\u00e7in her y\u00f6n\u00fcyle rol modeldir. Kendisinin kaleme ald\u0131\u011f\u0131 bu kitap, onun e\u011fitim felsefesini, de\u011ferlerini ve \u00f6ng\u00f6r\u00fclerini yeni nesillere aktaracakt\u0131r.De\u011ferli bir e\u011fitimciyi ve sevecen bir babay\u0131 b\u00fct\u00fcn i\u00e7tenli\u011fiyle anlatan bu \u00f6z ya\u015fam \u00f6yk\u00fcs\u00fc; \u00f6\u011frencileri, \u00f6\u011fretmenleri ve t\u00fcm e\u011fitimcileri bir e\u011fitim tarihi yolculu\u011funa \u00e7\u0131karacakt\u0131r.Bu kitap, do\u011fumunun 80.y\u0131l d\u00f6n\u00fcm\u00fcnde S\u0131tk\u0131 Alp i\u00e7in de ho\u015f bir an\u0131 olacakt\u0131r.<\/p>\n","protected":false},"excerpt":{"rendered":"<p>&#8220;Kendi ya\u015fam\u0131ndan ders \u00e7\u0131karanlar ak\u0131ll\u0131 insanlard\u0131r; fakat ba\u015fka insanlar\u0131n ya\u015fam\u0131ndan ders \u00e7\u0131karanlar daha da ak\u0131ll\u0131 insanlard\u0131r.&#8221; derler. Ya\u015famdan ders almak ve deneyim kazanmak, geli\u015fimimiz a\u00e7\u0131s\u0131ndan daima<span class=\"excerpt-hellip\"> [\u2026]<\/span><\/p>\n","protected":false},"featured_media":0,"template":"","meta":{"_monsterinsights_skip_tracking":false,"_monsterinsights_sitenote_active":false,"_monsterinsights_sitenote_note":"","_monsterinsights_sitenote_category":0},"product_brand":[],"product_cat":[12370,12304],"product_tag":[],"class_list":{"0":"post-784429","1":"product","2":"type-product","3":"status-publish","5":"product_cat-arastirma-inceleme","6":"product_cat-tarih","7":"pa_cilt-ciltsiz","8":"pa_tur-kitap","9":"pa_yayinevi-pegem-akademik-kitaplar","10":"pa_yazar-fatma-turkyilmaz","12":"first","13":"instock","14":"sale","15":"shipping-taxable","16":"purchasable","17":"product-type-simple"},"_links":{"self":[{"href":"https:\/\/roveyayinevi.com.tr\/index.php\/wp-json\/wp\/v2\/product\/784429","targetHints":{"allow":["GET"]}}],"collection":[{"href":"https:\/\/roveyayinevi.com.tr\/index.php\/wp-json\/wp\/v2\/product"}],"about":[{"href":"https:\/\/roveyayinevi.com.tr\/index.php\/wp-json\/wp\/v2\/types\/product"}],"wp:attachment":[{"href":"https:\/\/roveyayinevi.com.tr\/index.php\/wp-json\/wp\/v2\/media?parent=784429"}],"wp:term":[{"taxonomy":"product_brand","embeddable":true,"href":"https:\/\/roveyayinevi.com.tr\/index.php\/wp-json\/wp\/v2\/product_brand?post=784429"},{"taxonomy":"product_cat","embeddable":true,"href":"https:\/\/roveyayinevi.com.tr\/index.php\/wp-json\/wp\/v2\/product_cat?post=784429"},{"taxonomy":"product_tag","embeddable":true,"href":"https:\/\/roveyayinevi.com.tr\/index.php\/wp-json\/wp\/v2\/product_tag?post=784429"}],"curies":[{"name":"wp","href":"https:\/\/api.w.org\/{rel}","templated":true}]}}