{"id":784428,"date":"2026-03-07T04:18:24","date_gmt":"2026-03-07T01:18:24","guid":{"rendered":"https:\/\/roveyayinevi.com.tr\/index.php\/urun\/brandenburg\/"},"modified":"2026-03-25T21:09:04","modified_gmt":"2026-03-25T18:09:04","slug":"brandenburg","status":"publish","type":"product","link":"https:\/\/roveyayinevi.com.tr\/index.php\/urun\/brandenburg\/","title":{"rendered":"Brandenburg"},"content":{"rendered":"<p>Paraguay\u2019da ya\u015fl\u0131 bir Alman i\u015f adam\u0131 intihar eder. Berlin\u2019de bir siyasi aktivist sokak ortas\u0131nda vurularak \u00f6ld\u00fcr\u00fcl\u00fcr. D\u00fcnyan\u0131n iki farkl\u0131 noktas\u0131nda ger\u00e7ekle\u015fen bu g\u00f6r\u00fcn\u00fc\u015fte ba\u011flant\u0131s\u0131z \u00f6l\u00fcmler, k\u0131sa s\u00fcre sonra tek bir korkun\u00e7 amaca i\u015faret etmeye ba\u015flar. Avrupa\u2019n\u0131n \u00f6nemli g\u00fcvenlik projelerinden biri i\u00e7in \u00e7al\u0131\u015fan Joseph Volkmann, bu cinayetler aras\u0131ndaki ba\u011f\u0131 ara\u015ft\u0131r\u0131rken kendini m\u00fcthi\u015f bir komplonun ortas\u0131nda bulur. \u0130pu\u00e7lar\u0131n\u0131n pe\u015fine d\u00fc\u015fen Volkmann\u2019\u0131n yolculu\u011fu onu Paraguay\u2019\u0131n \u00fccra b\u00f6lgelerinden Meksika\u2019daki \u0131ss\u0131z \u00e7iftliklere, \u0130talyan limanlar\u0131ndan terk edilmi\u015f Alman manast\u0131rlar\u0131na uzanan tehlikeli bir takibe s\u00fcr\u00fckler. Volkmann, d\u00fcnyaya en karanl\u0131k d\u00f6nemini ya\u015fatan Hitler\u2019in ard\u0131ndan D\u00f6rd\u00fcnc\u00fc Reich\u2019\u0131 hayata ge\u00e7irmeyi ama\u00e7layan ger\u00e7ek k\u00f6t\u00fcl\u00fckle kar\u015f\u0131 kar\u015f\u0131ya kalacakt\u0131r.\u201cHitchcock olsa, tek bir ayr\u0131nt\u0131y\u0131 bile de\u011fi\u015ftirmeden oldu\u011fu gibi sinemaya aktar\u0131rd\u0131\u2026 Az bulunur bir ziyafet!\u201dSunday Telegraph\u201cBa\u015ftan sona s\u00fcr\u00fckleyici\u2026 Ustal\u0131kla \u00e7izilmi\u015f karakterler\u2026\u201dThe New York Times Book Review<\/p>\n","protected":false},"excerpt":{"rendered":"<p>Paraguay\u2019da ya\u015fl\u0131 bir Alman i\u015f adam\u0131 intihar eder. Berlin\u2019de bir siyasi aktivist sokak ortas\u0131nda vurularak \u00f6ld\u00fcr\u00fcl\u00fcr. D\u00fcnyan\u0131n iki farkl\u0131 noktas\u0131nda ger\u00e7ekle\u015fen bu g\u00f6r\u00fcn\u00fc\u015fte ba\u011flant\u0131s\u0131z \u00f6l\u00fcmler, k\u0131sa<span class=\"excerpt-hellip\"> [\u2026]<\/span><\/p>\n","protected":false},"featured_media":0,"template":"","meta":{"_monsterinsights_skip_tracking":false,"_monsterinsights_sitenote_active":false,"_monsterinsights_sitenote_note":"","_monsterinsights_sitenote_category":0},"product_brand":[],"product_cat":[12291,15445],"product_tag":[],"class_list":{"0":"post-784428","1":"product","2":"type-product","3":"status-publish","5":"product_cat-edebiyat","6":"product_cat-polisiye","7":"pa_cilt-ciltsiz","8":"pa_tur-kitap","9":"pa_yayinevi-sia-kitap","10":"pa_yazar-glenn-meade","12":"first","13":"instock","14":"sale","15":"shipping-taxable","16":"purchasable","17":"product-type-simple"},"_links":{"self":[{"href":"https:\/\/roveyayinevi.com.tr\/index.php\/wp-json\/wp\/v2\/product\/784428","targetHints":{"allow":["GET"]}}],"collection":[{"href":"https:\/\/roveyayinevi.com.tr\/index.php\/wp-json\/wp\/v2\/product"}],"about":[{"href":"https:\/\/roveyayinevi.com.tr\/index.php\/wp-json\/wp\/v2\/types\/product"}],"wp:attachment":[{"href":"https:\/\/roveyayinevi.com.tr\/index.php\/wp-json\/wp\/v2\/media?parent=784428"}],"wp:term":[{"taxonomy":"product_brand","embeddable":true,"href":"https:\/\/roveyayinevi.com.tr\/index.php\/wp-json\/wp\/v2\/product_brand?post=784428"},{"taxonomy":"product_cat","embeddable":true,"href":"https:\/\/roveyayinevi.com.tr\/index.php\/wp-json\/wp\/v2\/product_cat?post=784428"},{"taxonomy":"product_tag","embeddable":true,"href":"https:\/\/roveyayinevi.com.tr\/index.php\/wp-json\/wp\/v2\/product_tag?post=784428"}],"curies":[{"name":"wp","href":"https:\/\/api.w.org\/{rel}","templated":true}]}}