{"id":784425,"date":"2026-03-07T04:17:34","date_gmt":"2026-03-07T01:17:34","guid":{"rendered":"https:\/\/roveyayinevi.com.tr\/index.php\/urun\/cin-imparatorlugu-ciltli\/"},"modified":"2026-04-15T03:47:32","modified_gmt":"2026-04-15T00:47:32","slug":"cin-imparatorlugu-ciltli","status":"publish","type":"product","link":"https:\/\/roveyayinevi.com.tr\/index.php\/urun\/cin-imparatorlugu-ciltli\/","title":{"rendered":"\u00c7in \u0130mparatorlu\u011fu (Ciltli)"},"content":{"rendered":"<p>\u201cTAR\u0130HSEL OLAYLARI TIPKI B\u0130R AYNA G\u0130B\u0130 KULLANARAK B\u0130R ULUSUN DO\u011eU\u015eUNA VE B\u0130T\u0130\u015e\u0130NE DA\u0130R SEBEPLER\u0130 DAHA \u0130Y\u0130 KAVRAYAB\u0130L\u0130R\u0130Z.\u201d\u0130MPARATOR TA\u0130ZONG, TANG HANEDANLIGI \u00c7in\u2019in uzun ve g\u00f6rkemli tarihini, kendi halk\u0131n\u0131n bak\u0131\u015f a\u00e7\u0131s\u0131ndan ke\u015ffedin. \u00c7in \u0130mparatorlu\u011fu, \u00c7inli ve Bat\u0131l\u0131 yay\u0131nevleri aras\u0131nda ger\u00e7ekle\u015ftirilen olduk\u00e7a kapsaml\u0131 bir i\u015fbirli\u011fi sonucu ortaya \u00e7\u0131kt\u0131. 5000 y\u0131ldan uzun s\u00fcredir varl\u0131\u011f\u0131n\u0131 s\u00fcrd\u00fcren \u00c7in krall\u0131klar\u0131n\u0131n ve hanedanl\u0131klar\u0131n\u0131n \u00f6nemli olaylar\u0131n\u0131, kudretli imparatorlar\u0131n\u0131 ve de\u011ferli hazinelerini g\u00f6zler \u00f6n\u00fcne seriyor. Bat\u0131 d\u00fcnyas\u0131nda daha \u00f6nce hi\u00e7 g\u00f6r\u00fclmemi\u015f g\u00f6z al\u0131c\u0131 ill\u00fcstrasyonlar ve g\u00f6rkemli eserlerle dolu \u00c7in \u0130mparatorlu\u011fu, \u00c7in\u2019in zengin miras\u0131na dair olduk\u00e7a kapsaml\u0131 ve g\u00fcvenilir bir rehberdir.<\/p>\n","protected":false},"excerpt":{"rendered":"<p>\u201cTAR\u0130HSEL OLAYLARI TIPKI B\u0130R AYNA G\u0130B\u0130 KULLANARAK B\u0130R ULUSUN DO\u011eU\u015eUNA VE B\u0130T\u0130\u015e\u0130NE DA\u0130R SEBEPLER\u0130 DAHA \u0130Y\u0130 KAVRAYAB\u0130L\u0130R\u0130Z.\u201d\u0130MPARATOR TA\u0130ZONG, TANG HANEDANLIGI \u00c7in\u2019in uzun ve g\u00f6rkemli tarihini, kendi<span class=\"excerpt-hellip\"> [\u2026]<\/span><\/p>\n","protected":false},"featured_media":0,"template":"","meta":{"_monsterinsights_skip_tracking":false,"_monsterinsights_sitenote_active":false,"_monsterinsights_sitenote_note":"","_monsterinsights_sitenote_category":0},"product_brand":[],"product_cat":[12370,12304],"product_tag":[],"class_list":{"0":"post-784425","1":"product","2":"type-product","3":"status-publish","5":"product_cat-arastirma-inceleme","6":"product_cat-tarih","7":"pa_cilt-ciltsiz","8":"pa_tur-kitap","9":"pa_yayinevi-alfa-yayinlari","10":"pa_yazar-kolektif","12":"first","13":"instock","14":"sale","15":"shipping-taxable","16":"purchasable","17":"product-type-simple"},"_links":{"self":[{"href":"https:\/\/roveyayinevi.com.tr\/index.php\/wp-json\/wp\/v2\/product\/784425","targetHints":{"allow":["GET"]}}],"collection":[{"href":"https:\/\/roveyayinevi.com.tr\/index.php\/wp-json\/wp\/v2\/product"}],"about":[{"href":"https:\/\/roveyayinevi.com.tr\/index.php\/wp-json\/wp\/v2\/types\/product"}],"wp:attachment":[{"href":"https:\/\/roveyayinevi.com.tr\/index.php\/wp-json\/wp\/v2\/media?parent=784425"}],"wp:term":[{"taxonomy":"product_brand","embeddable":true,"href":"https:\/\/roveyayinevi.com.tr\/index.php\/wp-json\/wp\/v2\/product_brand?post=784425"},{"taxonomy":"product_cat","embeddable":true,"href":"https:\/\/roveyayinevi.com.tr\/index.php\/wp-json\/wp\/v2\/product_cat?post=784425"},{"taxonomy":"product_tag","embeddable":true,"href":"https:\/\/roveyayinevi.com.tr\/index.php\/wp-json\/wp\/v2\/product_tag?post=784425"}],"curies":[{"name":"wp","href":"https:\/\/api.w.org\/{rel}","templated":true}]}}