{"id":784422,"date":"2026-03-07T04:16:19","date_gmt":"2026-03-07T01:16:19","guid":{"rendered":"https:\/\/roveyayinevi.com.tr\/index.php\/urun\/homosapien-den-sonra-sen\/"},"modified":"2026-04-08T03:43:05","modified_gmt":"2026-04-08T00:43:05","slug":"homosapien-den-sonra-sen","status":"publish","type":"product","link":"https:\/\/roveyayinevi.com.tr\/index.php\/urun\/homosapien-den-sonra-sen\/","title":{"rendered":"Homosapien\u2019 den Sonra SEN"},"content":{"rendered":"<p>Bu kitap sana bir \u015fey \u00f6\u011fretmek i\u00e7in yaz\u0131lmad\u0131. Sana kim oldu\u011funu hat\u0131rlatmak i\u00e7in yaz\u0131ld\u0131. \u0130nsan, binlerce y\u0131l boyunca evrimle\u015fti. Ama en b\u00fcy\u00fck d\u00f6n\u00fc\u015f\u00fcm\u00fcn\u00fc hi\u00e7bir zaman bedeninde ya\u015famad\u0131. As\u0131l evrim, insan\u0131n i\u00e7inde ger\u00e7ekle\u015fti \u2014 ya da ger\u00e7ekle\u015femedi. Homosapiens\u2019ten Sonra Sen; modern insan\u0131n h\u0131zla \u00e7o\u011falan kimliklerini, sessizlikten ka\u00e7\u0131\u015f\u0131n\u0131, kalabal\u0131klar i\u00e7indeki yaln\u0131zl\u0131\u011f\u0131n\u0131 ve kendinden uzakla\u015fmas\u0131n\u0131 sorgulayan bir i\u00e7 yolculuk. Bu kitapta kesin cevaplar yok. Do\u011fru\u2013yanl\u0131\u015f listeleri yok. Ki\u015fisel geli\u015fim re\u00e7eteleri de yok. Burada sorular var. Rahats\u0131z eden sorular. Durup bakman\u0131 isteyen sorular. Okuduk\u00e7a fark edeceksin: Arad\u0131\u011f\u0131n \u015fey d\u0131\u015far\u0131da de\u011fil. G\u00fcr\u00fclt\u00fcde hi\u00e7 de\u011fil. Kalabal\u0131kta asla de\u011fil. Belki de mesele daha iyi bir insan olmak de\u011fil, daha b\u00fct\u00fcn bir insan olabilmektir. Ve belki de insanl\u0131\u011f\u0131n bir sonraki evrim a\u015famas\u0131 yeni bir t\u00fcr de\u011fil, senin kendinle yeniden kar\u015f\u0131la\u015fmand\u0131r.<\/p>\n","protected":false},"excerpt":{"rendered":"<p>Bu kitap sana bir \u015fey \u00f6\u011fretmek i\u00e7in yaz\u0131lmad\u0131. Sana kim oldu\u011funu hat\u0131rlatmak i\u00e7in yaz\u0131ld\u0131. \u0130nsan, binlerce y\u0131l boyunca evrimle\u015fti. Ama en b\u00fcy\u00fck d\u00f6n\u00fc\u015f\u00fcm\u00fcn\u00fc hi\u00e7bir zaman bedeninde<span class=\"excerpt-hellip\"> [\u2026]<\/span><\/p>\n","protected":false},"featured_media":0,"template":"","meta":{"_monsterinsights_skip_tracking":false,"_monsterinsights_sitenote_active":false,"_monsterinsights_sitenote_note":"","_monsterinsights_sitenote_category":0},"product_brand":[],"product_cat":[12364,12376],"product_tag":[],"class_list":{"0":"post-784422","1":"product","2":"type-product","3":"status-publish","5":"product_cat-genel-konular","6":"product_cat-kisisel-gelisim","7":"pa_cilt-ciltsiz","8":"pa_tur-kitap","9":"pa_yayinevi-platanus-publishing","10":"pa_yazar-musab-arslan","12":"first","13":"instock","14":"sale","15":"shipping-taxable","16":"purchasable","17":"product-type-simple"},"_links":{"self":[{"href":"https:\/\/roveyayinevi.com.tr\/index.php\/wp-json\/wp\/v2\/product\/784422","targetHints":{"allow":["GET"]}}],"collection":[{"href":"https:\/\/roveyayinevi.com.tr\/index.php\/wp-json\/wp\/v2\/product"}],"about":[{"href":"https:\/\/roveyayinevi.com.tr\/index.php\/wp-json\/wp\/v2\/types\/product"}],"wp:attachment":[{"href":"https:\/\/roveyayinevi.com.tr\/index.php\/wp-json\/wp\/v2\/media?parent=784422"}],"wp:term":[{"taxonomy":"product_brand","embeddable":true,"href":"https:\/\/roveyayinevi.com.tr\/index.php\/wp-json\/wp\/v2\/product_brand?post=784422"},{"taxonomy":"product_cat","embeddable":true,"href":"https:\/\/roveyayinevi.com.tr\/index.php\/wp-json\/wp\/v2\/product_cat?post=784422"},{"taxonomy":"product_tag","embeddable":true,"href":"https:\/\/roveyayinevi.com.tr\/index.php\/wp-json\/wp\/v2\/product_tag?post=784422"}],"curies":[{"name":"wp","href":"https:\/\/api.w.org\/{rel}","templated":true}]}}