{"id":784421,"date":"2026-03-07T04:14:46","date_gmt":"2026-03-07T01:14:46","guid":{"rendered":"https:\/\/roveyayinevi.com.tr\/index.php\/urun\/yol-arkadasimizi-secerken\/"},"modified":"2026-03-07T04:14:46","modified_gmt":"2026-03-07T01:14:46","slug":"yol-arkadasimizi-secerken","status":"publish","type":"product","link":"https:\/\/roveyayinevi.com.tr\/index.php\/urun\/yol-arkadasimizi-secerken\/","title":{"rendered":"Yol Arkada\u015f\u0131m\u0131z\u0131 Se\u00e7erken"},"content":{"rendered":"<p>\u00d6m\u00fcr Boyu S\u00fcrecek Mutlulu\u011fun Temeli Bu KitaptaT\u00fcrkiye\u2019de, evlenen her d\u00f6rt \u00e7iftten biri bo\u015fan\u0131yor. Peki, hayat\u0131n\u0131z\u0131n en \u00f6nemli karar\u0131 olan evlilik, mutlulu\u011fu garantilemek yerine neden h\u00fcsranla sonu\u00e7lan\u0131yor?E\u011fitimci-Yazar Davut Can, otuz y\u0131ll\u0131k tecr\u00fcbesiyle mutsuz evliliklerin ve bo\u015fanmalar\u0131n tek bir temel nedeni oldu\u011funu s\u00f6yl\u00fcyor: Yanl\u0131\u015f Yol Arkada\u015f\u0131 Se\u00e7imi.Bu kitap, hayallerinizdeki a\u015fk\u0131 de\u011fil hayat\u0131n\u0131z\u0131 cennete \u00e7evirecek do\u011fru karakteri nas\u0131l bulaca\u011f\u0131n\u0131z\u0131 \u00f6\u011fretecek. Unutmay\u0131n, yolun \u00f6zellikleri de\u011fil yol arkada\u015f\u0131n\u0131z\u0131n \u00f6zellikleri sizi mutlu eder. Hayat\u0131n\u0131z\u0131n en b\u00fcy\u00fck karar\u0131n\u0131 vermeden \u00f6nce bu rehberi okuyun. \u00c7\u00fcnk\u00fc do\u011fru bir se\u00e7im \u00f6m\u00fcr boyu huzur demektir.<\/p>\n","protected":false},"excerpt":{"rendered":"<p>\u00d6m\u00fcr Boyu S\u00fcrecek Mutlulu\u011fun Temeli Bu KitaptaT\u00fcrkiye\u2019de, evlenen her d\u00f6rt \u00e7iftten biri bo\u015fan\u0131yor. Peki, hayat\u0131n\u0131z\u0131n en \u00f6nemli karar\u0131 olan evlilik, mutlulu\u011fu garantilemek yerine neden h\u00fcsranla sonu\u00e7lan\u0131yor?E\u011fitimci-Yazar<span class=\"excerpt-hellip\"> [\u2026]<\/span><\/p>\n","protected":false},"featured_media":0,"template":"","meta":{"_monsterinsights_skip_tracking":false,"_monsterinsights_sitenote_active":false,"_monsterinsights_sitenote_note":"","_monsterinsights_sitenote_category":0},"product_brand":[],"product_cat":[26396,13488],"product_tag":[],"class_list":{"0":"post-784421","1":"product","2":"type-product","3":"status-publish","5":"product_cat-kadin-erkek-iliskileri","6":"product_cat-toplum-ve-insan","7":"pa_cilt-ciltsiz","8":"pa_tur-kitap","9":"pa_yayinevi-hayat-yayinlari","10":"pa_yazar-davut-can","12":"first","13":"instock","14":"sale","15":"shipping-taxable","16":"purchasable","17":"product-type-simple"},"_links":{"self":[{"href":"https:\/\/roveyayinevi.com.tr\/index.php\/wp-json\/wp\/v2\/product\/784421","targetHints":{"allow":["GET"]}}],"collection":[{"href":"https:\/\/roveyayinevi.com.tr\/index.php\/wp-json\/wp\/v2\/product"}],"about":[{"href":"https:\/\/roveyayinevi.com.tr\/index.php\/wp-json\/wp\/v2\/types\/product"}],"wp:attachment":[{"href":"https:\/\/roveyayinevi.com.tr\/index.php\/wp-json\/wp\/v2\/media?parent=784421"}],"wp:term":[{"taxonomy":"product_brand","embeddable":true,"href":"https:\/\/roveyayinevi.com.tr\/index.php\/wp-json\/wp\/v2\/product_brand?post=784421"},{"taxonomy":"product_cat","embeddable":true,"href":"https:\/\/roveyayinevi.com.tr\/index.php\/wp-json\/wp\/v2\/product_cat?post=784421"},{"taxonomy":"product_tag","embeddable":true,"href":"https:\/\/roveyayinevi.com.tr\/index.php\/wp-json\/wp\/v2\/product_tag?post=784421"}],"curies":[{"name":"wp","href":"https:\/\/api.w.org\/{rel}","templated":true}]}}