{"id":784420,"date":"2026-03-07T04:14:40","date_gmt":"2026-03-07T01:14:40","guid":{"rendered":"https:\/\/roveyayinevi.com.tr\/index.php\/urun\/psikiyatrist-2\/"},"modified":"2026-03-07T04:14:40","modified_gmt":"2026-03-07T01:14:40","slug":"psikiyatrist-2","status":"publish","type":"product","link":"https:\/\/roveyayinevi.com.tr\/index.php\/urun\/psikiyatrist-2\/","title":{"rendered":"Psikiyatrist 2"},"content":{"rendered":"<p>Uluslararas\u0131 \u00e7oksatan Psikiyatrist\u2019in uzun s\u00fcredir beklenen devam kitab\u0131Beni hat\u0131rl\u0131yor musun? Seni almaya geldim Bana sadece sen yard\u0131m edebilirsin\u00c7\u00fcnk\u00fc her \u015fey seninle ba\u015flad\u0131Eski bir psikiyatrist olan Mark Behrendt sevgilisinin gizemli cinayetinden sonra \u00e2deta y\u0131k\u0131lm\u0131\u015ft\u0131r. Onu hayatta tutan tek \u015fey en yak\u0131n arkada\u015f\u0131 Doreen\u2019dir. Mark tam da ya\u015fad\u0131\u011f\u0131 k\u00e2busu ard\u0131nda b\u0131rakt\u0131\u011f\u0131n\u0131 d\u00fc\u015f\u00fcnd\u00fc\u011f\u00fcnde katil geri d\u00f6ner ve Doreen\u2019i ka\u00e7\u0131r\u0131r.Katilin Mark\u2019tan istedi\u011fi bir \u015fey vard\u0131r: \u0130ki g\u00fcn i\u00e7inde korkun\u00e7 bir su\u00e7 i\u015flemesi gerekmektedir yoksa katil Doreen\u2019i \u00f6ld\u00fcrecektir. Mark ac\u0131mas\u0131z bir kararla kar\u015f\u0131 kar\u015f\u0131yad\u0131r ve saat i\u015flemektedir\u2026\u201cE\u011fer insan\u0131 dipsiz bir kuyuya sokacak biri varsa, o da nefes nefese okunacak bir roman yaratan Wulf Dorn\u2019dur.\u201dSonntags Express\u201cDopdolu ve okuru yanl\u0131\u015f yollara sokan, kesinlikle okunmay\u0131 hak eden bir roman.\u201dBayern 1\u201cDorn ger\u00e7ek bir gerilim ustas\u0131. \u0130nsanlar\u0131n en k\u00f6t\u00fc k\u00e2buslar\u0131n\u0131 kelimelere d\u00f6kme konusunda ger\u00e7ek bir yetene\u011fi var.\u201dAbendschau BR\u201c\u0130nan\u0131lmayacak derecede \u00e7ok katmanl\u0131 ve \u015fa\u015f\u0131rt\u0131c\u0131 bir gerilim roman\u0131.\u201dRadio BR1\u201cT\u0131pk\u0131 bir gerilim filmi gibi!\u201dRadio Schwaben\u201cWulf Dorn \u00e7ok zeki ve yetenekli bir yazar!\u201dLa Stampa\u201cAlmanya\u2019n\u0131n en iyi psikolojik gerilim yazarlar\u0131ndan biri.\u201dBrigitte<\/p>\n","protected":false},"excerpt":{"rendered":"<p>Uluslararas\u0131 \u00e7oksatan Psikiyatrist\u2019in uzun s\u00fcredir beklenen devam kitab\u0131Beni hat\u0131rl\u0131yor musun? Seni almaya geldim Bana sadece sen yard\u0131m edebilirsin\u00c7\u00fcnk\u00fc her \u015fey seninle ba\u015flad\u0131Eski bir psikiyatrist olan Mark<span class=\"excerpt-hellip\"> [\u2026]<\/span><\/p>\n","protected":false},"featured_media":0,"template":"","meta":{"_monsterinsights_skip_tracking":false,"_monsterinsights_sitenote_active":false,"_monsterinsights_sitenote_note":"","_monsterinsights_sitenote_category":0},"product_brand":[],"product_cat":[12291,17033],"product_tag":[],"class_list":{"0":"post-784420","1":"product","2":"type-product","3":"status-publish","5":"product_cat-edebiyat","6":"product_cat-korku-gerilim","7":"pa_cilt-ciltsiz","8":"pa_tur-kitap","9":"pa_yayinevi-pegasus-yayinlari","10":"pa_yazar-wulf-dorn","12":"first","13":"instock","14":"sale","15":"shipping-taxable","16":"purchasable","17":"product-type-simple"},"_links":{"self":[{"href":"https:\/\/roveyayinevi.com.tr\/index.php\/wp-json\/wp\/v2\/product\/784420","targetHints":{"allow":["GET"]}}],"collection":[{"href":"https:\/\/roveyayinevi.com.tr\/index.php\/wp-json\/wp\/v2\/product"}],"about":[{"href":"https:\/\/roveyayinevi.com.tr\/index.php\/wp-json\/wp\/v2\/types\/product"}],"wp:attachment":[{"href":"https:\/\/roveyayinevi.com.tr\/index.php\/wp-json\/wp\/v2\/media?parent=784420"}],"wp:term":[{"taxonomy":"product_brand","embeddable":true,"href":"https:\/\/roveyayinevi.com.tr\/index.php\/wp-json\/wp\/v2\/product_brand?post=784420"},{"taxonomy":"product_cat","embeddable":true,"href":"https:\/\/roveyayinevi.com.tr\/index.php\/wp-json\/wp\/v2\/product_cat?post=784420"},{"taxonomy":"product_tag","embeddable":true,"href":"https:\/\/roveyayinevi.com.tr\/index.php\/wp-json\/wp\/v2\/product_tag?post=784420"}],"curies":[{"name":"wp","href":"https:\/\/api.w.org\/{rel}","templated":true}]}}