{"id":784419,"date":"2026-03-07T04:14:08","date_gmt":"2026-03-07T01:14:08","guid":{"rendered":"https:\/\/roveyayinevi.com.tr\/index.php\/urun\/bitmeyen-tehlike-makaleler-iii\/"},"modified":"2026-04-15T03:44:19","modified_gmt":"2026-04-15T00:44:19","slug":"bitmeyen-tehlike-makaleler-iii","status":"publish","type":"product","link":"https:\/\/roveyayinevi.com.tr\/index.php\/urun\/bitmeyen-tehlike-makaleler-iii\/","title":{"rendered":"Bitmeyen Tehlike Makaleler III"},"content":{"rendered":"<p>Ayd\u0131nlanma sava\u015f\u00e7\u0131s\u0131 Prof. Dr. \u0130lhan Arsel\u2019in eski gazete ve dergi sayfalar\u0131nda kalan veya kendi ar\u015fivinde bulunup hi\u00e7 yay\u0131mlanmam\u0131\u015f olan makaleleri Arzu Toker taraf\u0131ndan derlendi. Bitmeyen Tehlike ad\u0131 alt\u0131nda okuyaca\u011f\u0131n\u0131z yaz\u0131lar\u0131n i\u00e7eri\u011fi g\u00fcncel konularda \u00f6nemli olan pek \u00e7ok soruya cevap verme niteli\u011fi ta\u015f\u0131d\u0131\u011f\u0131 i\u00e7in yaz\u0131l\u0131\u015f tarihi ve s\u0131ras\u0131 g\u00f6zetilmeden se\u00e7ildi. \u00dclkemizin i\u00e7ine d\u00fc\u015fece\u011fi tehlikeyi daha 1960\u2019lardan bu yana g\u00f6ren ve \u00e7e\u015fitli makalelerde dile getiren, bizleri uyaran \u0130lhan Arsel\u2019in makalelerinin \u00fc\u00e7\u00fcnc\u00fc cildi de yine din ile devlet, demokrasi ve bir memleketin medeniyet \u00f6l\u00e7\u00fcs\u00fc olan kad\u0131n\u0131n toplumdaki yerini irdeleyen yaz\u0131lar\u0131n\u0131 i\u00e7eriyor. Kitapta yer alan baz\u0131 konu ba\u015fl\u0131klar\u0131 \u015funlar:   \u2022 Bitmeyen Tehlike \u2022 Ordu\u2019da Reform \u2022 G\u00fcnahlardan Kurtulma Kolayl\u0131\u011f\u0131 \u2022 Totalitarizme \u00d6zenti mi? \u2022 Ve \u00c7ar\u015faf \u2022 Kad\u0131n D\u00fc\u015fmanlar\u0131n\u0131 Savunan Kad\u0131nlar \u2022 Camiler ve Memleket \u2022 Din ve Devlet Ayr\u0131l\u0131\u011f\u0131 \u2022 \u015eeriata ve \u015eeriat\u00e7\u0131ya Kar\u015f\u0131 Sava\u015f\u0131m G\u00f6revi \u2022 Devlet, Biz ve Anayasa Mahkemesi \u2022 Turan Dursun\u2019u Anarken \u2022 Kad\u0131n\u0131n Giyim H\u00fcrriyeti \u2022 \u0130slam D\u00fcnyas\u0131nda Dogmac\u0131l\u0131k \u2022 Kamu D\u00fczenini ve Asayi\u015fi Var K\u0131lman\u0131n Yollar\u0131 \u2022 \u015eeriat\u0131n Koydu\u011fu Temel Esaslar \u2022 Zulme Kar\u015f\u0131 Koyma Zihniyetini Getiren Atat\u00fcrk \u2022 Ak\u0131lc\u0131l\u0131k, Dinde Reform ve Atat\u00fcrk   <\/p>\n","protected":false},"excerpt":{"rendered":"<p>Ayd\u0131nlanma sava\u015f\u00e7\u0131s\u0131 Prof. Dr. \u0130lhan Arsel\u2019in eski gazete ve dergi sayfalar\u0131nda kalan veya kendi ar\u015fivinde bulunup hi\u00e7 yay\u0131mlanmam\u0131\u015f olan makaleleri Arzu Toker taraf\u0131ndan derlendi. Bitmeyen Tehlike<span class=\"excerpt-hellip\"> [\u2026]<\/span><\/p>\n","protected":false},"featured_media":0,"template":"","meta":{"_monsterinsights_skip_tracking":false,"_monsterinsights_sitenote_active":false,"_monsterinsights_sitenote_note":"","_monsterinsights_sitenote_category":0},"product_brand":[],"product_cat":[52477],"product_tag":[],"class_list":{"0":"post-784419","1":"product","2":"type-product","3":"status-publish","5":"product_cat-arastirma","6":"pa_cilt-ciltsiz","7":"pa_tur-kitap","8":"pa_yayinevi-kaynak-yayinlari","9":"pa_yazar-ilhan-arsel","11":"first","12":"instock","13":"sale","14":"shipping-taxable","15":"purchasable","16":"product-type-simple"},"_links":{"self":[{"href":"https:\/\/roveyayinevi.com.tr\/index.php\/wp-json\/wp\/v2\/product\/784419","targetHints":{"allow":["GET"]}}],"collection":[{"href":"https:\/\/roveyayinevi.com.tr\/index.php\/wp-json\/wp\/v2\/product"}],"about":[{"href":"https:\/\/roveyayinevi.com.tr\/index.php\/wp-json\/wp\/v2\/types\/product"}],"wp:attachment":[{"href":"https:\/\/roveyayinevi.com.tr\/index.php\/wp-json\/wp\/v2\/media?parent=784419"}],"wp:term":[{"taxonomy":"product_brand","embeddable":true,"href":"https:\/\/roveyayinevi.com.tr\/index.php\/wp-json\/wp\/v2\/product_brand?post=784419"},{"taxonomy":"product_cat","embeddable":true,"href":"https:\/\/roveyayinevi.com.tr\/index.php\/wp-json\/wp\/v2\/product_cat?post=784419"},{"taxonomy":"product_tag","embeddable":true,"href":"https:\/\/roveyayinevi.com.tr\/index.php\/wp-json\/wp\/v2\/product_tag?post=784419"}],"curies":[{"name":"wp","href":"https:\/\/api.w.org\/{rel}","templated":true}]}}