{"id":784418,"date":"2026-03-07T04:13:55","date_gmt":"2026-03-07T01:13:55","guid":{"rendered":"https:\/\/roveyayinevi.com.tr\/index.php\/urun\/yeryuzunun-nomosu-jus-publicum-europaeum-cercevesinde-uluslararasi-hukukta\/"},"modified":"2026-03-07T04:13:55","modified_gmt":"2026-03-07T01:13:55","slug":"yeryuzunun-nomosu-jus-publicum-europaeum-cercevesinde-uluslararasi-hukukta","status":"publish","type":"product","link":"https:\/\/roveyayinevi.com.tr\/index.php\/urun\/yeryuzunun-nomosu-jus-publicum-europaeum-cercevesinde-uluslararasi-hukukta\/","title":{"rendered":"Yery\u00fcz\u00fcn\u00fcn Nomosu &#8211; Jus Publicum Europaeum \u00c7er\u00e7evesinde Uluslararas\u0131 Hukukta"},"content":{"rendered":"<p>Yery\u00fcz\u00fcn\u00fcn Nomosu, Carl Schmitt\u2019in siyaset teorisi ile uluslararas\u0131 hukukun kesi\u015fiminde duran en kapsaml\u0131 ve vizyoner eserlerden biridir.\u0130lk kez 1950\u2019de yay\u0131mlanan bu metin, yery\u00fcz\u00fcn\u00fcn b\u00f6l\u00fcnmesini, d\u00fczenlenmesini ve anlamland\u0131r\u0131lmas\u0131n\u0131 belirleyen temel ilke mahiyetindeki nomos kavram\u0131n\u0131 tarihsel bir d\u00fc\u015f\u00fcnme ekseni haline getirir. Schmitt, modern d\u00fcnyan\u0131n siyasi ve hukuki d\u00fczenini, toprak, iktidar ve egemenlik aras\u0131ndaki ili\u015fkinin \u015fekillendirdi\u011fi bir \u201cd\u00fcnya d\u00fczeni\u201d olarak okur. Eser, Avrupa merkezli Jus Publicum Europaeum \u00e7a\u011f\u0131n\u0131n do\u011fu\u015fundan \u00e7\u00f6k\u00fc\u015f\u00fcne uzanan bir analizdir.Avrupa egemenli\u011finin Bat\u0131 rasyonalizmindeki en olgun siyasal bi\u00e7im olarak nas\u0131l ortaya \u00e7\u0131kt\u0131\u011f\u0131n\u0131, s\u00f6m\u00fcrgecilik ve emperyalizmin bu d\u00fczeni nas\u0131l d\u00f6n\u00fc\u015ft\u00fcrd\u00fc\u011f\u00fcn\u00fc, ard\u0131ndan totaliter ideolojiler ve ulus-\u00f6tesi kurumlar\u0131n 20. y\u00fczy\u0131lda egemenli\u011fi nas\u0131l a\u015f\u0131nd\u0131rd\u0131\u011f\u0131n\u0131 tart\u0131\u015f\u0131r. Schmitt\u2019e g\u00f6re, sava\u015f\u0131n \u201cmedenile\u015ftirilmesini\u201d m\u00fcmk\u00fcn k\u0131lan Avrupa d\u00fczeni \u00e7\u00f6kt\u00fc\u011f\u00fcnde, insanl\u0131k yeni bir nomos krizine s\u00fcr\u00fcklenmi\u015ftir. Yery\u00fcz\u00fcn\u00fcn Nomosu, hukukun, sava\u015f\u0131n ve egemenli\u011fin anlam\u0131n\u0131 yeniden d\u00fc\u015f\u00fcnmeye davet eden bir ba\u015fyap\u0131tt\u0131r.Yay\u0131mland\u0131\u011f\u0131 g\u00fcnden bu yana, k\u00fcresel d\u00fczenin k\u00f6kenlerini, Bat\u0131 medeniyetinin s\u0131n\u0131rlar\u0131n\u0131 ve modernli\u011fin siyasal anlam\u0131n\u0131 tart\u0131\u015fan en g\u00fc\u00e7l\u00fc metinlerden biri olmay\u0131 s\u00fcrd\u00fcr\u00fcr. Bu \u00e7eviri, eserin kavramsal derinli\u011fini, tarihsel g\u00f6ndermelerini ve teolojik-siyasal ba\u011flam\u0131n\u0131 ayd\u0131nlatan ayr\u0131nt\u0131l\u0131 notlarla birlikte, Schmitt\u2019in d\u00fc\u015f\u00fcncesini \u00f6zg\u00fcn bi\u00e7imiyle T\u00fcrk\u00e7eye kazand\u0131r\u0131yor. <\/p>\n","protected":false},"excerpt":{"rendered":"<p>Yery\u00fcz\u00fcn\u00fcn Nomosu, Carl Schmitt\u2019in siyaset teorisi ile uluslararas\u0131 hukukun kesi\u015fiminde duran en kapsaml\u0131 ve vizyoner eserlerden biridir.\u0130lk kez 1950\u2019de yay\u0131mlanan bu metin, yery\u00fcz\u00fcn\u00fcn b\u00f6l\u00fcnmesini, d\u00fczenlenmesini ve<span class=\"excerpt-hellip\"> [\u2026]<\/span><\/p>\n","protected":false},"featured_media":0,"template":"","meta":{"_monsterinsights_skip_tracking":false,"_monsterinsights_sitenote_active":false,"_monsterinsights_sitenote_note":"","_monsterinsights_sitenote_category":0},"product_brand":[],"product_cat":[15350,17602],"product_tag":[],"class_list":{"0":"post-784418","1":"product","2":"type-product","3":"status-publish","5":"product_cat-hukuk","6":"product_cat-hukuk-uzerine","7":"pa_cilt-ciltsiz","8":"pa_tur-kitap","9":"pa_yayinevi-ketebe-yayinlari","10":"pa_yazar-carl-schmitt","12":"first","13":"instock","14":"sale","15":"shipping-taxable","16":"purchasable","17":"product-type-simple"},"_links":{"self":[{"href":"https:\/\/roveyayinevi.com.tr\/index.php\/wp-json\/wp\/v2\/product\/784418","targetHints":{"allow":["GET"]}}],"collection":[{"href":"https:\/\/roveyayinevi.com.tr\/index.php\/wp-json\/wp\/v2\/product"}],"about":[{"href":"https:\/\/roveyayinevi.com.tr\/index.php\/wp-json\/wp\/v2\/types\/product"}],"wp:attachment":[{"href":"https:\/\/roveyayinevi.com.tr\/index.php\/wp-json\/wp\/v2\/media?parent=784418"}],"wp:term":[{"taxonomy":"product_brand","embeddable":true,"href":"https:\/\/roveyayinevi.com.tr\/index.php\/wp-json\/wp\/v2\/product_brand?post=784418"},{"taxonomy":"product_cat","embeddable":true,"href":"https:\/\/roveyayinevi.com.tr\/index.php\/wp-json\/wp\/v2\/product_cat?post=784418"},{"taxonomy":"product_tag","embeddable":true,"href":"https:\/\/roveyayinevi.com.tr\/index.php\/wp-json\/wp\/v2\/product_tag?post=784418"}],"curies":[{"name":"wp","href":"https:\/\/api.w.org\/{rel}","templated":true}]}}