{"id":784417,"date":"2026-03-07T04:13:13","date_gmt":"2026-03-07T01:13:13","guid":{"rendered":"https:\/\/roveyayinevi.com.tr\/index.php\/urun\/buyuk-ihanet-2\/"},"modified":"2026-04-15T03:43:44","modified_gmt":"2026-04-15T00:43:44","slug":"buyuk-ihanet-2","status":"publish","type":"product","link":"https:\/\/roveyayinevi.com.tr\/index.php\/urun\/buyuk-ihanet-2\/","title":{"rendered":"B\u00fcy\u00fck \u0130hanet"},"content":{"rendered":"<p>Bir y\u00fczy\u0131l\u0131 a\u015fan ac\u0131, umut ve direni\u015fin hik\u00e2yesi\u2026 Fawaz A. Gerges, B\u00fcy\u00fck \u0130hanet\u2019te Orta Do\u011fu\u2019nun modern tarihini, yaln\u0131zca liderlerin ve imparatorluklar\u0131n de\u011fil, s\u0131radan insanlar\u0131n m\u00fccadeleleri \u00fczerinden yeniden yaz\u0131yor. Sykes\u2013Picot\u2019tan Arap Bahar\u0131\u2019na, kolonyal mirastan g\u00fcn\u00fcm\u00fcz otoriter rejimlerine uzanan bu b\u00fcy\u00fck anlat\u0131, b\u00f6lgenin neden h\u00e2l\u00e2 \u00f6zg\u00fcrl\u00fck, adalet ve temsil aray\u0131\u015f\u0131nda oldu\u011funu \u00e7arp\u0131c\u0131 bir a\u00e7\u0131kl\u0131kla ortaya koyuyor. Yazar, yabanc\u0131 m\u00fcdahale, yerel otoriterlik ve halk\u0131n direnci aras\u0131nda s\u00fcregelen gerilimi tarihsel sosyoloji merce\u011fiyle analiz ederken \u015fu soruya yan\u0131t ar\u0131yor: Orta Do\u011fu neden potansiyelini ger\u00e7ekle\u015ftiremedi? Tolstoy\u2019un \u201ckrallar tarihin k\u00f6leleridir\u201d s\u00f6z\u00fcyle a\u00e7\u0131lan bu kitap, tarihin itici g\u00fcc\u00fcn\u00fcn halk oldu\u011funu hat\u0131rlat\u0131yor.Bir b\u00f6lgenin haritas\u0131n\u0131 yeniden \u00e7izen imparatorluklar\u0131n, kendi halk\u0131ndan korkan y\u00f6neticilerin ve b\u00fct\u00fcn bunlara ra\u011fmen onur ve \u00f6zg\u00fcrl\u00fck i\u00e7in aya\u011fa kalkan insanlar\u0131n hik\u00e2yesi\u2026 B\u00fcy\u00fck \u0130hanet, sadece ge\u00e7mi\u015fin muhasebi de\u011fil; gelece\u011fin daha adil bir Orta Do\u011fu\u2019suna dair bir \u00e7a\u011fr\u0131. <\/p>\n","protected":false},"excerpt":{"rendered":"<p>Bir y\u00fczy\u0131l\u0131 a\u015fan ac\u0131, umut ve direni\u015fin hik\u00e2yesi\u2026 Fawaz A. Gerges, B\u00fcy\u00fck \u0130hanet\u2019te Orta Do\u011fu\u2019nun modern tarihini, yaln\u0131zca liderlerin ve imparatorluklar\u0131n de\u011fil, s\u0131radan insanlar\u0131n m\u00fccadeleleri \u00fczerinden<span class=\"excerpt-hellip\"> [\u2026]<\/span><\/p>\n","protected":false},"featured_media":0,"template":"","meta":{"_monsterinsights_skip_tracking":false,"_monsterinsights_sitenote_active":false,"_monsterinsights_sitenote_note":"","_monsterinsights_sitenote_category":0},"product_brand":[],"product_cat":[12337,14706],"product_tag":[],"class_list":{"0":"post-784417","1":"product","2":"type-product","3":"status-publish","5":"product_cat-politika-siyaset","6":"product_cat-siyaset-bilimi","7":"pa_cilt-ciltsiz","8":"pa_tur-kitap","9":"pa_yayinevi-kadim-yayinlari","10":"pa_yazar-fawaz-a-gerges","12":"first","13":"instock","14":"sale","15":"shipping-taxable","16":"purchasable","17":"product-type-simple"},"_links":{"self":[{"href":"https:\/\/roveyayinevi.com.tr\/index.php\/wp-json\/wp\/v2\/product\/784417","targetHints":{"allow":["GET"]}}],"collection":[{"href":"https:\/\/roveyayinevi.com.tr\/index.php\/wp-json\/wp\/v2\/product"}],"about":[{"href":"https:\/\/roveyayinevi.com.tr\/index.php\/wp-json\/wp\/v2\/types\/product"}],"wp:attachment":[{"href":"https:\/\/roveyayinevi.com.tr\/index.php\/wp-json\/wp\/v2\/media?parent=784417"}],"wp:term":[{"taxonomy":"product_brand","embeddable":true,"href":"https:\/\/roveyayinevi.com.tr\/index.php\/wp-json\/wp\/v2\/product_brand?post=784417"},{"taxonomy":"product_cat","embeddable":true,"href":"https:\/\/roveyayinevi.com.tr\/index.php\/wp-json\/wp\/v2\/product_cat?post=784417"},{"taxonomy":"product_tag","embeddable":true,"href":"https:\/\/roveyayinevi.com.tr\/index.php\/wp-json\/wp\/v2\/product_tag?post=784417"}],"curies":[{"name":"wp","href":"https:\/\/api.w.org\/{rel}","templated":true}]}}