{"id":784413,"date":"2026-03-07T03:57:46","date_gmt":"2026-03-07T00:57:46","guid":{"rendered":"https:\/\/roveyayinevi.com.tr\/index.php\/urun\/islam-perspektifinden-basari-hitabet-beden-dili\/"},"modified":"2026-04-08T03:29:33","modified_gmt":"2026-04-08T00:29:33","slug":"islam-perspektifinden-basari-hitabet-beden-dili","status":"publish","type":"product","link":"https:\/\/roveyayinevi.com.tr\/index.php\/urun\/islam-perspektifinden-basari-hitabet-beden-dili\/","title":{"rendered":"\u0130slam Perspektifinden Ba\u015far\u0131 Hitabet Beden Dili"},"content":{"rendered":"<p>Ba\u015far\u0131 kavram\u0131n\u0131 ve etkili ileti\u015fimin \u00f6nc\u00fclleri olan hitabet ve beden dilini birlikte ele alan bu eser, bireysel geli\u015fimi \u0130slam&#8217;\u0131n evrensel de\u011ferleriyle harmanl\u0131yor. Hayatta iz b\u0131rakmak isteyenlere rehber niteli\u011finde olan eserde, Kur\u2019an-\u0131 Kerim\u2019in ve Peygamber Efendimizin rehberli\u011finde ileti\u015fim sanat\u0131n\u0131n inceliklerini ke\u015ffedeceksiniz. Kendi potansiyelinizi a\u00e7\u0131\u011fa \u00e7\u0131karacak, \u0130slam\u2019\u0131n ahlaki ve insani ilkeleriyle \u00f6r\u00fclm\u00fc\u015f bir ba\u015far\u0131 ve etkili ileti\u015fim anlay\u0131\u015f\u0131n\u0131 ke\u015ffedeceksiniz. S\u00f6zlerinizle, duru\u015funuzla kalplere dokunman\u0131n s\u0131rlar\u0131n\u0131 \u00f6\u011freneceksiniz.Eseri emsallerinden farkl\u0131 k\u0131lan, g\u00fcn\u00fcm\u00fcz\u00fcn \u00e7\u0131kar odakl\u0131 d\u00fcnyevi ba\u015far\u0131 anlay\u0131\u015f\u0131 ve buna hizmet edecek etkili ileti\u015fim y\u00f6ntemleri yerine; insana ve varl\u0131\u011fa kar\u015f\u0131 ahlaki bir sorumluluk ta\u015f\u0131yan, hak ve adaleti esas alan bir vizyon in\u015fa etmesidir.Nereye gitti\u011fini bilen bir insana yol vermek i\u00e7in, d\u00fcnya durup kenara \u00e7ekilirmi\u015f. Bu \u00e7al\u0131\u015fmada nazara verilen esaslar\u0131n, ba\u015far\u0131ya namzet her insana, &#8220;nereye nas\u0131l gitmesi gerekti\u011fi&#8221; hususunda yard\u0131mc\u0131 olaca\u011f\u0131n\u0131 umuyoruz.Hayat yolculu\u011funuzda bir ad\u0131m \u00f6ne \u00e7\u0131kmaya haz\u0131r m\u0131s\u0131n\u0131z?<\/p>\n","protected":false},"excerpt":{"rendered":"<p>Ba\u015far\u0131 kavram\u0131n\u0131 ve etkili ileti\u015fimin \u00f6nc\u00fclleri olan hitabet ve beden dilini birlikte ele alan bu eser, bireysel geli\u015fimi \u0130slam&#8217;\u0131n evrensel de\u011ferleriyle harmanl\u0131yor. Hayatta iz b\u0131rakmak isteyenlere<span class=\"excerpt-hellip\"> [\u2026]<\/span><\/p>\n","protected":false},"featured_media":0,"template":"","meta":{"_monsterinsights_skip_tracking":false,"_monsterinsights_sitenote_active":false,"_monsterinsights_sitenote_note":"","_monsterinsights_sitenote_category":0},"product_brand":[],"product_cat":[12364,12376],"product_tag":[],"class_list":{"0":"post-784413","1":"product","2":"type-product","3":"status-publish","5":"product_cat-genel-konular","6":"product_cat-kisisel-gelisim","7":"pa_cilt-ciltsiz","8":"pa_tur-kitap","9":"pa_yayinevi-caglayan-kitap","10":"pa_yazar-sadi-eren","12":"first","13":"instock","14":"sale","15":"shipping-taxable","16":"purchasable","17":"product-type-simple"},"_links":{"self":[{"href":"https:\/\/roveyayinevi.com.tr\/index.php\/wp-json\/wp\/v2\/product\/784413","targetHints":{"allow":["GET"]}}],"collection":[{"href":"https:\/\/roveyayinevi.com.tr\/index.php\/wp-json\/wp\/v2\/product"}],"about":[{"href":"https:\/\/roveyayinevi.com.tr\/index.php\/wp-json\/wp\/v2\/types\/product"}],"wp:attachment":[{"href":"https:\/\/roveyayinevi.com.tr\/index.php\/wp-json\/wp\/v2\/media?parent=784413"}],"wp:term":[{"taxonomy":"product_brand","embeddable":true,"href":"https:\/\/roveyayinevi.com.tr\/index.php\/wp-json\/wp\/v2\/product_brand?post=784413"},{"taxonomy":"product_cat","embeddable":true,"href":"https:\/\/roveyayinevi.com.tr\/index.php\/wp-json\/wp\/v2\/product_cat?post=784413"},{"taxonomy":"product_tag","embeddable":true,"href":"https:\/\/roveyayinevi.com.tr\/index.php\/wp-json\/wp\/v2\/product_tag?post=784413"}],"curies":[{"name":"wp","href":"https:\/\/api.w.org\/{rel}","templated":true}]}}