{"id":784411,"date":"2026-03-07T03:51:15","date_gmt":"2026-03-07T00:51:15","guid":{"rendered":"https:\/\/roveyayinevi.com.tr\/index.php\/urun\/benlige-dalma\/"},"modified":"2026-04-15T03:28:36","modified_gmt":"2026-04-15T00:28:36","slug":"benlige-dalma","status":"publish","type":"product","link":"https:\/\/roveyayinevi.com.tr\/index.php\/urun\/benlige-dalma\/","title":{"rendered":"Benli\u011fe Dalma"},"content":{"rendered":"<p>D\u0130N KURUCULARINDA VE PEYGAMBERLERDE HAK\u0130KAT\u0130 BULMADA BENL\u0130\u011eE DALMA Hakikat, aran\u0131nca bulunur. Pe\u015finden ko\u015fulunca kendini a\u00e7\u0131\u011fa \u00e7\u0131kar\u0131r. Ona ula\u015fmak i\u00e7in \u00e7aba sarf etmek gerekir. Din kurucular\u0131, hakikatin ard\u0131ndan en \u00e7ok gidenlerdir. Dinler tarihine bak\u0131ld\u0131\u011f\u0131nda din kurucular\u0131n\u0131n kitlelerden uzakla\u015f\u0131p inzivaya \u00e7ekildi\u011fi g\u00f6r\u00fcl\u00fcr. Vahiy alana veya ayd\u0131nlanana kadar din kurucular\u0131 yaln\u0131zl\u0131\u011f\u0131 bir s\u0131\u011f\u0131nak olarak g\u00f6r\u00fcr. Onlar, do\u011fan\u0131n i\u00e7inde tefekk\u00fcre dalarak kendilerini, toplumlar\u0131n\u0131 ve yarat\u0131c\u0131lar\u0131n\u0131 anlamaya \u00e7al\u0131\u015f\u0131rlar. Burada tinsel ve tensel bir ar\u0131nmaya girerler. Onlar \u00e7ektikleri ac\u0131lar\u0131n ve g\u00f6sterdikleri \u00e7abalar\u0131n kar\u015f\u0131l\u0131\u011f\u0131n\u0131 zamanla g\u00f6r\u00fcrler. Yarat\u0131c\u0131dan mesaj alan din kurucular\u0131, tekrar toplumlar\u0131na geri d\u00f6nerler. Onlar ald\u0131klar\u0131 mesajla toplumu de\u011fi\u015ftirmeye ve d\u00f6n\u00fc\u015ft\u00fcrmeye \u00e7al\u0131\u015f\u0131rlar.     <\/p>\n","protected":false},"excerpt":{"rendered":"<p>D\u0130N KURUCULARINDA VE PEYGAMBERLERDE HAK\u0130KAT\u0130 BULMADA BENL\u0130\u011eE DALMA Hakikat, aran\u0131nca bulunur. Pe\u015finden ko\u015fulunca kendini a\u00e7\u0131\u011fa \u00e7\u0131kar\u0131r. Ona ula\u015fmak i\u00e7in \u00e7aba sarf etmek gerekir. Din kurucular\u0131, hakikatin<span class=\"excerpt-hellip\"> [\u2026]<\/span><\/p>\n","protected":false},"featured_media":0,"template":"","meta":{"_monsterinsights_skip_tracking":false,"_monsterinsights_sitenote_active":false,"_monsterinsights_sitenote_note":"","_monsterinsights_sitenote_category":0},"product_brand":[],"product_cat":[12718,12719],"product_tag":[],"class_list":{"0":"post-784411","1":"product","2":"type-product","3":"status-publish","5":"product_cat-din","6":"product_cat-islam","7":"pa_cilt-ciltsiz","8":"pa_tur-kitap","9":"pa_yayinevi-otto-yayinlari","10":"pa_yazar-necati-sumer","12":"first","13":"instock","14":"sale","15":"shipping-taxable","16":"purchasable","17":"product-type-simple"},"_links":{"self":[{"href":"https:\/\/roveyayinevi.com.tr\/index.php\/wp-json\/wp\/v2\/product\/784411","targetHints":{"allow":["GET"]}}],"collection":[{"href":"https:\/\/roveyayinevi.com.tr\/index.php\/wp-json\/wp\/v2\/product"}],"about":[{"href":"https:\/\/roveyayinevi.com.tr\/index.php\/wp-json\/wp\/v2\/types\/product"}],"wp:attachment":[{"href":"https:\/\/roveyayinevi.com.tr\/index.php\/wp-json\/wp\/v2\/media?parent=784411"}],"wp:term":[{"taxonomy":"product_brand","embeddable":true,"href":"https:\/\/roveyayinevi.com.tr\/index.php\/wp-json\/wp\/v2\/product_brand?post=784411"},{"taxonomy":"product_cat","embeddable":true,"href":"https:\/\/roveyayinevi.com.tr\/index.php\/wp-json\/wp\/v2\/product_cat?post=784411"},{"taxonomy":"product_tag","embeddable":true,"href":"https:\/\/roveyayinevi.com.tr\/index.php\/wp-json\/wp\/v2\/product_tag?post=784411"}],"curies":[{"name":"wp","href":"https:\/\/api.w.org\/{rel}","templated":true}]}}