{"id":784405,"date":"2026-03-07T03:14:24","date_gmt":"2026-03-07T00:14:24","guid":{"rendered":"https:\/\/roveyayinevi.com.tr\/index.php\/urun\/falaka-13\/"},"modified":"2026-04-16T02:51:16","modified_gmt":"2026-04-15T23:51:16","slug":"falaka-13","status":"publish","type":"product","link":"https:\/\/roveyayinevi.com.tr\/index.php\/urun\/falaka-13\/","title":{"rendered":"Falaka"},"content":{"rendered":"<p>Ben daima \u0131st\u0131rap i\u00e7inde ya\u015fayan bir adam\u0131m! Bu azap adeta kendimi bildi\u011fim anda ba\u015flad\u0131. Belki daha d\u00d6rt ya\u015f\u0131nda yoktum. Ondan sonra yapt\u0131\u011f\u0131m de\u011fil, hatta d\u00fc\u015f\u00fcnd\u00fc\u011f\u00fcm fenal\u0131klar\u0131n bile vicdan\u0131mda tutu\u015fturdu\u011fu nihayetsiz cehennem azaplar\u0131 i\u00e7inde hala k\u0131vran\u0131yorum. Beni \u00fczen \u015feylerin hi\u00e7birini unutmad\u0131m. Hat\u0131ram sanki yaln\u0131z elem i\u00e7in yap\u0131lm\u0131\u015f.Evet, acaba d\u00d6rt ya\u015f\u0131nda var m\u0131yd\u0131m? Ondan evvel hi\u00e7bir \u015fey bilmiyorum. \u015euur, ba\u015f\u0131m\u0131za nas\u0131l yakmayan bir y\u0131ld\u0131r\u0131m gibi d\u00fc\u015fer. Tolstoy, daha dokuz ayl\u0131k bir \u00e7ocukken kendisinin banyoya sokuldu\u011funu hat\u0131rl\u0131yor. \u0130lk duygusu bir haz! Benimki m\u00fcthi\u015f bir \u0131st\u0131rap ile ba\u015flad\u0131. Ben ilk defa kendimi \u015eirket vapurunda hat\u0131rl\u0131yorum.(Tan\u0131tm B\u00fclteninden)<\/p>\n","protected":false},"excerpt":{"rendered":"<p>Ben daima \u0131st\u0131rap i\u00e7inde ya\u015fayan bir adam\u0131m! Bu azap adeta kendimi bildi\u011fim anda ba\u015flad\u0131. Belki daha d\u00d6rt ya\u015f\u0131nda yoktum. Ondan sonra yapt\u0131\u011f\u0131m de\u011fil, hatta d\u00fc\u015f\u00fcnd\u00fc\u011f\u00fcm fenal\u0131klar\u0131n<span class=\"excerpt-hellip\"> [\u2026]<\/span><\/p>\n","protected":false},"featured_media":0,"template":"","meta":{"_monsterinsights_skip_tracking":false,"_monsterinsights_sitenote_active":false,"_monsterinsights_sitenote_note":"","_monsterinsights_sitenote_category":0},"product_brand":[],"product_cat":[12274],"product_tag":[],"class_list":{"0":"post-784405","1":"product","2":"type-product","3":"status-publish","5":"product_cat-cocuk-ve-genclik-kitaplari","6":"pa_cilt-ciltsiz","7":"pa_tur-kitap","8":"pa_yayinevi-northern-lights","9":"pa_yazar-omer-seyfettin","11":"first","12":"instock","13":"sale","14":"shipping-taxable","15":"purchasable","16":"product-type-simple"},"_links":{"self":[{"href":"https:\/\/roveyayinevi.com.tr\/index.php\/wp-json\/wp\/v2\/product\/784405","targetHints":{"allow":["GET"]}}],"collection":[{"href":"https:\/\/roveyayinevi.com.tr\/index.php\/wp-json\/wp\/v2\/product"}],"about":[{"href":"https:\/\/roveyayinevi.com.tr\/index.php\/wp-json\/wp\/v2\/types\/product"}],"wp:attachment":[{"href":"https:\/\/roveyayinevi.com.tr\/index.php\/wp-json\/wp\/v2\/media?parent=784405"}],"wp:term":[{"taxonomy":"product_brand","embeddable":true,"href":"https:\/\/roveyayinevi.com.tr\/index.php\/wp-json\/wp\/v2\/product_brand?post=784405"},{"taxonomy":"product_cat","embeddable":true,"href":"https:\/\/roveyayinevi.com.tr\/index.php\/wp-json\/wp\/v2\/product_cat?post=784405"},{"taxonomy":"product_tag","embeddable":true,"href":"https:\/\/roveyayinevi.com.tr\/index.php\/wp-json\/wp\/v2\/product_tag?post=784405"}],"curies":[{"name":"wp","href":"https:\/\/api.w.org\/{rel}","templated":true}]}}