{"id":784401,"date":"2026-03-07T03:13:40","date_gmt":"2026-03-07T00:13:40","guid":{"rendered":"https:\/\/roveyayinevi.com.tr\/index.php\/urun\/the-curious-republic-of-gondour\/"},"modified":"2026-04-16T02:51:00","modified_gmt":"2026-04-15T23:51:00","slug":"the-curious-republic-of-gondour","status":"publish","type":"product","link":"https:\/\/roveyayinevi.com.tr\/index.php\/urun\/the-curious-republic-of-gondour\/","title":{"rendered":"The Curious Republic of Gondour"},"content":{"rendered":"<p>Contents 1. The Cur\u0131ous Republ\u0131c Of Gondour 2. A Memory 3. Introductory To ldquo;Memorandardquo; 4. About Smells 5. A Couple Of Sad Exper\u0131ences 6. Dan Murphy 7. The ldquo;TOURNAMENTrdquo; In A. D. 1870 8. Cur\u0131ous Rel\u0131c For Sale 9. A Rem\u0131n\u0131scence Of The Back 10. Settlements 11. A Royal Compl\u0131ment 12. The Approach\u0131ng Ep\u0131dem\u0131c 13. The Tone-Impart\u0131ng Comm\u0131ttee 14. Our Prec\u0131ous Lunat\u0131c 15. The European Warsmdash;[From The Buffalo Express, 16. July 25, 1870.] 17. The W\u0131ld Man Interv\u0131ewedmdash;[From The Buffalo 18. Express, September 18, 1869.] 19. Last Words Of Great Menmdash;[From The Buffalo 20. Express, September 11, 1889.]<\/p>\n","protected":false},"excerpt":{"rendered":"<p>Contents 1. The Cur\u0131ous Republ\u0131c Of Gondour 2. A Memory 3. Introductory To ldquo;Memorandardquo; 4. About Smells 5. A Couple Of Sad Exper\u0131ences 6. Dan Murphy<span class=\"excerpt-hellip\"> [\u2026]<\/span><\/p>\n","protected":false},"featured_media":0,"template":"","meta":{"_monsterinsights_skip_tracking":false,"_monsterinsights_sitenote_active":false,"_monsterinsights_sitenote_note":"","_monsterinsights_sitenote_category":0},"product_brand":[],"product_cat":[12472],"product_tag":[],"class_list":{"0":"post-784401","1":"product","2":"type-product","3":"status-publish","5":"product_cat-yabanci-dilde-kitaplar","6":"pa_cilt-ciltsiz","7":"pa_tur-kitap","8":"pa_yayinevi-platanus-publishing","9":"pa_yazar-mark-twain","11":"first","12":"instock","13":"sale","14":"shipping-taxable","15":"purchasable","16":"product-type-simple"},"_links":{"self":[{"href":"https:\/\/roveyayinevi.com.tr\/index.php\/wp-json\/wp\/v2\/product\/784401","targetHints":{"allow":["GET"]}}],"collection":[{"href":"https:\/\/roveyayinevi.com.tr\/index.php\/wp-json\/wp\/v2\/product"}],"about":[{"href":"https:\/\/roveyayinevi.com.tr\/index.php\/wp-json\/wp\/v2\/types\/product"}],"wp:attachment":[{"href":"https:\/\/roveyayinevi.com.tr\/index.php\/wp-json\/wp\/v2\/media?parent=784401"}],"wp:term":[{"taxonomy":"product_brand","embeddable":true,"href":"https:\/\/roveyayinevi.com.tr\/index.php\/wp-json\/wp\/v2\/product_brand?post=784401"},{"taxonomy":"product_cat","embeddable":true,"href":"https:\/\/roveyayinevi.com.tr\/index.php\/wp-json\/wp\/v2\/product_cat?post=784401"},{"taxonomy":"product_tag","embeddable":true,"href":"https:\/\/roveyayinevi.com.tr\/index.php\/wp-json\/wp\/v2\/product_tag?post=784401"}],"curies":[{"name":"wp","href":"https:\/\/api.w.org\/{rel}","templated":true}]}}