{"id":784394,"date":"2026-03-07T03:13:19","date_gmt":"2026-03-07T00:13:19","guid":{"rendered":"https:\/\/roveyayinevi.com.tr\/index.php\/urun\/kasdislen-tahtacilarinin-dini-ve-sosyo-kulturel-yapisi\/"},"modified":"2026-04-16T02:50:32","modified_gmt":"2026-04-15T23:50:32","slug":"kasdislen-tahtacilarinin-dini-ve-sosyo-kulturel-yapisi","status":"publish","type":"product","link":"https:\/\/roveyayinevi.com.tr\/index.php\/urun\/kasdislen-tahtacilarinin-dini-ve-sosyo-kulturel-yapisi\/","title":{"rendered":"Ka\u015fdi\u015flen Tahtac\u0131lar\u0131n\u0131n Dini ve Sosyo &#8211; K\u00fclt\u00fcrel Yap\u0131s\u0131"},"content":{"rendered":"<p>Anadolu Alevicirc;li\u011finin alt kolu olan Tahtac\u0131lar, y\u00fczy\u0131llard\u0131r ge\u00e7imlerini a\u011fa\u00e7 ve orman i\u015flerinde \u00e7al\u0131\u015farak sa\u011flam\u0131\u015flard\u0131r. Bu nedenle Anadolunun genellikle ormanl\u0131k alanlar\u0131nda, orman i\u015f\u00e7ili\u011finin yap\u0131labilece\u011fi b\u00d6lgelerde ya\u015famlar\u0131n\u0131 s\u00fcrd\u00fcrm\u00fc\u015flerdir. Cumhuriyetin ilan\u0131 ve sonras\u0131nda h\u0131zl\u0131 bir \u015fekilde yerle\u015fik hayata ge\u00e7meye ba\u015flam\u0131\u015f, a\u011fa\u00e7 ve orman i\u015f\u00e7ili\u011fini yava\u015f yava\u015f terk ederek daha farkl\u0131 ge\u00e7im kaynaklar\u0131na y\u00d6nelmi\u015flerdir. Tahtac\u0131lar\u0131n, as\u0131rlard\u0131r orman i\u00e7lerinde g\u00d6\u00e7ebe bir hayat tarz\u0131 s\u00fcrd\u00fcrmeleri, onlar\u0131n d\u0131\u015f d\u00fcnyayla olan sosyal ve k\u00fclt\u00fcrel ba\u011flar\u0131n\u0131n zay\u0131f kalmas\u0131na ve kapal\u0131 bir toplum kimli\u011fine b\u00fcr\u00fcnmelerine sebep olmu\u015ftur. Ancak g\u00fcn\u00fcm\u00fcz\u00fcn \u00e7ok \u00d6nemli bir sosyal ger\u00e7ekli\u011fi olan Alevicirc;lik \u00fczerinde bu kadar konu\u015fulup yaz\u0131lmas\u0131 beraberinde bir\u00e7ok f\u0131rsat\u0131 da getirmi\u015ftir. \u00d6zellikle Alevicirc; kesim, kendini daha rahat ifade etme zemini bulmu\u015f ve bu \u015fekilde kar\u015f\u0131l\u0131kl\u0131 \u00d6n yarg\u0131lar yerini anlay\u0131\u015f ve ho\u015f g\u00d6r\u00fcye b\u0131rakmaya ba\u015flam\u0131\u015ft\u0131r. Dolay\u0131s\u0131yla Tahtac\u0131lar, g\u00fcn\u00fcm\u00fczde a\u00e7\u0131k toplum \u00d6zelli\u011fi daha a\u011f\u0131r basan bir topluluktur.<\/p>\n","protected":false},"excerpt":{"rendered":"<p>Anadolu Alevicirc;li\u011finin alt kolu olan Tahtac\u0131lar, y\u00fczy\u0131llard\u0131r ge\u00e7imlerini a\u011fa\u00e7 ve orman i\u015flerinde \u00e7al\u0131\u015farak sa\u011flam\u0131\u015flard\u0131r. Bu nedenle Anadolunun genellikle ormanl\u0131k alanlar\u0131nda, orman i\u015f\u00e7ili\u011finin yap\u0131labilece\u011fi b\u00d6lgelerde ya\u015famlar\u0131n\u0131 s\u00fcrd\u00fcrm\u00fc\u015flerdir.<span class=\"excerpt-hellip\"> [\u2026]<\/span><\/p>\n","protected":false},"featured_media":0,"template":"","meta":{"_monsterinsights_skip_tracking":false,"_monsterinsights_sitenote_active":false,"_monsterinsights_sitenote_note":"","_monsterinsights_sitenote_category":0},"product_brand":[],"product_cat":[12304],"product_tag":[],"class_list":{"0":"post-784394","1":"product","2":"type-product","3":"status-publish","5":"product_cat-tarih","6":"pa_cilt-ciltsiz","7":"pa_tur-kitap","8":"pa_yayinevi-platanus-publishing","9":"pa_yazar-ali-kocadayi","11":"first","12":"instock","13":"sale","14":"shipping-taxable","15":"purchasable","16":"product-type-simple"},"_links":{"self":[{"href":"https:\/\/roveyayinevi.com.tr\/index.php\/wp-json\/wp\/v2\/product\/784394","targetHints":{"allow":["GET"]}}],"collection":[{"href":"https:\/\/roveyayinevi.com.tr\/index.php\/wp-json\/wp\/v2\/product"}],"about":[{"href":"https:\/\/roveyayinevi.com.tr\/index.php\/wp-json\/wp\/v2\/types\/product"}],"wp:attachment":[{"href":"https:\/\/roveyayinevi.com.tr\/index.php\/wp-json\/wp\/v2\/media?parent=784394"}],"wp:term":[{"taxonomy":"product_brand","embeddable":true,"href":"https:\/\/roveyayinevi.com.tr\/index.php\/wp-json\/wp\/v2\/product_brand?post=784394"},{"taxonomy":"product_cat","embeddable":true,"href":"https:\/\/roveyayinevi.com.tr\/index.php\/wp-json\/wp\/v2\/product_cat?post=784394"},{"taxonomy":"product_tag","embeddable":true,"href":"https:\/\/roveyayinevi.com.tr\/index.php\/wp-json\/wp\/v2\/product_tag?post=784394"}],"curies":[{"name":"wp","href":"https:\/\/api.w.org\/{rel}","templated":true}]}}