{"id":784366,"date":"2026-03-07T03:01:19","date_gmt":"2026-03-07T00:01:19","guid":{"rendered":"https:\/\/roveyayinevi.com.tr\/index.php\/urun\/ideolojik-tarih-okumalari\/"},"modified":"2026-04-16T02:38:27","modified_gmt":"2026-04-15T23:38:27","slug":"ideolojik-tarih-okumalari","status":"publish","type":"product","link":"https:\/\/roveyayinevi.com.tr\/index.php\/urun\/ideolojik-tarih-okumalari\/","title":{"rendered":"\u0130deolojik Tarih Okumalar\u0131"},"content":{"rendered":"<p>\u0130deolojik tarih; bir tarih\u00e7inin, sahiplendi\u011fi fikirleri\/e\u011filimleri bilin\u00e7li bir \u015fekilde tarihe dayatmas\u0131, bir ba\u015fka ifadeyle tarih\u00ee verileri bu d\u00fc\u015f\u00fcnce \u0131\u015f\u0131\u011f\u0131nda yeniden harmanlamas\u0131, yani -ger\u00e7ekte- olmayan bir tarih in\u015fa etmesidir. Gerek resm\u00ee tarih tezlerinde gerekse belli d\u00fc\u015f\u00fcnce mensuplar\u0131n\u0131n eserlerinde bunun pek \u00e7ok \u00f6rne\u011fi mevcuttur. Gelene\u011fimizde tarihi ideolojik olarak okuyan pek \u00e7ok yazar bulunmaktad\u0131r. Bu yazarlar\u0131n e\u011filimleri veya fikirleri bilindi\u011fi takdirde bu bize, kaynaklar\u0131n sundu\u011fu veriler kar\u015f\u0131s\u0131nda hareket kabiliyeti sa\u011flayaca\u011f\u0131 gibi, d\u00fcn\u00fcn portresini \u00e7izerken asl\u0131na en yak\u0131n \u00e7izimin ortaya \u00e7\u0131kmas\u0131na da katk\u0131 sa\u011flayacakt\u0131r.<\/p>\n","protected":false},"excerpt":{"rendered":"<p>\u0130deolojik tarih; bir tarih\u00e7inin, sahiplendi\u011fi fikirleri\/e\u011filimleri bilin\u00e7li bir \u015fekilde tarihe dayatmas\u0131, bir ba\u015fka ifadeyle tarih\u00ee verileri bu d\u00fc\u015f\u00fcnce \u0131\u015f\u0131\u011f\u0131nda yeniden harmanlamas\u0131, yani -ger\u00e7ekte- olmayan bir tarih<span class=\"excerpt-hellip\"> [\u2026]<\/span><\/p>\n","protected":false},"featured_media":0,"template":"","meta":{"_monsterinsights_skip_tracking":false,"_monsterinsights_sitenote_active":false,"_monsterinsights_sitenote_note":"","_monsterinsights_sitenote_category":0},"product_brand":[],"product_cat":[16789,12718,12719],"product_tag":[],"class_list":{"0":"post-784366","1":"product","2":"type-product","3":"status-publish","5":"product_cat-diger-islam","6":"product_cat-din","7":"product_cat-islam","8":"pa_cilt-ciltsiz","9":"pa_tur-kitap","10":"pa_yayinevi-otto-yayinlari","11":"pa_yazar-irfan-aycan-m-mahfuz-soylemez","13":"first","14":"instock","15":"sale","16":"shipping-taxable","17":"purchasable","18":"product-type-simple"},"_links":{"self":[{"href":"https:\/\/roveyayinevi.com.tr\/index.php\/wp-json\/wp\/v2\/product\/784366","targetHints":{"allow":["GET"]}}],"collection":[{"href":"https:\/\/roveyayinevi.com.tr\/index.php\/wp-json\/wp\/v2\/product"}],"about":[{"href":"https:\/\/roveyayinevi.com.tr\/index.php\/wp-json\/wp\/v2\/types\/product"}],"wp:attachment":[{"href":"https:\/\/roveyayinevi.com.tr\/index.php\/wp-json\/wp\/v2\/media?parent=784366"}],"wp:term":[{"taxonomy":"product_brand","embeddable":true,"href":"https:\/\/roveyayinevi.com.tr\/index.php\/wp-json\/wp\/v2\/product_brand?post=784366"},{"taxonomy":"product_cat","embeddable":true,"href":"https:\/\/roveyayinevi.com.tr\/index.php\/wp-json\/wp\/v2\/product_cat?post=784366"},{"taxonomy":"product_tag","embeddable":true,"href":"https:\/\/roveyayinevi.com.tr\/index.php\/wp-json\/wp\/v2\/product_tag?post=784366"}],"curies":[{"name":"wp","href":"https:\/\/api.w.org\/{rel}","templated":true}]}}