{"id":784365,"date":"2026-03-07T02:55:24","date_gmt":"2026-03-06T23:55:24","guid":{"rendered":"https:\/\/roveyayinevi.com.tr\/index.php\/urun\/saltanata-giden-yolda-muaviye-b-ebi-sufyan-ciltli\/"},"modified":"2026-04-16T02:34:07","modified_gmt":"2026-04-15T23:34:07","slug":"saltanata-giden-yolda-muaviye-b-ebi-sufyan-ciltli","status":"publish","type":"product","link":"https:\/\/roveyayinevi.com.tr\/index.php\/urun\/saltanata-giden-yolda-muaviye-b-ebi-sufyan-ciltli\/","title":{"rendered":"Saltanata Giden Yolda Mu&#8217;aviye B. Ebi Sufyan ( Ciltli )"},"content":{"rendered":"<p>Mu\u2019\u00e2viye, ya\u015fad\u0131\u011f\u0131 d\u00f6nem \u00fczerinden y\u00fczy\u0131llar ge\u00e7mesine ra\u011fmen h\u00e2l\u00e2 tart\u0131\u015f\u0131lan isimlerin ba\u015f\u0131nda gelmektedir. Bir kesimin yerdi\u011fi ba\u015fka bir kesimin ise y\u00fcceltti\u011fi bir \u015fahsiyet olan Mu\u2019\u00e2viye, \u0130slam tarihinde i\u00e7eride ve d\u0131\u015far\u0131da uygulad\u0131\u011f\u0131 politikalarla lehinde ve aleyhinde pek \u00e7ok ele\u015ftirinin hedefi olmu\u015ftur.Kurey\u015f\u2019in \u00f6nemli simalar\u0131ndan Eb\u00fb Sufyan\u2019\u0131n o\u011flu ve Emevi Devleti\u2019nin kurucusu olan Mu\u2019aviye ile ilgili bu bilgilerden daha \u00f6teye gitmek isteyenler i\u00e7in objektif bir kaynak \u00f6zelli\u011fi ta\u015f\u0131yan bu eser, \u0130slam d\u00fcnyas\u0131nda mezheplerin ortaya \u00e7\u0131k\u0131\u015f\u0131na ortam haz\u0131rlayan d\u00f6nemi, meydana gelen olaylar ve siyasi ba\u015fkala\u015f\u0131m ba\u011flam\u0131nda de\u011ferlendirip yak\u0131ndan tan\u0131mak isteyenlere yol g\u00f6sterecektir.<\/p>\n","protected":false},"excerpt":{"rendered":"<p>Mu\u2019\u00e2viye, ya\u015fad\u0131\u011f\u0131 d\u00f6nem \u00fczerinden y\u00fczy\u0131llar ge\u00e7mesine ra\u011fmen h\u00e2l\u00e2 tart\u0131\u015f\u0131lan isimlerin ba\u015f\u0131nda gelmektedir. Bir kesimin yerdi\u011fi ba\u015fka bir kesimin ise y\u00fcceltti\u011fi bir \u015fahsiyet olan Mu\u2019\u00e2viye, \u0130slam tarihinde<span class=\"excerpt-hellip\"> [\u2026]<\/span><\/p>\n","protected":false},"featured_media":0,"template":"","meta":{"_monsterinsights_skip_tracking":false,"_monsterinsights_sitenote_active":false,"_monsterinsights_sitenote_note":"","_monsterinsights_sitenote_category":0},"product_brand":[],"product_cat":[13036,12718,12719],"product_tag":[],"class_list":{"0":"post-784365","1":"product","2":"type-product","3":"status-publish","5":"product_cat-arastirma-inceleme-islam","6":"product_cat-din","7":"product_cat-islam","8":"pa_cilt-ciltli","9":"pa_tur-kitap","10":"pa_yayinevi-otto-yayinlari","11":"pa_yazar-irfan-aycan","13":"first","14":"instock","15":"sale","16":"shipping-taxable","17":"purchasable","18":"product-type-simple"},"_links":{"self":[{"href":"https:\/\/roveyayinevi.com.tr\/index.php\/wp-json\/wp\/v2\/product\/784365","targetHints":{"allow":["GET"]}}],"collection":[{"href":"https:\/\/roveyayinevi.com.tr\/index.php\/wp-json\/wp\/v2\/product"}],"about":[{"href":"https:\/\/roveyayinevi.com.tr\/index.php\/wp-json\/wp\/v2\/types\/product"}],"wp:attachment":[{"href":"https:\/\/roveyayinevi.com.tr\/index.php\/wp-json\/wp\/v2\/media?parent=784365"}],"wp:term":[{"taxonomy":"product_brand","embeddable":true,"href":"https:\/\/roveyayinevi.com.tr\/index.php\/wp-json\/wp\/v2\/product_brand?post=784365"},{"taxonomy":"product_cat","embeddable":true,"href":"https:\/\/roveyayinevi.com.tr\/index.php\/wp-json\/wp\/v2\/product_cat?post=784365"},{"taxonomy":"product_tag","embeddable":true,"href":"https:\/\/roveyayinevi.com.tr\/index.php\/wp-json\/wp\/v2\/product_tag?post=784365"}],"curies":[{"name":"wp","href":"https:\/\/api.w.org\/{rel}","templated":true}]}}