{"id":784364,"date":"2026-03-07T02:51:31","date_gmt":"2026-03-06T23:51:31","guid":{"rendered":"https:\/\/roveyayinevi.com.tr\/index.php\/urun\/buyuk-suriye-isyani\/"},"modified":"2026-03-07T02:51:31","modified_gmt":"2026-03-06T23:51:31","slug":"buyuk-suriye-isyani","status":"publish","type":"product","link":"https:\/\/roveyayinevi.com.tr\/index.php\/urun\/buyuk-suriye-isyani\/","title":{"rendered":"B\u00fcy\u00fck Suriye \u0130syan\u0131"},"content":{"rendered":"<p>\u201cB\u00fcy\u00fck Suriye \u0130syan\u0131\u201d \u00e7arp\u0131c\u0131 bir ayaklanma zaferleriyle ba\u015flad\u0131; fakat y\u0131k\u0131lm\u0131\u015f k\u0131rsal b\u00f6lgelerde mahalle mahalle, k\u00f6y k\u00f6y ac\u0131mas\u0131z h\u00fck\u00fcmet kontrol\u00fcn\u00fcn yeniden ortaya \u00e7\u0131kmas\u0131yla son buldu. H\u00fck\u00fcmet mahkemelerince g\u0131yaben adland\u0131r\u0131lan ve hakk\u0131nda h\u00fck\u00fcm verilen y\u00fczlerce isyanc\u0131 s\u00fcrg\u00fcne ka\u00e7t\u0131. Ger\u00e7ekten ad\u0131 san\u0131 bilinmeyen isyanc\u0131 kitleler y\u0131k\u0131lm\u0131\u015f k\u00f6ylerine ve merkez mahallelerine geri d\u00f6nd\u00fcler. Nesib el-Bekri d\u0131\u015f\u0131ndaki \u015eaml\u0131 hi\u00e7bir isyan liderinin Suriye mandas\u0131na d\u00f6nmesine y\u0131llarca izin verilmedi.\u015eam\u2019\u0131n geleneksel y\u00f6netici s\u0131n\u0131flar\u0131n\u0131n \u00e7o\u011fu ayaklanmay\u0131 hi\u00e7 desteklememi\u015flerdi ve ayaklanman\u0131n askeri liderli\u011finin etkili bi\u00e7imde tasfiye edilmesiyle, geleneksel elitler Suriye\u2019nin a\u00e7\u0131k ve o an kar\u015f\u0131 konmaz y\u00f6neticileri olan Frans\u0131z h\u00fck\u00fcmeti ile bir \u00e7al\u0131\u015fma d\u00fczeni uydurmakta \u00f6zg\u00fcrlerdi. \u015eam\u2019\u0131n \u00f6nde gelen se\u00e7kin aileleri, \u0131l\u0131ml\u0131 milliyet\u00e7i siyaset\u00e7ilerin imparatorluk g\u00fcc\u00fcn\u00fcn himayesinde ve i\u015f birli\u011finde y\u00f6netilmesini sa\u011flarken, siyaset eski modelin yeni bir \u00e7e\u015fidine d\u00f6n\u00fc\u015ft\u00fc. Ayaklanma manda g\u00fcc\u00fcn\u00fcn Suriyeli kent elitlerine ihtiyac\u0131 oldu\u011funu g\u00f6sterdi.<\/p>\n","protected":false},"excerpt":{"rendered":"<p>\u201cB\u00fcy\u00fck Suriye \u0130syan\u0131\u201d \u00e7arp\u0131c\u0131 bir ayaklanma zaferleriyle ba\u015flad\u0131; fakat y\u0131k\u0131lm\u0131\u015f k\u0131rsal b\u00f6lgelerde mahalle mahalle, k\u00f6y k\u00f6y ac\u0131mas\u0131z h\u00fck\u00fcmet kontrol\u00fcn\u00fcn yeniden ortaya \u00e7\u0131kmas\u0131yla son buldu. H\u00fck\u00fcmet mahkemelerince<span class=\"excerpt-hellip\"> [\u2026]<\/span><\/p>\n","protected":false},"featured_media":0,"template":"","meta":{"_monsterinsights_skip_tracking":false,"_monsterinsights_sitenote_active":false,"_monsterinsights_sitenote_note":"","_monsterinsights_sitenote_category":0},"product_brand":[],"product_cat":[12370,12304],"product_tag":[],"class_list":{"0":"post-784364","1":"product","2":"type-product","3":"status-publish","5":"product_cat-arastirma-inceleme","6":"product_cat-tarih","7":"pa_cilt-ciltsiz","8":"pa_tur-kitap","9":"pa_yayinevi-pinar-yayinlari","10":"pa_yazar-michael-provence","12":"first","13":"instock","14":"sale","15":"shipping-taxable","16":"purchasable","17":"product-type-simple"},"_links":{"self":[{"href":"https:\/\/roveyayinevi.com.tr\/index.php\/wp-json\/wp\/v2\/product\/784364","targetHints":{"allow":["GET"]}}],"collection":[{"href":"https:\/\/roveyayinevi.com.tr\/index.php\/wp-json\/wp\/v2\/product"}],"about":[{"href":"https:\/\/roveyayinevi.com.tr\/index.php\/wp-json\/wp\/v2\/types\/product"}],"wp:attachment":[{"href":"https:\/\/roveyayinevi.com.tr\/index.php\/wp-json\/wp\/v2\/media?parent=784364"}],"wp:term":[{"taxonomy":"product_brand","embeddable":true,"href":"https:\/\/roveyayinevi.com.tr\/index.php\/wp-json\/wp\/v2\/product_brand?post=784364"},{"taxonomy":"product_cat","embeddable":true,"href":"https:\/\/roveyayinevi.com.tr\/index.php\/wp-json\/wp\/v2\/product_cat?post=784364"},{"taxonomy":"product_tag","embeddable":true,"href":"https:\/\/roveyayinevi.com.tr\/index.php\/wp-json\/wp\/v2\/product_tag?post=784364"}],"curies":[{"name":"wp","href":"https:\/\/api.w.org\/{rel}","templated":true}]}}