{"id":784362,"date":"2026-03-07T02:46:25","date_gmt":"2026-03-06T23:46:25","guid":{"rendered":"https:\/\/roveyayinevi.com.tr\/index.php\/urun\/sevdiklerimiz-tiksindiklerimiz-yediklerimiz\/"},"modified":"2026-04-16T02:28:46","modified_gmt":"2026-04-15T23:28:46","slug":"sevdiklerimiz-tiksindiklerimiz-yediklerimiz","status":"publish","type":"product","link":"https:\/\/roveyayinevi.com.tr\/index.php\/urun\/sevdiklerimiz-tiksindiklerimiz-yediklerimiz\/","title":{"rendered":"Sevdiklerimiz Tiksindiklerimiz Yediklerimiz"},"content":{"rendered":"<p>Nazilerin \u201cgarip\u201d bir ahlak anlay\u0131\u015f\u0131 vard\u0131. Bir yandan d\u00fcnyan\u0131n en kapsaml\u0131 hayvan koruma kanunlar\u0131n\u0131 y\u00fcr\u00fcrl\u00fc\u011fe koyarken, di\u011fer yandan on binlerce insan\u0131 toplama kamplar\u0131na s\u00fcr\u00fcyorlard\u0131. Berlin restoranlar\u0131nda servis edilen \u0131stakozlar\u0131n \u00e7ekti\u011fi ac\u0131lar, Auschwitz-Birkenau\u2019da ya\u015fananlardan \u00e7ok daha fazla ilgilendiriyordu Nazi \u00f6nderlerini. \u00d6yle ki, Alman Hava Kuvvetleri Komutan\u0131 Hermann G\u00f6ring, hayvanlara k\u00f6t\u00fc davrananlar\u0131 toplama kamplar\u0131na g\u00f6ndermekle tehdit etmekten bile geri durmayacakt\u0131. Hayvanlar\u0131n bilimsel ara\u015ft\u0131rmalar u\u011fruna \u00f6ld\u00fcr\u00fclmesine itiraz eden, avc\u0131l\u0131\u011f\u0131 ve at yar\u0131\u015flar\u0131n\u0131 ele\u015ftiren Hitler, bir vejetaryendi. Ama \u00e7a\u011f\u0131m\u0131z\u0131n hayvan aktivistleri onu bir yolda\u015f olarak d\u00fc\u015f\u00fcnmekten hi\u00e7 haz etmiyorlar elbette.Hayvanlara yakla\u015f\u0131m s\u00f6z konusuyken, ortada Nazilerinki kadar bariz bir paradoks bulunmasa da, asl\u0131nda hepimiz \u00e7eli\u015fkilerle dolu bir anlay\u0131\u015f benimsiyoruz. Baz\u0131 hayvanlara kalbimizi a\u00e7arken, di\u011ferlerini mideye indiriyor, \u00f6tekileri g\u00f6r\u00fcr g\u00f6rmez \u00fcrperiyor, insan hayat\u0131n\u0131n de\u011feriyle hayvan hayat\u0131n\u0131nkini kar\u015f\u0131la\u015ft\u0131r\u0131rken tutars\u0131z bir mant\u0131k benimsiyoruz. \u0130nsanlar ile hayvanlar aras\u0131ndaki ahlaken sorunlu etkile\u015fimleri inceleyen antrozoolog Hal Herzog\u2019un ula\u015ft\u0131\u011f\u0131 sonu\u00e7lar\u0131 okuduktan sonra hayvanlarla ili\u015fkilerinizi g\u00f6zden ge\u00e7irmek zorunda kalacaks\u0131n\u0131z.<\/p>\n","protected":false},"excerpt":{"rendered":"<p>Nazilerin \u201cgarip\u201d bir ahlak anlay\u0131\u015f\u0131 vard\u0131. Bir yandan d\u00fcnyan\u0131n en kapsaml\u0131 hayvan koruma kanunlar\u0131n\u0131 y\u00fcr\u00fcrl\u00fc\u011fe koyarken, di\u011fer yandan on binlerce insan\u0131 toplama kamplar\u0131na s\u00fcr\u00fcyorlard\u0131. Berlin restoranlar\u0131nda<span class=\"excerpt-hellip\"> [\u2026]<\/span><\/p>\n","protected":false},"featured_media":0,"template":"","meta":{"_monsterinsights_skip_tracking":false,"_monsterinsights_sitenote_active":false,"_monsterinsights_sitenote_note":"","_monsterinsights_sitenote_category":0},"product_brand":[],"product_cat":[12358,12357],"product_tag":[],"class_list":{"0":"post-784362","1":"product","2":"type-product","3":"status-publish","5":"product_cat-genel-psikoloji","6":"product_cat-psikoloji","7":"pa_cilt-ciltsiz","8":"pa_tur-kitap","9":"pa_yayinevi-yapi-kredi-yayinlari","10":"pa_yazar-hal-herzog","12":"first","13":"instock","14":"sale","15":"shipping-taxable","16":"purchasable","17":"product-type-simple"},"_links":{"self":[{"href":"https:\/\/roveyayinevi.com.tr\/index.php\/wp-json\/wp\/v2\/product\/784362","targetHints":{"allow":["GET"]}}],"collection":[{"href":"https:\/\/roveyayinevi.com.tr\/index.php\/wp-json\/wp\/v2\/product"}],"about":[{"href":"https:\/\/roveyayinevi.com.tr\/index.php\/wp-json\/wp\/v2\/types\/product"}],"wp:attachment":[{"href":"https:\/\/roveyayinevi.com.tr\/index.php\/wp-json\/wp\/v2\/media?parent=784362"}],"wp:term":[{"taxonomy":"product_brand","embeddable":true,"href":"https:\/\/roveyayinevi.com.tr\/index.php\/wp-json\/wp\/v2\/product_brand?post=784362"},{"taxonomy":"product_cat","embeddable":true,"href":"https:\/\/roveyayinevi.com.tr\/index.php\/wp-json\/wp\/v2\/product_cat?post=784362"},{"taxonomy":"product_tag","embeddable":true,"href":"https:\/\/roveyayinevi.com.tr\/index.php\/wp-json\/wp\/v2\/product_tag?post=784362"}],"curies":[{"name":"wp","href":"https:\/\/api.w.org\/{rel}","templated":true}]}}