{"id":784361,"date":"2026-03-07T02:42:20","date_gmt":"2026-03-06T23:42:20","guid":{"rendered":"https:\/\/roveyayinevi.com.tr\/index.php\/urun\/isid-tarihi\/"},"modified":"2026-03-07T02:42:20","modified_gmt":"2026-03-06T23:42:20","slug":"isid-tarihi","status":"publish","type":"product","link":"https:\/\/roveyayinevi.com.tr\/index.php\/urun\/isid-tarihi\/","title":{"rendered":"I\u015e\u0130D Tarihi"},"content":{"rendered":"<p>I\u015e\u0130D, vah\u015feti, y\u0131k\u0131c\u0131l\u0131\u011f\u0131, askeri alanda ve kalabal\u0131klar\u0131 harekete ge\u00e7irmekteki ba\u015far\u0131s\u0131yla d\u00fcnyay\u0131 sarst\u0131. I\u015e\u0130D\u2019in y\u00fckseli\u015fini nas\u0131l a\u00e7\u0131klayabiliriz? Ve bu Ortado\u011fu\u2019nun gelece\u011finde neye i\u015faret ediyor. Kitapta siyasal islam ve cihat\u00e7\u0131l\u0131k konular\u0131n\u0131n en \u00f6nemli otoriterinden birisi bu sorulara yeni bir \u0131\u015f\u0131k tutuyor, I\u015e\u0130D\u2019in do\u011fu\u015funun ve b\u00fcy\u00fcmesinin \u00f6zg\u00fcn hikayesini sunuyor. Fawaz A. Gerges, gazetecili\u011fin \u00f6tesine ge\u00e7erek I\u015e\u0130D\u2019i besleyen derinlerdeki \u015fartlar\u0131n berrak, etkili \u00e7\u00f6z\u00fcmlemesini yap\u0131yor.Kitap, 2003\u2019te Irak\u2019\u0131n Amerikan i\u015fgali ard\u0131ndan girdi\u011fi kaosta I\u015e\u0130D\u2019in nas\u0131l meydana \u00e7\u0131kt\u0131\u011f\u0131n\u0131, Suriye\u2019deki sava\u015fla ve Arap Bahar\u0131\u2019n\u0131n bast\u0131r\u0131lmas\u0131yla nas\u0131l g\u00fc\u00e7lendi\u011fini ve I\u015e\u0130D\u2019in, El Kaide\u2019nin elinden cihat\u00e7\u0131 hareketin liderli\u011fini nas\u0131l ald\u0131\u011f\u0131n\u0131 anlat\u0131yor. Militan Sunni uyan\u0131\u015f\u0131yla I\u015e\u0130D, halifeli\u011fi kurmak, \u201c\u0130slami Topraklar\u201ddaki \u015eiilerden ve di\u011fer az\u0131nl\u0131klardan kurtulmak amac\u0131yla farkl\u0131 bir yol izledi. El Kaidenin aksine I\u015e\u0130D \u00f6ncelikle \u201cyak\u0131n d\u00fc\u015fman\u201da \u015eiilere, Irak ve Suriye rejimlerine, sek\u00fcler, Ortado\u011fu\u2019daki Bat\u0131 yanl\u0131s\u0131 devletlere odakland\u0131. Ama sonra taktik ge\u00e7i\u015fiyle Avrupa\u2019da ve Ortado\u011fu d\u0131\u015f\u0131ndaki pek \u00e7ok \u00e7arp\u0131c\u0131 sald\u0131r\u0131n\u0131n sorumlulu\u011funu almaya ba\u015flad\u0131. \u201cUzak d\u00fc\u015fman\u201d\u0131 daha \u00e7ok hedef almakla ilgilendi\u011fini g\u00f6sterdi. Sonucunda, kitap on y\u0131llar boyu diktat\u00f6rl\u00fcklerin, a\u00e7l\u0131\u011f\u0131n, yabanc\u0131 m\u00fcdahale ile k\u00f6r\u00fcklenmi\u015f y\u00fckselen mezhep\u00e7ili\u011fin I\u015e\u0130D\u2019in do\u011fu\u015funun \u00f6n\u00fcn\u00fc nas\u0131l a\u00e7t\u0131\u011f\u0131n\u0131 g\u00f6steriyor. Ve yaln\u0131zca bu problemlere y\u00f6nelerek I\u015e\u0130D\u2019in sona ermesinin sa\u011flanabilece\u011fini g\u00f6steriyor.Alan\u0131n\u0131n \u00f6nde gelen otoritelerinden Gerges, uzmanlar ve genel okuyucu i\u00e7in g\u00fcn\u00fcm\u00fcz\u00fcn temel \u00e7at\u0131\u015fmalar\u0131ndan birini ayd\u0131latan bir okuma sunuyor.<\/p>\n","protected":false},"excerpt":{"rendered":"<p>I\u015e\u0130D, vah\u015feti, y\u0131k\u0131c\u0131l\u0131\u011f\u0131, askeri alanda ve kalabal\u0131klar\u0131 harekete ge\u00e7irmekteki ba\u015far\u0131s\u0131yla d\u00fcnyay\u0131 sarst\u0131. I\u015e\u0130D\u2019in y\u00fckseli\u015fini nas\u0131l a\u00e7\u0131klayabiliriz? Ve bu Ortado\u011fu\u2019nun gelece\u011finde neye i\u015faret ediyor. Kitapta siyasal islam<span class=\"excerpt-hellip\"> [\u2026]<\/span><\/p>\n","protected":false},"featured_media":0,"template":"","meta":{"_monsterinsights_skip_tracking":false,"_monsterinsights_sitenote_active":false,"_monsterinsights_sitenote_note":"","_monsterinsights_sitenote_category":0},"product_brand":[],"product_cat":[16058,12337],"product_tag":[],"class_list":{"0":"post-784361","1":"product","2":"type-product","3":"status-publish","5":"product_cat-kurumlar-orgutler","6":"product_cat-politika-siyaset","7":"pa_cilt-ciltsiz","8":"pa_tur-kitap","9":"pa_yayinevi-doruk-yayinlari","10":"pa_yazar-fawaz-a-gerges","12":"first","13":"instock","14":"sale","15":"shipping-taxable","16":"purchasable","17":"product-type-simple"},"_links":{"self":[{"href":"https:\/\/roveyayinevi.com.tr\/index.php\/wp-json\/wp\/v2\/product\/784361","targetHints":{"allow":["GET"]}}],"collection":[{"href":"https:\/\/roveyayinevi.com.tr\/index.php\/wp-json\/wp\/v2\/product"}],"about":[{"href":"https:\/\/roveyayinevi.com.tr\/index.php\/wp-json\/wp\/v2\/types\/product"}],"wp:attachment":[{"href":"https:\/\/roveyayinevi.com.tr\/index.php\/wp-json\/wp\/v2\/media?parent=784361"}],"wp:term":[{"taxonomy":"product_brand","embeddable":true,"href":"https:\/\/roveyayinevi.com.tr\/index.php\/wp-json\/wp\/v2\/product_brand?post=784361"},{"taxonomy":"product_cat","embeddable":true,"href":"https:\/\/roveyayinevi.com.tr\/index.php\/wp-json\/wp\/v2\/product_cat?post=784361"},{"taxonomy":"product_tag","embeddable":true,"href":"https:\/\/roveyayinevi.com.tr\/index.php\/wp-json\/wp\/v2\/product_tag?post=784361"}],"curies":[{"name":"wp","href":"https:\/\/api.w.org\/{rel}","templated":true}]}}