{"id":784359,"date":"2026-03-07T02:36:25","date_gmt":"2026-03-06T23:36:25","guid":{"rendered":"https:\/\/roveyayinevi.com.tr\/index.php\/urun\/17-yuzyilda-tersane-i-amire\/"},"modified":"2026-03-07T02:36:25","modified_gmt":"2026-03-06T23:36:25","slug":"17-yuzyilda-tersane-i-amire","status":"publish","type":"product","link":"https:\/\/roveyayinevi.com.tr\/index.php\/urun\/17-yuzyilda-tersane-i-amire\/","title":{"rendered":"17. Y\u00fczy\u0131lda Tersane-i Amire"},"content":{"rendered":"<p>16. y\u00fczy\u0131l\u0131n ba\u015flar\u0131ndan itibaren denizlerde \u00f6nemli bir g\u00fc\u00e7 haline gelen Osmanl\u0131 Devleti\u2019nin merkezi tersanesi ve deniz \u00fcss\u00fc \u0130stanbul\u2019daki Ters\u00e2ne-i \u00c2mire idi. Gemi in\u015fa g\u00f6zleri, mahzenleri, k\u00e2rhaneleri, zindan ve idari binalar\u0131 ile bu kurum, Akdeniz \u00fclkelerindeki tersanelerin en b\u00fcy\u00fcklerinden biriydi ve 16. ve 17. y\u00fczy\u0131llardaki tek rakibi Venedik tersanesi ile benzerlik arz ediyordu. Ters\u00e2ne-i \u00c2mire\u2019nin tarih\u00e7esi, binalar\u0131, idari kadrosu, personeli ve sanatk\u00e2rlar\u0131, Tersane\u2019deki gemi in\u015fa faaliyetleri ve bunun i\u00e7in gerekli malzemenin temini, Tersane\u2019de in\u015fa edilen gemi say\u0131s\u0131 ve \u00e7e\u015fitleri, gemilerdeki m\u00fcrettebat ve k\u00fcrek\u00e7ilerin temini, Ters\u00e2ne-i \u00c2mire\u2019ye ba\u011fl\u0131 di\u011fer tersane ve gemi in\u015fa tezg\u00e2hlar\u0131 kitapta ele al\u0131nan ba\u015fl\u0131klar aras\u0131nda yer al\u0131yor. Kitap, Osmanl\u0131 denizcilik faaliyetleri konusunda en temel verileri bar\u0131nd\u0131ran ar\u015fiv belgelerine dayan\u0131yor. Tersane m\u00fchimmat\u0131n\u0131n temin edildi\u011fi yerleri g\u00f6steren harita, se\u00e7me belgeler, g\u00f6rseller ve Denizcilik L\u00fcgati ile zenginle\u015ftirilen eser, alan\u0131n\u0131n en \u00f6nemli eseri olma \u00f6zelli\u011fini koruyor.  <\/p>\n","protected":false},"excerpt":{"rendered":"<p>16. y\u00fczy\u0131l\u0131n ba\u015flar\u0131ndan itibaren denizlerde \u00f6nemli bir g\u00fc\u00e7 haline gelen Osmanl\u0131 Devleti\u2019nin merkezi tersanesi ve deniz \u00fcss\u00fc \u0130stanbul\u2019daki Ters\u00e2ne-i \u00c2mire idi. Gemi in\u015fa g\u00f6zleri, mahzenleri, k\u00e2rhaneleri,<span class=\"excerpt-hellip\"> [\u2026]<\/span><\/p>\n","protected":false},"featured_media":0,"template":"","meta":{"_monsterinsights_skip_tracking":false,"_monsterinsights_sitenote_active":false,"_monsterinsights_sitenote_note":"","_monsterinsights_sitenote_category":0},"product_brand":[],"product_cat":[13517,12304],"product_tag":[],"class_list":{"0":"post-784359","1":"product","2":"type-product","3":"status-publish","5":"product_cat-osmanli-tarihi","6":"product_cat-tarih","7":"pa_cilt-ciltsiz","8":"pa_tur-kitap","9":"pa_yayinevi-kure-yayinlari","10":"pa_yazar-idris-bostan","12":"first","13":"instock","14":"sale","15":"shipping-taxable","16":"purchasable","17":"product-type-simple"},"_links":{"self":[{"href":"https:\/\/roveyayinevi.com.tr\/index.php\/wp-json\/wp\/v2\/product\/784359","targetHints":{"allow":["GET"]}}],"collection":[{"href":"https:\/\/roveyayinevi.com.tr\/index.php\/wp-json\/wp\/v2\/product"}],"about":[{"href":"https:\/\/roveyayinevi.com.tr\/index.php\/wp-json\/wp\/v2\/types\/product"}],"wp:attachment":[{"href":"https:\/\/roveyayinevi.com.tr\/index.php\/wp-json\/wp\/v2\/media?parent=784359"}],"wp:term":[{"taxonomy":"product_brand","embeddable":true,"href":"https:\/\/roveyayinevi.com.tr\/index.php\/wp-json\/wp\/v2\/product_brand?post=784359"},{"taxonomy":"product_cat","embeddable":true,"href":"https:\/\/roveyayinevi.com.tr\/index.php\/wp-json\/wp\/v2\/product_cat?post=784359"},{"taxonomy":"product_tag","embeddable":true,"href":"https:\/\/roveyayinevi.com.tr\/index.php\/wp-json\/wp\/v2\/product_tag?post=784359"}],"curies":[{"name":"wp","href":"https:\/\/api.w.org\/{rel}","templated":true}]}}