{"id":784358,"date":"2026-03-07T02:31:28","date_gmt":"2026-03-06T23:31:28","guid":{"rendered":"https:\/\/roveyayinevi.com.tr\/index.php\/urun\/sufi-bir-ask-yolcusu\/"},"modified":"2026-04-16T02:20:38","modified_gmt":"2026-04-15T23:20:38","slug":"sufi-bir-ask-yolcusu","status":"publish","type":"product","link":"https:\/\/roveyayinevi.com.tr\/index.php\/urun\/sufi-bir-ask-yolcusu\/","title":{"rendered":"Sufi Bir A\u015fk Yolcusu"},"content":{"rendered":"<p>Hep okumu\u015f \u00e7ok anlatm\u0131\u015ft\u0131m. H\u00e2lbuki \u00e7ok ya\u015famak ve hissetmek gerekiyormu\u015f. \u015eimdi bunu \u00f6\u011frendim. Bilmek cehaleti gideriyor ancak gafletten kurtulmak marifetle oluyormu\u015f. Ahlak olmay\u0131nca ilim, bir hayal ve vehimden ba\u015fka bir \u015fey de\u011filmi\u015f. Hastal\u0131ktan kurtulman\u0131n yolu, gafletin fark\u0131na varmak, gafletten kurtulman\u0131n yolu ise marifete ermekmi\u015f. \u2026 Yollara d\u00fc\u015fen ve kendini bulmaya \u00e7al\u0131\u015fan bir kahraman\u0131n varolu\u015f hik\u00e2yesi&#8230; Gezdi\u011fi her \u015fehirde, att\u0131\u011f\u0131 her ad\u0131mda hikmeti arayan bir a\u015fk yolcusu&#8230; S\u00fbfi, yaln\u0131zl\u0131k duygusunu derinden hissedip sakin bir liman arayanlara e\u015fsiz bir s\u0131\u011f\u0131nak olacakt\u0131r. <\/p>\n","protected":false},"excerpt":{"rendered":"<p>Hep okumu\u015f \u00e7ok anlatm\u0131\u015ft\u0131m. H\u00e2lbuki \u00e7ok ya\u015famak ve hissetmek gerekiyormu\u015f. \u015eimdi bunu \u00f6\u011frendim. Bilmek cehaleti gideriyor ancak gafletten kurtulmak marifetle oluyormu\u015f. Ahlak olmay\u0131nca ilim, bir hayal<span class=\"excerpt-hellip\"> [\u2026]<\/span><\/p>\n","protected":false},"featured_media":0,"template":"","meta":{"_monsterinsights_skip_tracking":false,"_monsterinsights_sitenote_active":false,"_monsterinsights_sitenote_note":"","_monsterinsights_sitenote_category":0},"product_brand":[],"product_cat":[12718,12719,13025],"product_tag":[],"class_list":{"0":"post-784358","1":"product","2":"type-product","3":"status-publish","5":"product_cat-din","6":"product_cat-islam","7":"product_cat-islam-ve-gunumuz-islam-dusuncesi","8":"pa_cilt-ciltsiz","9":"pa_tur-kitap","10":"pa_yayinevi-otto-yayinlari","11":"pa_yazar-ibrahim-baz","13":"first","14":"instock","15":"sale","16":"shipping-taxable","17":"purchasable","18":"product-type-simple"},"_links":{"self":[{"href":"https:\/\/roveyayinevi.com.tr\/index.php\/wp-json\/wp\/v2\/product\/784358","targetHints":{"allow":["GET"]}}],"collection":[{"href":"https:\/\/roveyayinevi.com.tr\/index.php\/wp-json\/wp\/v2\/product"}],"about":[{"href":"https:\/\/roveyayinevi.com.tr\/index.php\/wp-json\/wp\/v2\/types\/product"}],"wp:attachment":[{"href":"https:\/\/roveyayinevi.com.tr\/index.php\/wp-json\/wp\/v2\/media?parent=784358"}],"wp:term":[{"taxonomy":"product_brand","embeddable":true,"href":"https:\/\/roveyayinevi.com.tr\/index.php\/wp-json\/wp\/v2\/product_brand?post=784358"},{"taxonomy":"product_cat","embeddable":true,"href":"https:\/\/roveyayinevi.com.tr\/index.php\/wp-json\/wp\/v2\/product_cat?post=784358"},{"taxonomy":"product_tag","embeddable":true,"href":"https:\/\/roveyayinevi.com.tr\/index.php\/wp-json\/wp\/v2\/product_tag?post=784358"}],"curies":[{"name":"wp","href":"https:\/\/api.w.org\/{rel}","templated":true}]}}