{"id":784357,"date":"2026-03-07T02:28:18","date_gmt":"2026-03-06T23:28:18","guid":{"rendered":"https:\/\/roveyayinevi.com.tr\/index.php\/urun\/cin-yeni-buyuk-guc-degisen-dunya-dengeleri\/"},"modified":"2026-03-07T02:28:18","modified_gmt":"2026-03-06T23:28:18","slug":"cin-yeni-buyuk-guc-degisen-dunya-dengeleri","status":"publish","type":"product","link":"https:\/\/roveyayinevi.com.tr\/index.php\/urun\/cin-yeni-buyuk-guc-degisen-dunya-dengeleri\/","title":{"rendered":"\u00c7in &#8211; Yeni B\u00fcy\u00fck G\u00fc\u00e7 De\u011fi\u015fen D\u00fcnya Dengeleri"},"content":{"rendered":"<p>\u00c7in ekonomisi 2015 y\u0131l\u0131na, \u00fclkeleraras\u0131 fiyat farkl\u0131l\u0131klar\u0131n\u0131 hesaba katarsak,ABD\u2019nin \u00f6n\u00fcnde d\u00fcnyan\u0131n en b\u00fcy\u00fck ekonomisi olarak girdi. 80\u2019li y\u0131llarda ekonomisi T\u00fcrkiye ile kar\u015f\u0131la\u015ft\u0131r\u0131labilir b\u00fcy\u00fckl\u00fckte olan \u00c7in, g\u00fcn\u00fcm\u00fczde d\u00fcnyan\u0131n en b\u00fcy\u00fck ihracat\u00e7\u0131s\u0131, ikinci b\u00fcy\u00fck ithalat\u00e7\u0131s\u0131 ve en b\u00fcy\u00fck d\u00f6viz rezervlerine sahip \u00fclkesi konumunda bulunuyor. \u00c7in, d\u00fcnyan\u0131n en b\u00fcy\u00fck araba \u00fcreticisi ve pazar\u0131, en b\u00fcy\u00fck televizyon \u00fcreticisi ve pazar\u0131, en b\u00fcy\u00fck demir-\u00e7elik \u00fcreticisi ve pazar\u0131, en \u00e7ok internet kullan\u0131c\u0131s\u0131 olan \u00fclkesi, en b\u00fcy\u00fck elektronik ticaret hacmine sahip \u00fclkesi&#8230; Hatta, fakir, tutumlu ve az ile yetinen insanlar\u0131n \u00fclkesi diye bildi\u011fimiz \u00c7in, d\u00fcnyan\u0131n en \u00e7ok l\u00fcks mal t\u00fcketilen \u00fclkesi konumunda bulunuyor. <\/p>\n","protected":false},"excerpt":{"rendered":"<p>\u00c7in ekonomisi 2015 y\u0131l\u0131na, \u00fclkeleraras\u0131 fiyat farkl\u0131l\u0131klar\u0131n\u0131 hesaba katarsak,ABD\u2019nin \u00f6n\u00fcnde d\u00fcnyan\u0131n en b\u00fcy\u00fck ekonomisi olarak girdi. 80\u2019li y\u0131llarda ekonomisi T\u00fcrkiye ile kar\u015f\u0131la\u015ft\u0131r\u0131labilir b\u00fcy\u00fckl\u00fckte olan \u00c7in, g\u00fcn\u00fcm\u00fczde<span class=\"excerpt-hellip\"> [\u2026]<\/span><\/p>\n","protected":false},"featured_media":0,"template":"","meta":{"_monsterinsights_skip_tracking":false,"_monsterinsights_sitenote_active":false,"_monsterinsights_sitenote_note":"","_monsterinsights_sitenote_category":0},"product_brand":[],"product_cat":[13590,12337],"product_tag":[],"class_list":{"0":"post-784357","1":"product","2":"type-product","3":"status-publish","5":"product_cat-arastirma-inceleme-politika-siyaset","6":"product_cat-politika-siyaset","7":"pa_cilt-ciltsiz","8":"pa_tur-kitap","9":"pa_yayinevi-is-bankasi-kultur-yayinlari","10":"pa_yazar-fatih-oktay","12":"first","13":"instock","14":"sale","15":"shipping-taxable","16":"purchasable","17":"product-type-simple"},"_links":{"self":[{"href":"https:\/\/roveyayinevi.com.tr\/index.php\/wp-json\/wp\/v2\/product\/784357","targetHints":{"allow":["GET"]}}],"collection":[{"href":"https:\/\/roveyayinevi.com.tr\/index.php\/wp-json\/wp\/v2\/product"}],"about":[{"href":"https:\/\/roveyayinevi.com.tr\/index.php\/wp-json\/wp\/v2\/types\/product"}],"wp:attachment":[{"href":"https:\/\/roveyayinevi.com.tr\/index.php\/wp-json\/wp\/v2\/media?parent=784357"}],"wp:term":[{"taxonomy":"product_brand","embeddable":true,"href":"https:\/\/roveyayinevi.com.tr\/index.php\/wp-json\/wp\/v2\/product_brand?post=784357"},{"taxonomy":"product_cat","embeddable":true,"href":"https:\/\/roveyayinevi.com.tr\/index.php\/wp-json\/wp\/v2\/product_cat?post=784357"},{"taxonomy":"product_tag","embeddable":true,"href":"https:\/\/roveyayinevi.com.tr\/index.php\/wp-json\/wp\/v2\/product_tag?post=784357"}],"curies":[{"name":"wp","href":"https:\/\/api.w.org\/{rel}","templated":true}]}}