{"id":784354,"date":"2026-03-07T02:04:07","date_gmt":"2026-03-06T23:04:07","guid":{"rendered":"https:\/\/roveyayinevi.com.tr\/index.php\/urun\/yeni-orta-asya-ya-da-uluslarin-imal-edilisi\/"},"modified":"2026-03-07T02:04:07","modified_gmt":"2026-03-06T23:04:07","slug":"yeni-orta-asya-ya-da-uluslarin-imal-edilisi","status":"publish","type":"product","link":"https:\/\/roveyayinevi.com.tr\/index.php\/urun\/yeni-orta-asya-ya-da-uluslarin-imal-edilisi\/","title":{"rendered":"Yeni Orta Asya ya da Uluslar\u0131n \u0130mal Edili\u015fi"},"content":{"rendered":"<p>Azerbaycan, T\u00fcrkmenistan, \u00d6zbekistan, K\u0131rg\u0131zistan ve Kazakistan: 1990\u2019larda ba\u011f\u0131ms\u0131zl\u0131k ilan ederek kurulan bu yeni ulus-devletlerin ger\u00e7e\u011fini nas\u0131l anlayabiliriz? Orta Asya\u2019da ne de\u011fi\u015fti? Neler de\u011fi\u015fmeden kald\u0131? Yak\u0131n bir gelecekte bu \u00fclkeleri, muz cumhuriyeti benzeri petrol cumhuriyetleri olarak m\u0131 g\u00f6rece\u011fiz? Bu yeni devletlerin hepsinin dil, toprak ve etnik n\u00fcfus yap\u0131s\u0131 anlam\u0131nda birer sovyet icad\u0131 olduklar\u0131 tarihsel ger\u00e7e\u011fi kavranmaks\u0131z\u0131n bug\u00fcn \u00e7izdikleri manzaran\u0131n anla\u015f\u0131lamayaca\u011f\u0131n\u0131 d\u00fc\u015f\u00fcn\u00fcyor Frans\u0131z ara\u015ft\u0131rmac\u0131 Olivier Roy. Uzun y\u0131llara ve b\u00f6lgede yapt\u0131\u011f\u0131 g\u00f6zlem ve ara\u015ft\u0131rmalara dayanan kitab\u0131nda, Orta Asya\u2019n\u0131n 20. y\u00fczy\u0131ldaki sosyal, k\u00fclt\u00fcrel ve siyasi tarihini, b\u00f6lgenin Rusya taraf\u0131ndan fethinden ba\u015flayarak katediyor. Rus \u0130mparatorlu\u011fundaki m\u00fcsl\u00fcman reformcu hareketleri, Bol\u015fevik Devrimi sonras\u0131nda b\u00f6lgenin sovyetle\u015ftirilmesini, SSCB\u2019nin milliyetler ve etnikle\u015ftirme politikas\u0131n\u0131 ve sovyet y\u00f6netimi alt\u0131nda eski dayan\u0131\u015fma gruplar\u0131n\u0131n yeniden bi\u00e7imlenmesini anlat\u0131yor; b\u00f6lgenin \u0130slam ve milliyet\u00e7ilik a\u00e7\u0131s\u0131ndan bug\u00fcn\u00fcn\u00fc ve ortaya \u00e7\u0131kan yeni jeostratejik ba\u011flamda yeni devletlerin Rusya, T\u00fcrkiye, \u0130ran ve ABD ile ili\u015fkilerini de\u011ferlendiriyor. Olivier Roy\u2019un anlatt\u0131\u011f\u0131 g\u00fcncel tarih, T\u00fcrkiye\u2019den Orta Asya\u2019daki bu uzak, yak\u0131n akrabalar\u0131m\u0131za bak\u0131\u015f\u0131m\u0131z\u0131n ne t\u00fcr \u00e7arp\u0131kl\u0131klar, bilgisizlik ve zay\u0131fl\u0131klar ta\u015f\u0131d\u0131\u011f\u0131n\u0131 \u00e7ok iyi sergileyecek okura&#8230; <\/p>\n","protected":false},"excerpt":{"rendered":"<p>Azerbaycan, T\u00fcrkmenistan, \u00d6zbekistan, K\u0131rg\u0131zistan ve Kazakistan: 1990\u2019larda ba\u011f\u0131ms\u0131zl\u0131k ilan ederek kurulan bu yeni ulus-devletlerin ger\u00e7e\u011fini nas\u0131l anlayabiliriz? Orta Asya\u2019da ne de\u011fi\u015fti? Neler de\u011fi\u015fmeden kald\u0131? Yak\u0131n bir<span class=\"excerpt-hellip\"> [\u2026]<\/span><\/p>\n","protected":false},"featured_media":0,"template":"","meta":{"_monsterinsights_skip_tracking":false,"_monsterinsights_sitenote_active":false,"_monsterinsights_sitenote_note":"","_monsterinsights_sitenote_category":0},"product_brand":[],"product_cat":[13596,12337],"product_tag":[],"class_list":{"0":"post-784354","1":"product","2":"type-product","3":"status-publish","5":"product_cat-avrupa-birligi","6":"product_cat-politika-siyaset","7":"pa_cilt-ciltsiz","8":"pa_tur-kitap","9":"pa_yayinevi-metis-yayinlari","10":"pa_yazar-olivier-roy","12":"first","13":"instock","14":"sale","15":"shipping-taxable","16":"purchasable","17":"product-type-simple"},"_links":{"self":[{"href":"https:\/\/roveyayinevi.com.tr\/index.php\/wp-json\/wp\/v2\/product\/784354","targetHints":{"allow":["GET"]}}],"collection":[{"href":"https:\/\/roveyayinevi.com.tr\/index.php\/wp-json\/wp\/v2\/product"}],"about":[{"href":"https:\/\/roveyayinevi.com.tr\/index.php\/wp-json\/wp\/v2\/types\/product"}],"wp:attachment":[{"href":"https:\/\/roveyayinevi.com.tr\/index.php\/wp-json\/wp\/v2\/media?parent=784354"}],"wp:term":[{"taxonomy":"product_brand","embeddable":true,"href":"https:\/\/roveyayinevi.com.tr\/index.php\/wp-json\/wp\/v2\/product_brand?post=784354"},{"taxonomy":"product_cat","embeddable":true,"href":"https:\/\/roveyayinevi.com.tr\/index.php\/wp-json\/wp\/v2\/product_cat?post=784354"},{"taxonomy":"product_tag","embeddable":true,"href":"https:\/\/roveyayinevi.com.tr\/index.php\/wp-json\/wp\/v2\/product_tag?post=784354"}],"curies":[{"name":"wp","href":"https:\/\/api.w.org\/{rel}","templated":true}]}}