{"id":784353,"date":"2026-03-07T02:03:36","date_gmt":"2026-03-06T23:03:36","guid":{"rendered":"https:\/\/roveyayinevi.com.tr\/index.php\/urun\/kuresellesen-islam\/"},"modified":"2026-03-07T02:03:36","modified_gmt":"2026-03-06T23:03:36","slug":"kuresellesen-islam","status":"publish","type":"product","link":"https:\/\/roveyayinevi.com.tr\/index.php\/urun\/kuresellesen-islam\/","title":{"rendered":"K\u00fcreselle\u015fen \u0130slam"},"content":{"rendered":"<p>K\u00fcreselle\u015fen \u0130slam, Siyasal \u0130slam\u2019\u0131n \u0130flas\u0131\u2019n\u0131n b\u0131rakt\u0131\u011f\u0131 yerden s\u00fcrd\u00fcr\u00fcyor \u0130slami hareketlerin ba\u015far\u0131s\u0131zl\u0131k \u00f6yk\u00fcs\u00fcn\u00fc: Roy yeni olan geli\u015fmenin \u0130slam\u2019\u0131n Bat\u0131\u2019ya giri\u015fi, Bat\u0131l\u0131la\u015fmas\u0131, di\u011fer bir deyi\u015fle k\u00fcreselle\u015fmesi oldu\u011funu \u00f6ne s\u00fcrerek, bu yeni ko\u015fullar\u0131n farkl\u0131 \u0130slami \u00e7evreleri nas\u0131l etkiledi\u011fini inceliyor. Paris banliy\u00f6lerindeki m\u00fcsl\u00fcman gen\u00e7lerden Afganistan\u2019\u0131n uzak k\u00f6\u015felerindeki kabilelere, Londra\u2019da yerle\u015fik cami imamlar\u0131ndan Taliban\u2019a ya da T\u00fcrkiye\u2019de REFAH ve sonras\u0131nda AKP gibi bir partiye kadar \u0130slamc\u0131 akt\u00f6rler konusunda geni\u015f bir uzmanl\u0131\u011fa sahip olan yazar\u0131n, \u0130slamc\u0131l\u0131\u011f\u0131n bireyselle\u015fmeye ve yeni bir etkinle\u015fmeye do\u011fru gitti\u011fini \u00f6ne s\u00fcrd\u00fc\u011f\u00fc bu kitab\u0131n\u0131n, elimize, d\u00fcnya \u00e7ap\u0131ndaki \u0130slam ile ilgili olgular\u0131 ger\u00e7ekten anlamam\u0131za olanak sa\u011flayan bir sosyoloji verdi\u011fini d\u00fc\u015f\u00fcn\u00fcyoruz. <\/p>\n","protected":false},"excerpt":{"rendered":"<p>K\u00fcreselle\u015fen \u0130slam, Siyasal \u0130slam\u2019\u0131n \u0130flas\u0131\u2019n\u0131n b\u0131rakt\u0131\u011f\u0131 yerden s\u00fcrd\u00fcr\u00fcyor \u0130slami hareketlerin ba\u015far\u0131s\u0131zl\u0131k \u00f6yk\u00fcs\u00fcn\u00fc: Roy yeni olan geli\u015fmenin \u0130slam\u2019\u0131n Bat\u0131\u2019ya giri\u015fi, Bat\u0131l\u0131la\u015fmas\u0131, di\u011fer bir deyi\u015fle k\u00fcreselle\u015fmesi oldu\u011funu \u00f6ne<span class=\"excerpt-hellip\"> [\u2026]<\/span><\/p>\n","protected":false},"featured_media":0,"template":"","meta":{"_monsterinsights_skip_tracking":false,"_monsterinsights_sitenote_active":false,"_monsterinsights_sitenote_note":"","_monsterinsights_sitenote_category":0},"product_brand":[],"product_cat":[13596,12337],"product_tag":[],"class_list":{"0":"post-784353","1":"product","2":"type-product","3":"status-publish","5":"product_cat-avrupa-birligi","6":"product_cat-politika-siyaset","7":"pa_cilt-ciltsiz","8":"pa_tur-kitap","9":"pa_yayinevi-metis-yayinlari","10":"pa_yazar-olivier-roy","12":"first","13":"instock","14":"sale","15":"shipping-taxable","16":"purchasable","17":"product-type-simple"},"_links":{"self":[{"href":"https:\/\/roveyayinevi.com.tr\/index.php\/wp-json\/wp\/v2\/product\/784353","targetHints":{"allow":["GET"]}}],"collection":[{"href":"https:\/\/roveyayinevi.com.tr\/index.php\/wp-json\/wp\/v2\/product"}],"about":[{"href":"https:\/\/roveyayinevi.com.tr\/index.php\/wp-json\/wp\/v2\/types\/product"}],"wp:attachment":[{"href":"https:\/\/roveyayinevi.com.tr\/index.php\/wp-json\/wp\/v2\/media?parent=784353"}],"wp:term":[{"taxonomy":"product_brand","embeddable":true,"href":"https:\/\/roveyayinevi.com.tr\/index.php\/wp-json\/wp\/v2\/product_brand?post=784353"},{"taxonomy":"product_cat","embeddable":true,"href":"https:\/\/roveyayinevi.com.tr\/index.php\/wp-json\/wp\/v2\/product_cat?post=784353"},{"taxonomy":"product_tag","embeddable":true,"href":"https:\/\/roveyayinevi.com.tr\/index.php\/wp-json\/wp\/v2\/product_tag?post=784353"}],"curies":[{"name":"wp","href":"https:\/\/api.w.org\/{rel}","templated":true}]}}